{"id":2170,"date":"2022-03-01T16:25:53","date_gmt":"2022-03-01T13:25:53","guid":{"rendered":"https:\/\/ankaraenyakinelektrikci.com\/?page_id=2170"},"modified":"2022-08-17T20:31:37","modified_gmt":"2022-08-17T17:31:37","slug":"kompanzasyon","status":"publish","type":"page","link":"https:\/\/ankaraenyakinelektrikci.com\/?page_id=2170","title":{"rendered":"Kompanzasyon, Kumanda Panolar\u0131"},"content":{"rendered":"\t\t<div data-elementor-type=\"wp-page\" data-elementor-id=\"2170\" class=\"elementor elementor-2170\">\n\t\t\t\t\t\t\t\t\t<section class=\"elementor-section elementor-top-section elementor-element elementor-element-27722c6 elementor-section-boxed elementor-section-height-default elementor-section-height-default\" data-id=\"27722c6\" data-element_type=\"section\">\n\t\t\t\t\t\t<div class=\"elementor-container elementor-column-gap-default\">\n\t\t\t\t\t<div class=\"elementor-column elementor-col-100 elementor-top-column elementor-element elementor-element-9250226\" data-id=\"9250226\" data-element_type=\"column\">\n\t\t\t<div class=\"elementor-widget-wrap elementor-element-populated\">\n\t\t\t\t\t\t\t\t<div class=\"elementor-element elementor-element-c548fd0 elementor-widget elementor-widget-heading\" data-id=\"c548fd0\" data-element_type=\"widget\" data-widget_type=\"heading.default\">\n\t\t\t\t<div class=\"elementor-widget-container\">\n\t\t\t<h4 class=\"elementor-heading-title elementor-size-default\">Kompanzasyon, Kumanda Panolar\u0131<\/h4>\t\t<\/div>\n\t\t\t\t<\/div>\n\t\t\t\t<div class=\"elementor-element elementor-element-0ef0277 elementor-widget elementor-widget-text-editor\" data-id=\"0ef0277\" data-element_type=\"widget\" data-widget_type=\"text-editor.default\">\n\t\t\t\t<div class=\"elementor-widget-container\">\n\t\t\t\t\t\t\t<p><u>\u015e<\/u>ebekeden \u00e7ekilen end\u00fcktif g\u00fcc\u00fcn, \u00f6zel bir reaktif g\u00fc\u00e7 \u00fcreticisinden kapasitif y\u00fck \u00e7ekmek suretiyle dengelenmesine <strong>\u201ckompanzasyon\u201d<\/strong> denir.<\/p><p>T\u00fcketicilerin normal olarak \u015febekeden \u00e7ektikleri\u00a0<strong>end\u00fcktif<\/strong>\u00a0g\u00fcc\u00fcn, \u00f6zel bir\u00a0<strong>reaktif<\/strong><br \/><strong>g\u00fc\u00e7<\/strong>\u00a0\u00fcreticisinden kapasitif y\u00fck \u00e7ekmek suretiyle dengelenmesidir. Bu tan\u0131m; reaktif<br \/>enerji kavram\u0131n\u0131n varl\u0131\u011f\u0131n\u0131 belirtmektedir.<\/p><h4><strong>Kumanda Panosu Nedir?<\/strong><\/h4><p>Sanayi gibi yerlerde elektrik sistemlerinin kurulmas\u0131 \u00e7ok zorlu olabildi\u011fi gibi ayn\u0131 zamanda elektrik sistemlerinin do\u011fru \u015fekilde sunulmas\u0131 \u00f6nem arz eden noktalar aras\u0131ndad\u0131r. Sistemler do\u011fru \u015fekilde kurulmad\u0131\u011f\u0131 takdirde \u00e7e\u015fitli problemler meydana gelebilece\u011fi gibi maddi zararlar olu\u015fabilece\u011fi gibi sa\u011fl\u0131\u011f\u0131n ciddi seviyede etkilenece\u011fi problemlerde meydana gelebilmektedir.\u00a0<strong><em>Kumanda Panosu Nedir?<\/em>\u00a0<\/strong>Kumanda panolar\u0131 ise kullan\u0131mlar\u0131 evresinde farkl\u0131l\u0131klar ya\u015fan\u0131yor olsa bile \u00f6zellikle sanayilerde \u00e7ok s\u0131k \u015fekilde kar\u015f\u0131m\u0131za \u00e7\u0131kmakta olan panolar aras\u0131nda yerini almaktad\u0131r. Pano \u00f6zellikleri bak\u0131m\u0131ndan saniyede \u00e7ok fazla kullan\u0131l\u0131r.<\/p><p>Elektrik Teknisyeni Yusuf Usta -&gt; 0312 945 3657 &#8211; 05352987646<\/p>\t\t\t\t\t\t<\/div>\n\t\t\t\t<\/div>\n\t\t\t\t\t<\/div>\n\t\t<\/div>\n\t\t\t\t\t\t\t<\/div>\n\t\t<\/section>\n\t\t\t\t<section class=\"elementor-section elementor-top-section elementor-element elementor-element-fdc0df2 elementor-section-boxed elementor-section-height-default elementor-section-height-default\" data-id=\"fdc0df2\" data-element_type=\"section\">\n\t\t\t\t\t\t<div class=\"elementor-container elementor-column-gap-default\">\n\t\t\t\t\t<div class=\"elementor-column elementor-col-100 elementor-top-column elementor-element elementor-element-3eb4223\" data-id=\"3eb4223\" data-element_type=\"column\">\n\t\t\t<div class=\"elementor-widget-wrap elementor-element-populated\">\n\t\t\t\t\t\t\t\t<div class=\"elementor-element elementor-element-8a49e29 elementor-widget elementor-widget-image-gallery\" data-id=\"8a49e29\" data-element_type=\"widget\" data-widget_type=\"image-gallery.default\">\n\t\t\t\t<div class=\"elementor-widget-container\">\n\t\t\t\t\t<div class=\"elementor-image-gallery\">\n\t\t\t<div id='gallery-1' class='gallery galleryid-2170 gallery-columns-4 gallery-size-thumbnail'><figure class='gallery-item'>\n\t\t\t<div class='gallery-icon landscape'>\n\t\t\t\t<a data-elementor-open-lightbox=\"yes\" data-elementor-lightbox-slideshow=\"8a49e29\" data-elementor-lightbox-title=\"man-electrical-technician-working-switchboard-with-fuses-installation-connection-electrical-equipment-close-up_169016-5076\" data-e-action-hash=\"#elementor-action%3Aaction%3Dlightbox%26settings%3DeyJpZCI6MjQzMSwidXJsIjoiaHR0cHM6XC9cL2Fua2FyYWVueWFraW5lbGVrdHJpa2NpLmNvbVwvd3AtY29udGVudFwvdXBsb2Fkc1wvMjAyMlwvMDNcL21hbi1lbGVjdHJpY2FsLXRlY2huaWNpYW4td29ya2luZy1zd2l0Y2hib2FyZC13aXRoLWZ1c2VzLWluc3RhbGxhdGlvbi1jb25uZWN0aW9uLWVsZWN0cmljYWwtZXF1aXBtZW50LWNsb3NlLXVwXzE2OTAxNi01MDc2LndlYnAiLCJzbGlkZXNob3ciOiI4YTQ5ZTI5In0%3D\" href='https:\/\/ankaraenyakinelektrikci.com\/wp-content\/uploads\/2022\/03\/man-electrical-technician-working-switchboard-with-fuses-installation-connection-electrical-equipment-close-up_169016-5076.webp'><img loading=\"lazy\" decoding=\"async\" width=\"150\" height=\"150\" src=\"https:\/\/ankaraenyakinelektrikci.com\/wp-content\/uploads\/2022\/03\/man-electrical-technician-working-switchboard-with-fuses-installation-connection-electrical-equipment-close-up_169016-5076-150x150.webp\" class=\"attachment-thumbnail size-thumbnail\" alt=\"\" title=\"\"><\/a>\n\t\t\t<\/div><\/figure><figure class='gallery-item'>\n\t\t\t<div class='gallery-icon landscape'>\n\t\t\t\t<a data-elementor-open-lightbox=\"yes\" data-elementor-lightbox-slideshow=\"8a49e29\" data-elementor-lightbox-title=\"man-electrical-technician-working-switchboard-with-fuses-installation-connection-electrical-equipment-close-up (1)\" data-e-action-hash=\"#elementor-action%3Aaction%3Dlightbox%26settings%3DeyJpZCI6MjQzNCwidXJsIjoiaHR0cHM6XC9cL2Fua2FyYWVueWFraW5lbGVrdHJpa2NpLmNvbVwvd3AtY29udGVudFwvdXBsb2Fkc1wvMjAyMlwvMDNcL21hbi1lbGVjdHJpY2FsLXRlY2huaWNpYW4td29ya2luZy1zd2l0Y2hib2FyZC13aXRoLWZ1c2VzLWluc3RhbGxhdGlvbi1jb25uZWN0aW9uLWVsZWN0cmljYWwtZXF1aXBtZW50LWNsb3NlLXVwLTEtc2NhbGVkLmpwZyIsInNsaWRlc2hvdyI6IjhhNDllMjkifQ%3D%3D\" href='https:\/\/ankaraenyakinelektrikci.com\/wp-content\/uploads\/2022\/03\/man-electrical-technician-working-switchboard-with-fuses-installation-connection-electrical-equipment-close-up-1-scaled.jpg'><img loading=\"lazy\" decoding=\"async\" width=\"150\" height=\"150\" src=\"https:\/\/ankaraenyakinelektrikci.com\/wp-content\/uploads\/2022\/03\/man-electrical-technician-working-switchboard-with-fuses-installation-connection-electrical-equipment-close-up-1-150x150.jpg\" class=\"attachment-thumbnail size-thumbnail\" alt=\"\" title=\"\"><\/a>\n\t\t\t<\/div><\/figure>\n\t\t<\/div>\n\t\t<\/div>\n\t\t\t\t<\/div>\n\t\t\t\t<\/div>\n\t\t\t\t\t<\/div>\n\t\t<\/div>\n\t\t\t\t\t\t\t<\/div>\n\t\t<\/section>\n\t\t\t\t\t\t\t<\/div>\n\t\t","protected":false},"excerpt":{"rendered":"<p>Kompanzasyon, Kumanda Panolar\u0131 \u015eebekeden \u00e7ekilen end\u00fcktif g\u00fcc\u00fcn, \u00f6zel bir reaktif g\u00fc\u00e7 \u00fcreticisinden kapasitif y\u00fck \u00e7ekmek suretiyle dengelenmesine \u201ckompanzasyon\u201d denir. T\u00fcketicilerin normal olarak \u015febekeden \u00e7ektikleri\u00a0end\u00fcktif\u00a0g\u00fcc\u00fcn, \u00f6zel bir\u00a0reaktifg\u00fc\u00e7\u00a0\u00fcreticisinden kapasitif y\u00fck \u00e7ekmek suretiyle dengelenmesidir. Bu tan\u0131m; reaktifenerji kavram\u0131n\u0131n varl\u0131\u011f\u0131n\u0131 belirtmektedir. Kumanda Panosu Nedir? Sanayi gibi yerlerde elektrik sistemlerinin kurulmas\u0131 \u00e7ok zorlu olabildi\u011fi gibi ayn\u0131 zamanda elektrik sistemlerinin do\u011fru [&hellip;]<\/p>\n","protected":false},"author":1,"featured_media":0,"parent":0,"menu_order":0,"comment_status":"closed","ping_status":"closed","template":"","meta":{"footnotes":""},"_links":{"self":[{"href":"https:\/\/ankaraenyakinelektrikci.com\/index.php?rest_route=\/wp\/v2\/pages\/2170"}],"collection":[{"href":"https:\/\/ankaraenyakinelektrikci.com\/index.php?rest_route=\/wp\/v2\/pages"}],"about":[{"href":"https:\/\/ankaraenyakinelektrikci.com\/index.php?rest_route=\/wp\/v2\/types\/page"}],"author":[{"embeddable":true,"href":"https:\/\/ankaraenyakinelektrikci.com\/index.php?rest_route=\/wp\/v2\/users\/1"}],"replies":[{"embeddable":true,"href":"https:\/\/ankaraenyakinelektrikci.com\/index.php?rest_route=%2Fwp%2Fv2%2Fcomments&post=2170"}],"version-history":[{"count":19,"href":"https:\/\/ankaraenyakinelektrikci.com\/index.php?rest_route=\/wp\/v2\/pages\/2170\/revisions"}],"predecessor-version":[{"id":2880,"href":"https:\/\/ankaraenyakinelektrikci.com\/index.php?rest_route=\/wp\/v2\/pages\/2170\/revisions\/2880"}],"wp:attachment":[{"href":"https:\/\/ankaraenyakinelektrikci.com\/index.php?rest_route=%2Fwp%2Fv2%2Fmedia&parent=2170"}],"curies":[{"name":"wp","href":"https:\/\/api.w.org\/{rel}","templated":true}]}}