{"id":2205,"date":"2022-03-01T17:02:43","date_gmt":"2022-03-01T14:02:43","guid":{"rendered":"https:\/\/ankaraenyakinelektrikci.com\/?page_id=2205"},"modified":"2022-08-17T20:58:02","modified_gmt":"2022-08-17T17:58:02","slug":"avize-montaji-ve-stisi","status":"publish","type":"page","link":"https:\/\/ankaraenyakinelektrikci.com\/?page_id=2205","title":{"rendered":"Avize Montaj\u0131 ve Sat\u0131\u015f\u0131"},"content":{"rendered":"\t\t<div data-elementor-type=\"wp-page\" data-elementor-id=\"2205\" class=\"elementor elementor-2205\">\n\t\t\t\t\t\t\t\t\t<section class=\"elementor-section elementor-top-section elementor-element elementor-element-76fc9fa elementor-section-boxed elementor-section-height-default elementor-section-height-default\" data-id=\"76fc9fa\" data-element_type=\"section\">\n\t\t\t\t\t\t<div class=\"elementor-container elementor-column-gap-default\">\n\t\t\t\t\t<div class=\"elementor-column elementor-col-100 elementor-top-column elementor-element elementor-element-51afd33\" data-id=\"51afd33\" data-element_type=\"column\">\n\t\t\t<div class=\"elementor-widget-wrap elementor-element-populated\">\n\t\t\t\t\t\t\t\t<div class=\"elementor-element elementor-element-65405f0 elementor-widget elementor-widget-heading\" data-id=\"65405f0\" data-element_type=\"widget\" data-widget_type=\"heading.default\">\n\t\t\t\t<div class=\"elementor-widget-container\">\n\t\t\t<h5 class=\"elementor-heading-title elementor-size-default\">Avize Montaj\u0131 ve Sat\u0131\u015f\u0131\n<\/h5>\t\t<\/div>\n\t\t\t\t<\/div>\n\t\t\t\t<div class=\"elementor-element elementor-element-9cbeeb7 elementor-widget elementor-widget-text-editor\" data-id=\"9cbeeb7\" data-element_type=\"widget\" data-widget_type=\"text-editor.default\">\n\t\t\t\t<div class=\"elementor-widget-container\">\n\t\t\t\t\t\t\t<p style=\"font-weight: 400;\">15 y\u0131la yak\u0131n bir s\u00fcredir, geli\u015ftirdi\u011fimiz hizmet anlay\u0131\u015f\u0131m\u0131zla, Sar\u0131\u0131\u015f\u0131k elektrik olarak Bodrum ve \u00e7evresi b\u00f6lgelerde hizmet veriyoruz. Alan\u0131nda ehliyetli ustalar taraf\u0131ndan, t\u00fcm elektrik i\u015flerinizi itina ile yap\u0131yoruz.<\/p><p style=\"font-weight: 400;\">\u00d6zellikle \u015f\u0131k salonlar\u0131n vazge\u00e7ilmezi haline gelmi\u015f olan avizelerin montaj\u0131n\u0131 kendi ba\u015f\u0131n\u0131za yapabilmeniz de m\u00fcmk\u00fcnd\u00fcr ancak daha sa\u011flam bir montaj ve daha y\u00fcksek bir g\u00fcvenlik i\u00e7in i\u015finin ehli ki\u015filerden yard\u0131m alman\u0131z faydal\u0131 olacakt\u0131r. Avizelerin duy say\u0131s\u0131 farkl\u0131 olabilir, avizeniz ask\u0131l\u0131 avize ya da tavana yap\u0131\u015f\u0131k avize olabilir.<\/p><p style=\"font-weight: 400;\">Dolay\u0131s\u0131yla farkl\u0131 tip avizelerin montaj\u0131 i\u00e7in farkl\u0131 tip teknik yakla\u015f\u0131mlar gerekecektir. Firmam\u0131z, tecr\u00fcbeli ve profesyonel avize montaj elemanlar\u0131 ile size bu konuda ihtiyac\u0131n\u0131z olan deste\u011fi sa\u011fmaktad\u0131r. Bizimle ileti\u015fime ge\u00e7erek, avize montaj\u0131 hakk\u0131nda bilgiler edinebilir ve hizmet talebinde bulabilirsiniz.<\/p><p style=\"font-weight: 400;\">Antik avize, krom ah\u015fap avize montaj ustas\u0131, boyal\u0131, ledli kumandal\u0131 avize montaj\u0131, modern tekli avize, lambader, kristal ayna, abajur, aplik lambader hotel avizeleri montaj tamir ustas\u0131, kristal ve cam kollu avize pirin\u00e7 avize abajur avize, ayakl\u0131 abajur avize montaj, d\u00fcmen avize sark\u0131tlarda yatak odas\u0131 avizeleri, Disney avize montaj\u0131 yap\u0131l\u0131r avize abajur ve aplik montaj\u0131 i\u00e7in l\u00fctfen bizi aramak i\u00e7in\u00a0t\u0131klay\u0131n.<\/p><p>Elektrik Teknisyeni Yusuf Usta -&gt; 0312 945 3657 &#8211; 0535 298 76 46<\/p>\t\t\t\t\t\t<\/div>\n\t\t\t\t<\/div>\n\t\t\t\t\t<\/div>\n\t\t<\/div>\n\t\t\t\t\t\t\t<\/div>\n\t\t<\/section>\n\t\t\t\t<section class=\"elementor-section elementor-top-section elementor-element elementor-element-df06d87 elementor-section-boxed elementor-section-height-default elementor-section-height-default\" data-id=\"df06d87\" data-element_type=\"section\">\n\t\t\t\t\t\t<div class=\"elementor-container elementor-column-gap-default\">\n\t\t\t\t\t<div class=\"elementor-column elementor-col-100 elementor-top-column elementor-element elementor-element-4009e3c\" data-id=\"4009e3c\" data-element_type=\"column\">\n\t\t\t<div class=\"elementor-widget-wrap elementor-element-populated\">\n\t\t\t\t\t\t\t\t<div class=\"elementor-element elementor-element-f48090d elementor-widget elementor-widget-image-gallery\" data-id=\"f48090d\" data-element_type=\"widget\" data-widget_type=\"image-gallery.default\">\n\t\t\t\t<div class=\"elementor-widget-container\">\n\t\t\t\t\t<div class=\"elementor-image-gallery\">\n\t\t\t<div id='gallery-1' class='gallery galleryid-2205 gallery-columns-4 gallery-size-thumbnail'><figure class='gallery-item'>\n\t\t\t<div class='gallery-icon landscape'>\n\t\t\t\t<a data-elementor-open-lightbox=\"yes\" data-elementor-lightbox-slideshow=\"f48090d\" data-elementor-lightbox-title=\"areller-avize19-1408-x-1056\" data-e-action-hash=\"#elementor-action%3Aaction%3Dlightbox%26settings%3DeyJpZCI6MjQ4MCwidXJsIjoiaHR0cHM6XC9cL2Fua2FyYWVueWFraW5lbGVrdHJpa2NpLmNvbVwvd3AtY29udGVudFwvdXBsb2Fkc1wvMjAyMlwvMDNcL2FyZWxsZXItYXZpemUxOS0xNDA4LXgtMTA1Ni5qcGciLCJzbGlkZXNob3ciOiJmNDgwOTBkIn0%3D\" href='https:\/\/ankaraenyakinelektrikci.com\/wp-content\/uploads\/2022\/03\/areller-avize19-1408-x-1056.jpg'><img loading=\"lazy\" decoding=\"async\" width=\"150\" height=\"150\" src=\"https:\/\/ankaraenyakinelektrikci.com\/wp-content\/uploads\/2022\/03\/areller-avize19-1408-x-1056-150x150.jpg\" class=\"attachment-thumbnail size-thumbnail\" alt=\"\" title=\"\"><\/a>\n\t\t\t<\/div><\/figure><figure class='gallery-item'>\n\t\t\t<div class='gallery-icon landscape'>\n\t\t\t\t<a data-elementor-open-lightbox=\"yes\" data-elementor-lightbox-slideshow=\"f48090d\" data-elementor-lightbox-title=\"2682328971\" data-e-action-hash=\"#elementor-action%3Aaction%3Dlightbox%26settings%3DeyJpZCI6MjQ4MSwidXJsIjoiaHR0cHM6XC9cL2Fua2FyYWVueWFraW5lbGVrdHJpa2NpLmNvbVwvd3AtY29udGVudFwvdXBsb2Fkc1wvMjAyMlwvMDNcLzI2ODIzMjg5NzEuanBnIiwic2xpZGVzaG93IjoiZjQ4MDkwZCJ9\" href='https:\/\/ankaraenyakinelektrikci.com\/wp-content\/uploads\/2022\/03\/2682328971.jpg'><img loading=\"lazy\" decoding=\"async\" width=\"150\" height=\"150\" src=\"https:\/\/ankaraenyakinelektrikci.com\/wp-content\/uploads\/2022\/03\/2682328971-150x150.jpg\" class=\"attachment-thumbnail size-thumbnail\" alt=\"\" title=\"\"><\/a>\n\t\t\t<\/div><\/figure>\n\t\t<\/div>\n\t\t<\/div>\n\t\t\t\t<\/div>\n\t\t\t\t<\/div>\n\t\t\t\t\t<\/div>\n\t\t<\/div>\n\t\t\t\t\t\t\t<\/div>\n\t\t<\/section>\n\t\t\t\t\t\t\t<\/div>\n\t\t","protected":false},"excerpt":{"rendered":"<p>Avize Montaj\u0131 ve Sat\u0131\u015f\u0131 15 y\u0131la yak\u0131n bir s\u00fcredir, geli\u015ftirdi\u011fimiz hizmet anlay\u0131\u015f\u0131m\u0131zla, Sar\u0131\u0131\u015f\u0131k elektrik olarak Bodrum ve \u00e7evresi b\u00f6lgelerde hizmet veriyoruz. Alan\u0131nda ehliyetli ustalar taraf\u0131ndan, t\u00fcm elektrik i\u015flerinizi itina ile yap\u0131yoruz. \u00d6zellikle \u015f\u0131k salonlar\u0131n vazge\u00e7ilmezi haline gelmi\u015f olan avizelerin montaj\u0131n\u0131 kendi ba\u015f\u0131n\u0131za yapabilmeniz de m\u00fcmk\u00fcnd\u00fcr ancak daha sa\u011flam bir montaj ve daha y\u00fcksek bir g\u00fcvenlik [&hellip;]<\/p>\n","protected":false},"author":1,"featured_media":0,"parent":0,"menu_order":0,"comment_status":"closed","ping_status":"closed","template":"","meta":{"footnotes":""},"_links":{"self":[{"href":"https:\/\/ankaraenyakinelektrikci.com\/index.php?rest_route=\/wp\/v2\/pages\/2205"}],"collection":[{"href":"https:\/\/ankaraenyakinelektrikci.com\/index.php?rest_route=\/wp\/v2\/pages"}],"about":[{"href":"https:\/\/ankaraenyakinelektrikci.com\/index.php?rest_route=\/wp\/v2\/types\/page"}],"author":[{"embeddable":true,"href":"https:\/\/ankaraenyakinelektrikci.com\/index.php?rest_route=\/wp\/v2\/users\/1"}],"replies":[{"embeddable":true,"href":"https:\/\/ankaraenyakinelektrikci.com\/index.php?rest_route=%2Fwp%2Fv2%2Fcomments&post=2205"}],"version-history":[{"count":25,"href":"https:\/\/ankaraenyakinelektrikci.com\/index.php?rest_route=\/wp\/v2\/pages\/2205\/revisions"}],"predecessor-version":[{"id":2895,"href":"https:\/\/ankaraenyakinelektrikci.com\/index.php?rest_route=\/wp\/v2\/pages\/2205\/revisions\/2895"}],"wp:attachment":[{"href":"https:\/\/ankaraenyakinelektrikci.com\/index.php?rest_route=%2Fwp%2Fv2%2Fmedia&parent=2205"}],"curies":[{"name":"wp","href":"https:\/\/api.w.org\/{rel}","templated":true}]}}