{"id":2213,"date":"2022-03-01T17:10:00","date_gmt":"2022-03-01T14:10:00","guid":{"rendered":"https:\/\/ankaraenyakinelektrikci.com\/?page_id=2213"},"modified":"2022-08-17T20:59:22","modified_gmt":"2022-08-17T17:59:22","slug":"merkezi-uydu-sistemleri-uydu-ariza","status":"publish","type":"page","link":"https:\/\/ankaraenyakinelektrikci.com\/?page_id=2213","title":{"rendered":"Merkezi Uydu Sistemleri, Uydu Ar\u0131za"},"content":{"rendered":"\t\t<div data-elementor-type=\"wp-page\" data-elementor-id=\"2213\" class=\"elementor elementor-2213\">\n\t\t\t\t\t\t\t\t\t<section class=\"elementor-section elementor-top-section elementor-element elementor-element-69f5ed5 elementor-section-boxed elementor-section-height-default elementor-section-height-default\" data-id=\"69f5ed5\" data-element_type=\"section\">\n\t\t\t\t\t\t<div class=\"elementor-container elementor-column-gap-default\">\n\t\t\t\t\t<div class=\"elementor-column elementor-col-100 elementor-top-column elementor-element elementor-element-a0649df\" data-id=\"a0649df\" data-element_type=\"column\">\n\t\t\t<div class=\"elementor-widget-wrap elementor-element-populated\">\n\t\t\t\t\t\t\t\t<div class=\"elementor-element elementor-element-986e78c elementor-widget elementor-widget-heading\" data-id=\"986e78c\" data-element_type=\"widget\" data-widget_type=\"heading.default\">\n\t\t\t\t<div class=\"elementor-widget-container\">\n\t\t\t<h5 class=\"elementor-heading-title elementor-size-default\">Merkezi Uydu Sistemleri, Uydu Ar\u0131za<\/h5>\t\t<\/div>\n\t\t\t\t<\/div>\n\t\t\t\t<div class=\"elementor-element elementor-element-a424a6d elementor-widget elementor-widget-text-editor\" data-id=\"a424a6d\" data-element_type=\"widget\" data-widget_type=\"text-editor.default\">\n\t\t\t\t<div class=\"elementor-widget-container\">\n\t\t\t\t\t\t\t<p><strong>Uydu Servisi<\/strong>\u00a0hizmetine \u00e7o\u011fu zaman k\u00f6t\u00fc hava ko\u015fullar\u0131 ya da merkezi uydu sisteminden y\u00fcksek kalitede sinyal gelmemesi durumlar\u0131nda ba\u015fvurulmaktad\u0131r. Firmam\u0131z\u0131n yetkili kadrosu ar\u0131zan\u0131n neden ve sonu\u00e7 ili\u015fkisini ara\u015ft\u0131rmakta ve ar\u0131zan\u0131n analizi yapmaktad\u0131r. \u00c7\u0131kan son sonu\u00e7lara g\u00f6re sizi bilgilendirerek gerekli tamirat\u0131 ger\u00e7ekle\u015ftirmektedir. Hizmetimizin her bir s\u00fcrecinde mutlaka sizi bilgilendirerek i\u015fleme ge\u00e7ilmektedir. Sundu\u011fumuz her hizmetimizde, m\u00fc\u015fterilerimizin %100 memnuniyeti \u00e7ok \u00f6nemlidir. Size ek masraflar \u00e7\u0131karmayan servis hizmeti i\u00e7in do\u011fru adrestesiniz. Onlarca farkl\u0131 yetkili servis firmas\u0131 ile ileti\u015fime ge\u00e7menize gerek kalmad\u0131.\u00a0<strong>Uydu tamiri<\/strong><strong>\u00a0<\/strong>alan\u0131nda ilk akla gelen ekibimiz ile bizimle ileti\u015fime ge\u00e7menizi bekliyoruz.<\/p><p>\u00c7anak veya anten i\u00e7in hizmet almak isteyenler\u00a0<em>uydu servisi\u00a0<\/em>hizmetlerinden yararlanabilirler. \u0130sterseniz ileti\u015fim bilgileri \u00fczerinden yapaca\u011f\u0131n\u0131z istekler sayesinde en k\u0131sa zaman i\u00e7erisinde hizmet alabilirsiniz. \u0130stekte bulunmu\u015f oldu\u011funuz adrese ula\u015facak olan ekip taraf\u0131ndan gerekli kontroller sa\u011flanarak daha sonras\u0131nda olu\u015fan probleme g\u00f6re ar\u0131zaya m\u00fcdahale edilmektedir. Uydu Kurulum,\u00a0<strong>\u00e7anak montaj\u0131<\/strong> veya anten onar\u0131m i\u015flemleri i\u00e7in belirlenmi\u015f olan en do\u011fru ve uygun fiyat se\u00e7enekleri \u00fczerinden uydu teknik hizmeti sa\u011flamaktad\u0131r. Kaliteli ve garantili hizmet almak isteyenler\u00a0 uydu servisi hizmetlerinden yararlanabilmek i\u00e7in ileti\u015fim bilgileri \u00fczerinden isteklerini ileterek hizmet kayd\u0131 olu\u015fturabilirler. Teknik Servisimizin belirtmi\u015f oldu\u011funuz adrese en k\u0131sa zarf i\u00e7erisinde ekibi y\u00f6nlendirmektedir.<\/p><p>Elektrik Teknisyeni Yusuf Usta -&gt; 0312 945 3657 &#8211; 0535 298 76 46<\/p>\t\t\t\t\t\t<\/div>\n\t\t\t\t<\/div>\n\t\t\t\t\t<\/div>\n\t\t<\/div>\n\t\t\t\t\t\t\t<\/div>\n\t\t<\/section>\n\t\t\t\t<section class=\"elementor-section elementor-top-section elementor-element elementor-element-cf7b4d3 elementor-section-boxed elementor-section-height-default elementor-section-height-default\" data-id=\"cf7b4d3\" data-element_type=\"section\">\n\t\t\t\t\t\t<div class=\"elementor-container elementor-column-gap-default\">\n\t\t\t\t\t<div class=\"elementor-column elementor-col-100 elementor-top-column elementor-element elementor-element-6bd1e08\" data-id=\"6bd1e08\" data-element_type=\"column\">\n\t\t\t<div class=\"elementor-widget-wrap elementor-element-populated\">\n\t\t\t\t\t\t\t\t<div class=\"elementor-element elementor-element-a8f9dc1 elementor-widget elementor-widget-image-gallery\" data-id=\"a8f9dc1\" data-element_type=\"widget\" data-widget_type=\"image-gallery.default\">\n\t\t\t\t<div class=\"elementor-widget-container\">\n\t\t\t\t\t<div class=\"elementor-image-gallery\">\n\t\t\t<div id='gallery-1' class='gallery galleryid-2213 gallery-columns-4 gallery-size-thumbnail'><figure class='gallery-item'>\n\t\t\t<div class='gallery-icon landscape'>\n\t\t\t\t<a data-elementor-open-lightbox=\"yes\" data-elementor-lightbox-slideshow=\"a8f9dc1\" data-elementor-lightbox-title=\"IMG-20180223-WA0015-1024x768\" data-e-action-hash=\"#elementor-action%3Aaction%3Dlightbox%26settings%3DeyJpZCI6MjQ4OCwidXJsIjoiaHR0cHM6XC9cL2Fua2FyYWVueWFraW5lbGVrdHJpa2NpLmNvbVwvd3AtY29udGVudFwvdXBsb2Fkc1wvMjAyMlwvMDNcL0lNRy0yMDE4MDIyMy1XQTAwMTUtMTAyNHg3NjgtMS5qcGciLCJzbGlkZXNob3ciOiJhOGY5ZGMxIn0%3D\" href='https:\/\/ankaraenyakinelektrikci.com\/wp-content\/uploads\/2022\/03\/IMG-20180223-WA0015-1024x768-1.jpg'><img loading=\"lazy\" decoding=\"async\" width=\"150\" height=\"150\" src=\"https:\/\/ankaraenyakinelektrikci.com\/wp-content\/uploads\/2022\/03\/IMG-20180223-WA0015-1024x768-1-150x150.jpg\" class=\"attachment-thumbnail size-thumbnail\" alt=\"\" title=\"\"><\/a>\n\t\t\t<\/div><\/figure><figure class='gallery-item'>\n\t\t\t<div class='gallery-icon landscape'>\n\t\t\t\t<a data-elementor-open-lightbox=\"yes\" data-elementor-lightbox-slideshow=\"a8f9dc1\" data-elementor-lightbox-title=\"dcdda50345310f3ffe5c124e9f37b602\" data-e-action-hash=\"#elementor-action%3Aaction%3Dlightbox%26settings%3DeyJpZCI6MjQ4OSwidXJsIjoiaHR0cHM6XC9cL2Fua2FyYWVueWFraW5lbGVrdHJpa2NpLmNvbVwvd3AtY29udGVudFwvdXBsb2Fkc1wvMjAyMlwvMDNcL2RjZGRhNTAzNDUzMTBmM2ZmZTVjMTI0ZTlmMzdiNjAyLmpwZyIsInNsaWRlc2hvdyI6ImE4ZjlkYzEifQ%3D%3D\" href='https:\/\/ankaraenyakinelektrikci.com\/wp-content\/uploads\/2022\/03\/dcdda50345310f3ffe5c124e9f37b602.jpg'><img loading=\"lazy\" decoding=\"async\" width=\"150\" height=\"150\" src=\"https:\/\/ankaraenyakinelektrikci.com\/wp-content\/uploads\/2022\/03\/dcdda50345310f3ffe5c124e9f37b602-150x150.jpg\" class=\"attachment-thumbnail size-thumbnail\" alt=\"\" title=\"\"><\/a>\n\t\t\t<\/div><\/figure>\n\t\t<\/div>\n\t\t<\/div>\n\t\t\t\t<\/div>\n\t\t\t\t<\/div>\n\t\t\t\t\t<\/div>\n\t\t<\/div>\n\t\t\t\t\t\t\t<\/div>\n\t\t<\/section>\n\t\t\t\t\t\t\t<\/div>\n\t\t","protected":false},"excerpt":{"rendered":"<p>Merkezi Uydu Sistemleri, Uydu Ar\u0131za Uydu Servisi\u00a0hizmetine \u00e7o\u011fu zaman k\u00f6t\u00fc hava ko\u015fullar\u0131 ya da merkezi uydu sisteminden y\u00fcksek kalitede sinyal gelmemesi durumlar\u0131nda ba\u015fvurulmaktad\u0131r. Firmam\u0131z\u0131n yetkili kadrosu ar\u0131zan\u0131n neden ve sonu\u00e7 ili\u015fkisini ara\u015ft\u0131rmakta ve ar\u0131zan\u0131n analizi yapmaktad\u0131r. \u00c7\u0131kan son sonu\u00e7lara g\u00f6re sizi bilgilendirerek gerekli tamirat\u0131 ger\u00e7ekle\u015ftirmektedir. Hizmetimizin her bir s\u00fcrecinde mutlaka sizi bilgilendirerek i\u015fleme ge\u00e7ilmektedir. Sundu\u011fumuz [&hellip;]<\/p>\n","protected":false},"author":1,"featured_media":0,"parent":0,"menu_order":0,"comment_status":"closed","ping_status":"closed","template":"","meta":{"footnotes":""},"_links":{"self":[{"href":"https:\/\/ankaraenyakinelektrikci.com\/index.php?rest_route=\/wp\/v2\/pages\/2213"}],"collection":[{"href":"https:\/\/ankaraenyakinelektrikci.com\/index.php?rest_route=\/wp\/v2\/pages"}],"about":[{"href":"https:\/\/ankaraenyakinelektrikci.com\/index.php?rest_route=\/wp\/v2\/types\/page"}],"author":[{"embeddable":true,"href":"https:\/\/ankaraenyakinelektrikci.com\/index.php?rest_route=\/wp\/v2\/users\/1"}],"replies":[{"embeddable":true,"href":"https:\/\/ankaraenyakinelektrikci.com\/index.php?rest_route=%2Fwp%2Fv2%2Fcomments&post=2213"}],"version-history":[{"count":13,"href":"https:\/\/ankaraenyakinelektrikci.com\/index.php?rest_route=\/wp\/v2\/pages\/2213\/revisions"}],"predecessor-version":[{"id":2898,"href":"https:\/\/ankaraenyakinelektrikci.com\/index.php?rest_route=\/wp\/v2\/pages\/2213\/revisions\/2898"}],"wp:attachment":[{"href":"https:\/\/ankaraenyakinelektrikci.com\/index.php?rest_route=%2Fwp%2Fv2%2Fmedia&parent=2213"}],"curies":[{"name":"wp","href":"https:\/\/api.w.org\/{rel}","templated":true}]}}