{"id":2242,"date":"2022-03-01T17:24:53","date_gmt":"2022-03-01T14:24:53","guid":{"rendered":"https:\/\/ankaraenyakinelektrikci.com\/?page_id=2242"},"modified":"2022-08-17T21:03:21","modified_gmt":"2022-08-17T18:03:21","slug":"telefon-santrali-kurulum-satis","status":"publish","type":"page","link":"https:\/\/ankaraenyakinelektrikci.com\/?page_id=2242","title":{"rendered":"Telefon Santrali, Kurulum Sat\u0131\u015f"},"content":{"rendered":"\t\t<div data-elementor-type=\"wp-page\" data-elementor-id=\"2242\" class=\"elementor elementor-2242\">\n\t\t\t\t\t\t\t\t\t<section class=\"elementor-section elementor-top-section elementor-element elementor-element-50f4fe9 elementor-section-boxed elementor-section-height-default elementor-section-height-default\" data-id=\"50f4fe9\" data-element_type=\"section\">\n\t\t\t\t\t\t<div class=\"elementor-container elementor-column-gap-default\">\n\t\t\t\t\t<div class=\"elementor-column elementor-col-100 elementor-top-column elementor-element elementor-element-57439c1\" data-id=\"57439c1\" data-element_type=\"column\">\n\t\t\t<div class=\"elementor-widget-wrap elementor-element-populated\">\n\t\t\t\t\t\t\t\t<div class=\"elementor-element elementor-element-b0af8ee elementor-widget elementor-widget-heading\" data-id=\"b0af8ee\" data-element_type=\"widget\" data-widget_type=\"heading.default\">\n\t\t\t\t<div class=\"elementor-widget-container\">\n\t\t\t<h5 class=\"elementor-heading-title elementor-size-default\">Telefon Santrali, Kurulum Sat\u0131\u015f<\/h5>\t\t<\/div>\n\t\t\t\t<\/div>\n\t\t\t\t<div class=\"elementor-element elementor-element-bbc9437 elementor-widget elementor-widget-text-editor\" data-id=\"bbc9437\" data-element_type=\"widget\" data-widget_type=\"text-editor.default\">\n\t\t\t\t<div class=\"elementor-widget-container\">\n\t\t\t\t\t\t\t<p>\u0130\u015fletmelerin ileti\u015fim ihtiya\u00e7lar\u0131n\u0131 kar\u015f\u0131lamada\u00a0<strong>telefon santrallar\u0131<\/strong>\u00a0b\u00fcy\u00fck \u00f6nem ta\u015f\u0131yor. \u00c7a\u011fr\u0131 trafi\u011finin aksamamas\u0131 i\u00e7in, santral kurulumu yap\u0131lmadan \u00f6nce dikkat edilmesi gereken hususlar bulunuyor. Bu hususlar\u0131n ihmal ya da g\u00f6z ard\u0131 edilmesi ileride ileti\u015fim sorunlar\u0131 do\u011furabilece\u011finden santral kurulum ve montaj\u0131n\u0131n,\u00a0<strong>teknik servislere<\/strong>\u00a0ya da\u00a0<strong>uzman ki\u015filere<\/strong>\u00a0yapt\u0131r\u0131lmas\u0131n\u0131 tavsiye ediyoruz.<\/p><p>Santral kurulumu yapmadan \u00f6nce\u00a0yer tespiti ve ke\u015fif\u00a0yap\u0131lmal\u0131.\u00a0<strong>Santral\u0131n kurulaca\u011f\u0131 yer<\/strong>\u00a0direk g\u00fcne\u015f \u0131\u015f\u0131\u011f\u0131 almayan, rutubet ve nem bulunmayan, y\u00fcksek gerilim ve manyetik alanlardan uzak olmal\u0131d\u0131r. \u0130\u015fletmelerde, sistem odas\u0131 bulunuyorsa santral kurulumu bu alana yap\u0131lmal\u0131,\u00a0telefon santral\u0131\u00a0montaj\u0131, zemine yak\u0131n bir yere yap\u0131lacaksa sonradan m\u00fcdahale ihtimaline kar\u015f\u0131n yerden belli bir y\u00fcksekli\u011fe (en az 1 mt.) kurulum yap\u0131lmal\u0131d\u0131r.<\/p><p>Santrala g\u00fc\u00e7 sa\u011flayacak elektrik ba\u011flant\u0131s\u0131, santral kurulumu yap\u0131lmadan kontrol edilmeli ve gerekli \u00f6l\u00e7\u00fcmler yap\u0131lmal\u0131d\u0131r. Olas\u0131 bir elektrik kesintisine kar\u015f\u0131n santrala ak\u00fc ba\u011flant\u0131s\u0131 yap\u0131lmal\u0131 ve merkezi UPS biriminden santrala g\u00fc\u00e7 verilmemelidir.\u00a0<strong>Dahili ve harici hat kablolamalar\u0131<\/strong>\u00a0yap\u0131l\u0131rken renk kodlamas\u0131 yap\u0131lmal\u0131 ve \u015fablon \u00e7\u0131kart\u0131larak ba\u011flant\u0131 yap\u0131lmal\u0131d\u0131r. Kablo u\u00e7lar\u0131 mutlaka priz veya rozans ile ba\u011flanmal\u0131d\u0131r.<\/p><p>IP santral\u00a0kurulum ve montaj\u0131 yap\u0131l\u0131rken, santrala verilen IP adres blokunda networke ba\u011fl\u0131 cihazlar aras\u0131nda IP \u00e7ak\u0131\u015fmas\u0131 olmamas\u0131na dikkat edilmelidir.\u00a0IP telefon\u00a0kullan\u0131lacaksa, yo\u011fun \u00e7a\u011fr\u0131 trafi\u011finin kar\u015f\u0131layacak bir switch \u00fczerinde IP telefonlar birle\u015ftirilmelidir.\u00a0Santral kurma i\u015flemi tamamland\u0131ktan sonra kullan\u0131c\u0131ya santral \u00e7al\u0131\u015fma talimat\u0131 ve santral y\u00f6netimi hakk\u0131nda bilgi verilmelidir.<\/p><p>Elektrik Teknisyeni Yusuf Usta -&gt; 0312 945 3657 &#8211; 0535 298 76 46<\/p>\t\t\t\t\t\t<\/div>\n\t\t\t\t<\/div>\n\t\t\t\t\t<\/div>\n\t\t<\/div>\n\t\t\t\t\t\t\t<\/div>\n\t\t<\/section>\n\t\t\t\t<section class=\"elementor-section elementor-top-section elementor-element elementor-element-f09ea57 elementor-section-boxed elementor-section-height-default elementor-section-height-default\" data-id=\"f09ea57\" data-element_type=\"section\">\n\t\t\t\t\t\t<div class=\"elementor-container elementor-column-gap-default\">\n\t\t\t\t\t<div class=\"elementor-column elementor-col-100 elementor-top-column elementor-element elementor-element-8218db5\" data-id=\"8218db5\" data-element_type=\"column\">\n\t\t\t<div class=\"elementor-widget-wrap elementor-element-populated\">\n\t\t\t\t\t\t\t\t<div class=\"elementor-element elementor-element-3fbf949 elementor-widget elementor-widget-image-gallery\" data-id=\"3fbf949\" data-element_type=\"widget\" data-widget_type=\"image-gallery.default\">\n\t\t\t\t<div class=\"elementor-widget-container\">\n\t\t\t\t\t<div class=\"elementor-image-gallery\">\n\t\t\t<div id='gallery-1' class='gallery galleryid-2242 gallery-columns-4 gallery-size-thumbnail'><figure class='gallery-item'>\n\t\t\t<div class='gallery-icon landscape'>\n\t\t\t\t<a data-elementor-open-lightbox=\"yes\" data-elementor-lightbox-slideshow=\"3fbf949\" data-elementor-lightbox-title=\"Telefon Santrali\" data-e-action-hash=\"#elementor-action%3Aaction%3Dlightbox%26settings%3DeyJpZCI6MjU0MSwidXJsIjoiaHR0cHM6XC9cL2Fua2FyYWVueWFraW5lbGVrdHJpa2NpLmNvbVwvd3AtY29udGVudFwvdXBsb2Fkc1wvMjAyMlwvMDNcL1RlbGVmb24tU2FudHJhbGkuanBnIiwic2xpZGVzaG93IjoiM2ZiZjk0OSJ9\" href='https:\/\/ankaraenyakinelektrikci.com\/wp-content\/uploads\/2022\/03\/Telefon-Santrali.jpg'><img loading=\"lazy\" decoding=\"async\" width=\"150\" height=\"150\" src=\"https:\/\/ankaraenyakinelektrikci.com\/wp-content\/uploads\/2022\/03\/Telefon-Santrali-150x150.jpg\" class=\"attachment-thumbnail size-thumbnail\" alt=\"\" title=\"\"><\/a>\n\t\t\t<\/div><\/figure><figure class='gallery-item'>\n\t\t\t<div class='gallery-icon landscape'>\n\t\t\t\t<a data-elementor-open-lightbox=\"yes\" data-elementor-lightbox-slideshow=\"3fbf949\" data-elementor-lightbox-title=\"Kurulum Sat\u0131\u015f\" data-e-action-hash=\"#elementor-action%3Aaction%3Dlightbox%26settings%3DeyJpZCI6MjU0MiwidXJsIjoiaHR0cHM6XC9cL2Fua2FyYWVueWFraW5lbGVrdHJpa2NpLmNvbVwvd3AtY29udGVudFwvdXBsb2Fkc1wvMjAyMlwvMDNcL0t1cnVsdW0tU2F0aXMuanBnIiwic2xpZGVzaG93IjoiM2ZiZjk0OSJ9\" href='https:\/\/ankaraenyakinelektrikci.com\/wp-content\/uploads\/2022\/03\/Kurulum-Satis.jpg'><img loading=\"lazy\" decoding=\"async\" width=\"150\" height=\"150\" src=\"https:\/\/ankaraenyakinelektrikci.com\/wp-content\/uploads\/2022\/03\/Kurulum-Satis-150x150.jpg\" class=\"attachment-thumbnail size-thumbnail\" alt=\"\" title=\"\"><\/a>\n\t\t\t<\/div><\/figure>\n\t\t<\/div>\n\t\t<\/div>\n\t\t\t\t<\/div>\n\t\t\t\t<\/div>\n\t\t\t\t\t<\/div>\n\t\t<\/div>\n\t\t\t\t\t\t\t<\/div>\n\t\t<\/section>\n\t\t\t\t\t\t\t<\/div>\n\t\t","protected":false},"excerpt":{"rendered":"<p>Telefon Santrali, Kurulum Sat\u0131\u015f \u0130\u015fletmelerin ileti\u015fim ihtiya\u00e7lar\u0131n\u0131 kar\u015f\u0131lamada\u00a0telefon santrallar\u0131\u00a0b\u00fcy\u00fck \u00f6nem ta\u015f\u0131yor. \u00c7a\u011fr\u0131 trafi\u011finin aksamamas\u0131 i\u00e7in, santral kurulumu yap\u0131lmadan \u00f6nce dikkat edilmesi gereken hususlar bulunuyor. Bu hususlar\u0131n ihmal ya da g\u00f6z ard\u0131 edilmesi ileride ileti\u015fim sorunlar\u0131 do\u011furabilece\u011finden santral kurulum ve montaj\u0131n\u0131n,\u00a0teknik servislere\u00a0ya da\u00a0uzman ki\u015filere\u00a0yapt\u0131r\u0131lmas\u0131n\u0131 tavsiye ediyoruz. Santral kurulumu yapmadan \u00f6nce\u00a0yer tespiti ve ke\u015fif\u00a0yap\u0131lmal\u0131.\u00a0Santral\u0131n kurulaca\u011f\u0131 yer\u00a0direk g\u00fcne\u015f [&hellip;]<\/p>\n","protected":false},"author":1,"featured_media":0,"parent":0,"menu_order":0,"comment_status":"closed","ping_status":"closed","template":"","meta":{"footnotes":""},"_links":{"self":[{"href":"https:\/\/ankaraenyakinelektrikci.com\/index.php?rest_route=\/wp\/v2\/pages\/2242"}],"collection":[{"href":"https:\/\/ankaraenyakinelektrikci.com\/index.php?rest_route=\/wp\/v2\/pages"}],"about":[{"href":"https:\/\/ankaraenyakinelektrikci.com\/index.php?rest_route=\/wp\/v2\/types\/page"}],"author":[{"embeddable":true,"href":"https:\/\/ankaraenyakinelektrikci.com\/index.php?rest_route=\/wp\/v2\/users\/1"}],"replies":[{"embeddable":true,"href":"https:\/\/ankaraenyakinelektrikci.com\/index.php?rest_route=%2Fwp%2Fv2%2Fcomments&post=2242"}],"version-history":[{"count":22,"href":"https:\/\/ankaraenyakinelektrikci.com\/index.php?rest_route=\/wp\/v2\/pages\/2242\/revisions"}],"predecessor-version":[{"id":2913,"href":"https:\/\/ankaraenyakinelektrikci.com\/index.php?rest_route=\/wp\/v2\/pages\/2242\/revisions\/2913"}],"wp:attachment":[{"href":"https:\/\/ankaraenyakinelektrikci.com\/index.php?rest_route=%2Fwp%2Fv2%2Fmedia&parent=2242"}],"curies":[{"name":"wp","href":"https:\/\/api.w.org\/{rel}","templated":true}]}}