{"id":2249,"date":"2022-03-01T17:27:49","date_gmt":"2022-03-01T14:27:49","guid":{"rendered":"https:\/\/ankaraenyakinelektrikci.com\/?page_id=2249"},"modified":"2022-08-17T21:08:30","modified_gmt":"2022-08-17T18:08:30","slug":"rezistans-benmari-tamiri","status":"publish","type":"page","link":"https:\/\/ankaraenyakinelektrikci.com\/?page_id=2249","title":{"rendered":"Rezistans, Benmari Tamiri"},"content":{"rendered":"\t\t<div data-elementor-type=\"wp-page\" data-elementor-id=\"2249\" class=\"elementor elementor-2249\">\n\t\t\t\t\t\t\t\t\t<section class=\"elementor-section elementor-top-section elementor-element elementor-element-d9dceef elementor-section-boxed elementor-section-height-default elementor-section-height-default\" data-id=\"d9dceef\" data-element_type=\"section\">\n\t\t\t\t\t\t<div class=\"elementor-container elementor-column-gap-default\">\n\t\t\t\t\t<div class=\"elementor-column elementor-col-100 elementor-top-column elementor-element elementor-element-7abdbbe\" data-id=\"7abdbbe\" data-element_type=\"column\">\n\t\t\t<div class=\"elementor-widget-wrap elementor-element-populated\">\n\t\t\t\t\t\t\t\t<div class=\"elementor-element elementor-element-3fcc786 elementor-widget elementor-widget-heading\" data-id=\"3fcc786\" data-element_type=\"widget\" data-widget_type=\"heading.default\">\n\t\t\t\t<div class=\"elementor-widget-container\">\n\t\t\t<h5 class=\"elementor-heading-title elementor-size-default\">Rezistans, Benmari Tamiri\n<\/h5>\t\t<\/div>\n\t\t\t\t<\/div>\n\t\t\t\t<div class=\"elementor-element elementor-element-6ed5739 elementor-widget elementor-widget-text-editor\" data-id=\"6ed5739\" data-element_type=\"widget\" data-widget_type=\"text-editor.default\">\n\t\t\t\t<div class=\"elementor-widget-container\">\n\t\t\t\t\t\t\t<p>Elektrikten elde etti\u011fi enerjiyi k\u0131sa bir s\u00fcre i\u00e7inde \u0131s\u0131ya d\u00f6n\u00fc\u015ft\u00fcrme yetisine sahip olan rezistanslar farkl\u0131 bir\u00e7ok \u00e7e\u015fit ile haz\u0131rlan\u0131yor. Sadece \u00fcr\u00fcn \u00e7e\u015fitleri de\u011fil ayn\u0131 zamanda \u00f6zel \u00fcretime sahip olan rezistans uygulamas\u0131na da yer verilebilmektedir. Benmari cihaz\u0131 ise istenen \u0131s\u0131n\u0131n elde edilmesi ve s\u0131cakl\u0131\u011f\u0131n s\u00fcreklili\u011finin de istenen \u00f6l\u00e7\u00fcde kalmas\u0131nda rezistans par\u00e7as\u0131ndan destek al\u0131r.\u00a0<strong>Benmari rezistanslar\u0131<\/strong>\u00a0bu \u00f6zelli\u011fe sahip olup cihazda geli\u015fen rezistans ar\u0131zas\u0131 durumunda ise tamir edilme durumu yoktur.<\/p><p>Benmari rezistans ar\u0131zalar\u0131nda cihaz\u0131n\u0131z ile uygun olan rezistans par\u00e7as\u0131n\u0131 sat\u0131n alarak de\u011fi\u015fim yapman\u0131z gerekir. Bu i\u015flem sonras\u0131nda ise benmari makinenizi ayn\u0131 performansta kullanmaya devam edebilirsiniz. Elde etti\u011finiz bu avantaj\u0131 uzun s\u00fcreli ya\u015faman\u0131n yan\u0131 s\u0131ra performans da art\u0131\u015f isterseniz kaliteli benmari rezistans al\u0131m\u0131na yer vermeniz gerekir.<\/p><p>Elektrik Teknisyeni Yusuf Usta -&gt; 0312 945 3657 \u2013\u00a00535 298 76 46<\/p>\t\t\t\t\t\t<\/div>\n\t\t\t\t<\/div>\n\t\t\t\t\t<\/div>\n\t\t<\/div>\n\t\t\t\t\t\t\t<\/div>\n\t\t<\/section>\n\t\t\t\t<section class=\"elementor-section elementor-top-section elementor-element elementor-element-4a25e92 elementor-section-boxed elementor-section-height-default elementor-section-height-default\" data-id=\"4a25e92\" data-element_type=\"section\">\n\t\t\t\t\t\t<div class=\"elementor-container elementor-column-gap-default\">\n\t\t\t\t\t<div class=\"elementor-column elementor-col-50 elementor-top-column elementor-element elementor-element-0c60ed8\" data-id=\"0c60ed8\" data-element_type=\"column\">\n\t\t\t<div class=\"elementor-widget-wrap elementor-element-populated\">\n\t\t\t\t\t\t\t\t<div class=\"elementor-element elementor-element-4febfa4 elementor-widget elementor-widget-image\" data-id=\"4febfa4\" data-element_type=\"widget\" data-widget_type=\"image.default\">\n\t\t\t\t<div class=\"elementor-widget-container\">\n\t\t\t\t\t\t\t\t\t\t\t\t\t\t\t<img loading=\"lazy\" decoding=\"async\" width=\"150\" height=\"150\" src=\"https:\/\/ankaraenyakinelektrikci.com\/wp-content\/uploads\/2022\/08\/rezistansss-768x512-1-150x150.jpg\" class=\"attachment-thumbnail size-thumbnail wp-image-2915\" alt=\"\" title=\"\">\t\t\t\t\t\t\t\t\t\t\t\t\t\t\t<\/div>\n\t\t\t\t<\/div>\n\t\t\t\t\t<\/div>\n\t\t<\/div>\n\t\t\t\t<div class=\"elementor-column elementor-col-50 elementor-top-column elementor-element elementor-element-b574a9e\" data-id=\"b574a9e\" data-element_type=\"column\">\n\t\t\t<div class=\"elementor-widget-wrap elementor-element-populated\">\n\t\t\t\t\t\t\t\t<div class=\"elementor-element elementor-element-027a03a elementor-widget elementor-widget-image\" data-id=\"027a03a\" data-element_type=\"widget\" data-widget_type=\"image.default\">\n\t\t\t\t<div class=\"elementor-widget-container\">\n\t\t\t\t\t\t\t\t\t\t\t\t\t\t\t<img decoding=\"async\" src=\"https:\/\/ankaraenyakinelektrikci.com\/wp-content\/uploads\/elementor\/thumbs\/9be20-ptepp5a4ywat3a3c1o8frx3ixcr5k16jbqsywkvsrg.png\" title=\"benmari\" alt=\"benmari\" loading=\"lazy\" \/>\t\t\t\t\t\t\t\t\t\t\t\t\t\t\t<\/div>\n\t\t\t\t<\/div>\n\t\t\t\t\t<\/div>\n\t\t<\/div>\n\t\t\t\t\t\t\t<\/div>\n\t\t<\/section>\n\t\t\t\t\t\t\t<\/div>\n\t\t","protected":false},"excerpt":{"rendered":"<p>Rezistans, Benmari Tamiri Elektrikten elde etti\u011fi enerjiyi k\u0131sa bir s\u00fcre i\u00e7inde \u0131s\u0131ya d\u00f6n\u00fc\u015ft\u00fcrme yetisine sahip olan rezistanslar farkl\u0131 bir\u00e7ok \u00e7e\u015fit ile haz\u0131rlan\u0131yor. Sadece \u00fcr\u00fcn \u00e7e\u015fitleri de\u011fil ayn\u0131 zamanda \u00f6zel \u00fcretime sahip olan rezistans uygulamas\u0131na da yer verilebilmektedir. Benmari cihaz\u0131 ise istenen \u0131s\u0131n\u0131n elde edilmesi ve s\u0131cakl\u0131\u011f\u0131n s\u00fcreklili\u011finin de istenen \u00f6l\u00e7\u00fcde kalmas\u0131nda rezistans par\u00e7as\u0131ndan destek al\u0131r.\u00a0Benmari [&hellip;]<\/p>\n","protected":false},"author":1,"featured_media":0,"parent":0,"menu_order":0,"comment_status":"closed","ping_status":"closed","template":"","meta":{"footnotes":""},"_links":{"self":[{"href":"https:\/\/ankaraenyakinelektrikci.com\/index.php?rest_route=\/wp\/v2\/pages\/2249"}],"collection":[{"href":"https:\/\/ankaraenyakinelektrikci.com\/index.php?rest_route=\/wp\/v2\/pages"}],"about":[{"href":"https:\/\/ankaraenyakinelektrikci.com\/index.php?rest_route=\/wp\/v2\/types\/page"}],"author":[{"embeddable":true,"href":"https:\/\/ankaraenyakinelektrikci.com\/index.php?rest_route=\/wp\/v2\/users\/1"}],"replies":[{"embeddable":true,"href":"https:\/\/ankaraenyakinelektrikci.com\/index.php?rest_route=%2Fwp%2Fv2%2Fcomments&post=2249"}],"version-history":[{"count":16,"href":"https:\/\/ankaraenyakinelektrikci.com\/index.php?rest_route=\/wp\/v2\/pages\/2249\/revisions"}],"predecessor-version":[{"id":2922,"href":"https:\/\/ankaraenyakinelektrikci.com\/index.php?rest_route=\/wp\/v2\/pages\/2249\/revisions\/2922"}],"wp:attachment":[{"href":"https:\/\/ankaraenyakinelektrikci.com\/index.php?rest_route=%2Fwp%2Fv2%2Fmedia&parent=2249"}],"curies":[{"name":"wp","href":"https:\/\/api.w.org\/{rel}","templated":true}]}}