{"id":2264,"date":"2022-03-02T10:03:43","date_gmt":"2022-03-02T07:03:43","guid":{"rendered":"https:\/\/ankaraenyakinelektrikci.com\/?page_id=2264"},"modified":"2022-08-17T21:11:04","modified_gmt":"2022-08-17T18:11:04","slug":"led-aydinlatma-led-armatur-cesitleri-lineer-armatur-cesitleri","status":"publish","type":"page","link":"https:\/\/ankaraenyakinelektrikci.com\/?page_id=2264","title":{"rendered":"Led Ayd\u0131nlatma, Led Armat\u00fcr \u00c7e\u015fitleri, Lineer Armat\u00fcr \u00c7e\u015fitleri"},"content":{"rendered":"\t\t<div data-elementor-type=\"wp-page\" data-elementor-id=\"2264\" class=\"elementor elementor-2264\">\n\t\t\t\t\t\t\t\t\t<section class=\"elementor-section elementor-top-section elementor-element elementor-element-863ccc0 elementor-section-boxed elementor-section-height-default elementor-section-height-default\" data-id=\"863ccc0\" data-element_type=\"section\">\n\t\t\t\t\t\t<div class=\"elementor-container elementor-column-gap-default\">\n\t\t\t\t\t<div class=\"elementor-column elementor-col-100 elementor-top-column elementor-element elementor-element-7af4bbc\" data-id=\"7af4bbc\" data-element_type=\"column\">\n\t\t\t<div class=\"elementor-widget-wrap elementor-element-populated\">\n\t\t\t\t\t\t\t\t<div class=\"elementor-element elementor-element-665bb56 elementor-widget elementor-widget-heading\" data-id=\"665bb56\" data-element_type=\"widget\" data-widget_type=\"heading.default\">\n\t\t\t\t<div class=\"elementor-widget-container\">\n\t\t\t<h5 class=\"elementor-heading-title elementor-size-default\">Led Ayd\u0131nlatma, Led Armat\u00fcr \u00c7e\u015fitleri, Lineer Armat\u00fcr \u00c7e\u015fitleri<\/h5>\t\t<\/div>\n\t\t\t\t<\/div>\n\t\t\t\t<div class=\"elementor-element elementor-element-55275f5 elementor-widget elementor-widget-text-editor\" data-id=\"55275f5\" data-element_type=\"widget\" data-widget_type=\"text-editor.default\">\n\t\t\t\t<div class=\"elementor-widget-container\">\n\t\t\t\t\t\t\t<p>Kullan\u0131m yerleri olarak i\u00e7 mekan led ayd\u0131nlatma, gizli \u0131\u015f\u0131k led \u015ferit ayd\u0131nlatma, d\u0131\u015f mekan led ayd\u0131nlatma, bah\u00e7e ve peyzaj led ayd\u0131nlatma, ofis led ayd\u0131nlatma, ma\u011faza led ayd\u0131nlatma, ma\u011faza led ray spot ayd\u0131nlatma, i\u015fyeri etanj led ayd\u0131nlatma, end\u00fcstriyel led ayd\u0131nlatma, fabrika y\u00fcksek tavan led ayd\u0131nlatma, exit ve acil \u00e7\u0131k\u0131\u015f led ayd\u0131nlatma gibi hayat\u0131n her alan\u0131nda led ayd\u0131nlatma \u00fcr\u00fcnlerini sat\u0131\u015f\u0131n\u0131 toptan ve perakende temin edebilirsiniz.<\/p><div><p>Ya\u015fam mek\u00e2nlar\u0131n\u0131n sa\u011fl\u0131kl\u0131 bir \u015fekilde ayd\u0131nlat\u0131lmas\u0131 ger\u00e7ekten \u00e7ok \u00f6nemli. \u00d6nemli bir teknoloji unsuru olan \u0131\u015f\u0131k kayna\u011f\u0131 hayat\u0131m\u0131z\u0131 olumlu \u015fekilde etkilerken \u00f6zellikle led ayd\u0131nlatma floresanlar\u0131 sistemleri, insanlar\u0131n g\u00fcvenerek tercih etti\u011fi teknoloji y\u00f6ntemleri i\u00e7erisinde \u00f6nemli bir yer tutuyor. Son derece sa\u011fl\u0131kl\u0131 ve kullan\u0131\u015fl\u0131 olmas\u0131n\u0131n yan\u0131 s\u0131ra bu sistem uygun enerji kullan\u0131m\u0131 konusunda yine insanlar\u0131n g\u00fcvenerek tercih etti\u011fi bir y\u00f6ntem haline geldi. Bu konuda yap\u0131lan \u00e7al\u0131\u015fmalarla birlikte kar\u015f\u0131n\u0131za \u00e7ok farkl\u0131 \u00fcr\u00fcn se\u00e7enekleri \u00e7\u0131karmaya devam ediyoruz.<\/p><p>S\u0131va alt\u0131 veya s\u0131va \u00fcst\u00fc\u00a0led ayd\u0131nlatma\u00a0armat\u00fcrleri, ya\u015fam mek\u00e2nlar\u0131n\u0131n \u00e7ok daha ho\u015f ve \u015f\u0131k duru\u015funa katk\u0131 sa\u011fl\u0131yor. Ev d\u0131\u015f\u0131 ve ev i\u00e7i ayd\u0131nlatma \u00f6zellikleri insanlar\u0131n daha ferah ve kaliteli mek\u00e2nlarda ya\u015famas\u0131na katk\u0131 sa\u011fl\u0131yor. Gerek lamba gerekse de floresan \u00e7e\u015fitlerinin yan\u0131 s\u0131ra \u0131\u015f\u0131ldak gibi muazzam \u00fcr\u00fcn ve hizmetler \u015fimdi \u00e7ok uygun ko\u015fullarda size internet \u00fczerinden sunuluyor.<\/p><\/div><div><p>Gerek floresan gerekse de rustik led ampul se\u00e7enekleri \u00e7ok fazla tercih ediliyor ve insanlar taraf\u0131ndan g\u00fcvenilerek kullan\u0131l\u0131yor. led floresan \u00e7e\u015fitleri \u00e7ok renkli ve \u0131\u015f\u0131lt\u0131l\u0131 sonu\u00e7lar\u0131 ortaya koymaktad\u0131r. Adeta bir g\u00f6r\u00fcnt\u00fc kabiliyeti ve muazzam b\u00fct\u00fcnl\u00fck kar\u015f\u0131l\u0131\u011f\u0131 olan modeller i\u00e7erisinde \u015ferit led ve ray tipi led spot armat\u00fcrler, insanlar\u0131n hayat\u0131nda kaliteli bir ge\u00e7i\u015fin kontrol\u00fc gibi kar\u015f\u0131m\u0131za \u00e7\u0131k\u0131yor. \u00d6zellikle al\u00e7\u0131 panel veya s\u0131va \u00fczeri veya s\u0131va alt\u0131 modellerle birlikte ya\u015fam mek\u00e2nlar\u0131n\u0131 daha \u015f\u0131k hale getiren se\u00e7enekleri buradan kar\u015f\u0131n\u0131za \u00e7\u0131k\u0131yor.\u00a0<\/p><\/div><div>Son derece ho\u015f ve muazzam tasar\u0131mlarla kendini tan\u0131tan \u00fcr\u00fcn se\u00e7enekleri firmam\u0131z\u0131n avantajl\u0131 \u00fcr\u00fcn se\u00e7enekleri i\u00e7erisinde size fark yarat\u0131yor. Dilerseniz el feneri \u015feklinde dilerseniz da \u0131\u015f\u0131ldak \u015feklinde modellerle birlikte end\u00fcstriyel led ayd\u0131nlatma armat\u00fcrlari \u00e7ok farkl\u0131 ve nitelikte bir \u00fcr\u00fcn olarak size burada katk\u0131 sa\u011fl\u0131yor. Kullan\u0131m yerine g\u00f6re \u00fcr\u00fcn ve hizmetler de\u011fi\u015fkenlik g\u00f6sterirken, sokak\u00a0led armat\u00fcrleri\u00a0ve havuz armat\u00fcrleri, yine burada zengin \u00fcr\u00fcn se\u00e7enekleri i\u00e7in iyi birer \u00f6rnek te\u015fkil etmeye devam ediyor.\u00a0<\/div><div>\u00a0<\/div><div>Elektrik Teknisyeni Yusuf Usta -&gt; 0312 945 3657 \u2013\u00a00535 298 76 46<\/div>\t\t\t\t\t\t<\/div>\n\t\t\t\t<\/div>\n\t\t\t\t\t<\/div>\n\t\t<\/div>\n\t\t\t\t\t\t\t<\/div>\n\t\t<\/section>\n\t\t\t\t\t\t\t<\/div>\n\t\t","protected":false},"excerpt":{"rendered":"<p>Led Ayd\u0131nlatma, Led Armat\u00fcr \u00c7e\u015fitleri, Lineer Armat\u00fcr \u00c7e\u015fitleri Kullan\u0131m yerleri olarak i\u00e7 mekan led ayd\u0131nlatma, gizli \u0131\u015f\u0131k led \u015ferit ayd\u0131nlatma, d\u0131\u015f mekan led ayd\u0131nlatma, bah\u00e7e ve peyzaj led ayd\u0131nlatma, ofis led ayd\u0131nlatma, ma\u011faza led ayd\u0131nlatma, ma\u011faza led ray spot ayd\u0131nlatma, i\u015fyeri etanj led ayd\u0131nlatma, end\u00fcstriyel led ayd\u0131nlatma, fabrika y\u00fcksek tavan led ayd\u0131nlatma, exit ve acil [&hellip;]<\/p>\n","protected":false},"author":1,"featured_media":0,"parent":0,"menu_order":0,"comment_status":"closed","ping_status":"closed","template":"","meta":{"footnotes":""},"_links":{"self":[{"href":"https:\/\/ankaraenyakinelektrikci.com\/index.php?rest_route=\/wp\/v2\/pages\/2264"}],"collection":[{"href":"https:\/\/ankaraenyakinelektrikci.com\/index.php?rest_route=\/wp\/v2\/pages"}],"about":[{"href":"https:\/\/ankaraenyakinelektrikci.com\/index.php?rest_route=\/wp\/v2\/types\/page"}],"author":[{"embeddable":true,"href":"https:\/\/ankaraenyakinelektrikci.com\/index.php?rest_route=\/wp\/v2\/users\/1"}],"replies":[{"embeddable":true,"href":"https:\/\/ankaraenyakinelektrikci.com\/index.php?rest_route=%2Fwp%2Fv2%2Fcomments&post=2264"}],"version-history":[{"count":7,"href":"https:\/\/ankaraenyakinelektrikci.com\/index.php?rest_route=\/wp\/v2\/pages\/2264\/revisions"}],"predecessor-version":[{"id":2928,"href":"https:\/\/ankaraenyakinelektrikci.com\/index.php?rest_route=\/wp\/v2\/pages\/2264\/revisions\/2928"}],"wp:attachment":[{"href":"https:\/\/ankaraenyakinelektrikci.com\/index.php?rest_route=%2Fwp%2Fv2%2Fmedia&parent=2264"}],"curies":[{"name":"wp","href":"https:\/\/api.w.org\/{rel}","templated":true}]}}