{"id":2272,"date":"2022-03-02T10:12:42","date_gmt":"2022-03-02T07:12:42","guid":{"rendered":"https:\/\/ankaraenyakinelektrikci.com\/?page_id=2272"},"modified":"2022-03-11T17:37:46","modified_gmt":"2022-03-11T14:37:46","slug":"tadilat-dekorasyon","status":"publish","type":"page","link":"https:\/\/ankaraenyakinelektrikci.com\/?page_id=2272","title":{"rendered":"Tadilat, Dekorasyon"},"content":{"rendered":"\t\t<div data-elementor-type=\"wp-page\" data-elementor-id=\"2272\" class=\"elementor elementor-2272\">\n\t\t\t\t\t\t\t\t\t<section class=\"elementor-section elementor-top-section elementor-element elementor-element-4646ad0 elementor-section-boxed elementor-section-height-default elementor-section-height-default\" data-id=\"4646ad0\" data-element_type=\"section\">\n\t\t\t\t\t\t<div class=\"elementor-container elementor-column-gap-default\">\n\t\t\t\t\t<div class=\"elementor-column elementor-col-100 elementor-top-column elementor-element elementor-element-4bf9596\" data-id=\"4bf9596\" data-element_type=\"column\">\n\t\t\t<div class=\"elementor-widget-wrap elementor-element-populated\">\n\t\t\t\t\t\t\t\t<div class=\"elementor-element elementor-element-a22f93b elementor-widget elementor-widget-heading\" data-id=\"a22f93b\" data-element_type=\"widget\" data-widget_type=\"heading.default\">\n\t\t\t\t<div class=\"elementor-widget-container\">\n\t\t\t<h5 class=\"elementor-heading-title elementor-size-default\">Tadilat, Dekorasyon<\/h5>\t\t<\/div>\n\t\t\t\t<\/div>\n\t\t\t\t<div class=\"elementor-element elementor-element-44c5f89 elementor-widget elementor-widget-text-editor\" data-id=\"44c5f89\" data-element_type=\"widget\" data-widget_type=\"text-editor.default\">\n\t\t\t\t<div class=\"elementor-widget-container\">\n\t\t\t\t\t\t\t<p>Ankara&#8217;da ev, villa, ofis, daire, fabrika gibi mekanlar\u0131n her t\u00fcrl\u00fc\u00a0<strong>dekorasyon<\/strong>\u00a0ve\u00a0<strong>tadilat<\/strong>\u00a0i\u015fleri i\u00e7in bizden teklif almay\u0131 unutmay\u0131n\u0131z.<\/p><p>Ya\u015fam alanlar\u0131n\u0131n daha \u015f\u0131k ve kullan\u0131\u015fl\u0131 olmas\u0131 i\u00e7in son derece titiz ve hassas davran\u0131yoruz.\u00a0<strong>Ankara tadilat<\/strong>\u00a0ve\u00a0<strong>dekorasyon firmalar\u0131<\/strong>\u00a0aras\u0131nda bilinilirli\u011fi ve g\u00fcvenilirli\u011fi en y\u00fcksek olan\u00a0<strong>dekorasyon ve tadilat<\/strong>\u00a0firmas\u0131 olman\u0131n sorumlulu\u011funu biliyoruz.<\/p><p><strong><em>Ankara tadilat ve dekorasyon<\/em><\/strong>\u00a0firmas\u0131 olarak t\u00fcm ya\u015fam alanlar\u0131nda\u00a0<strong>anahtar teslim tadilat<\/strong>\u00a0ve dekorasyon hizmetini kusursuz bir \u015fekilde tamaml\u0131yor ve zaman\u0131nda teslim ediyoruz. Anahtar teslim ev ve\u00a0ofis tadilat\u0131\u00a0ile birlikte al\u00e7\u0131pan, boya,\u00a0gergi tavan, elektrik, tesisat, g\u00fcvenlik kameras\u0131 kurulumu, g\u00f6r\u00fcnt\u00fcl\u00fc diafon sistemleri, du\u015fakabin, zemin kaplama, seramik, cam balkon,\u00a0tezgah aras\u0131 cam\u00a0ve PVC sistemleri alanlar\u0131nda hizmet sunuyoruz.<\/p><p>Tadilat, kullan\u0131lm\u0131\u015f veya \u00f6mr\u00fcn\u00fc yitirmi\u015f yap\u0131 malzemelerinin bak\u0131m, onar\u0131m, yenileme i\u015flerinin t\u00fcm\u00fcne verilen isimdir.\u00a0<strong>Ev tadilat\u0131<\/strong>\u00a0ve dekorasyonu olduk\u00e7a \u00f6nemlidir ve uzmanl\u0131k gerektiren bir sekt\u00f6rd\u00fcr.<\/p><p><strong>Ev tadilat i\u015fleri<\/strong>, daire tadilat ve dekorasyonu, i\u015f yeri ve ofis tadilat ve dekorasyonu gibi konularda k\u00fc\u00e7\u00fck ya da b\u00fcy\u00fck yenileme projeleriniz i\u00e7in\u00a0\u00a0l\u00fctfen teklif isteyiniz..\u00a0<\/p>\t\t\t\t\t\t<\/div>\n\t\t\t\t<\/div>\n\t\t\t\t\t<\/div>\n\t\t<\/div>\n\t\t\t\t\t\t\t<\/div>\n\t\t<\/section>\n\t\t\t\t<section class=\"elementor-section elementor-top-section elementor-element elementor-element-e7f4ee3 elementor-section-boxed elementor-section-height-default elementor-section-height-default\" data-id=\"e7f4ee3\" data-element_type=\"section\">\n\t\t\t\t\t\t<div class=\"elementor-container elementor-column-gap-default\">\n\t\t\t\t\t<div class=\"elementor-column elementor-col-100 elementor-top-column elementor-element elementor-element-43bc16a\" data-id=\"43bc16a\" data-element_type=\"column\">\n\t\t\t<div class=\"elementor-widget-wrap elementor-element-populated\">\n\t\t\t\t\t\t\t\t<div class=\"elementor-element elementor-element-7d9a11b elementor-widget elementor-widget-image-gallery\" data-id=\"7d9a11b\" data-element_type=\"widget\" data-widget_type=\"image-gallery.default\">\n\t\t\t\t<div class=\"elementor-widget-container\">\n\t\t\t\t\t<div class=\"elementor-image-gallery\">\n\t\t\t<div id='gallery-1' class='gallery galleryid-2272 gallery-columns-4 gallery-size-thumbnail'><figure class='gallery-item'>\n\t\t\t<div class='gallery-icon landscape'>\n\t\t\t\t<a data-elementor-open-lightbox=\"yes\" data-elementor-lightbox-slideshow=\"7d9a11b\" data-e-action-hash=\"#elementor-action%3Aaction%3Dlightbox%26settings%3DeyJpZCI6MjU1NywidXJsIjoiaHR0cHM6XC9cL2Fua2FyYWVueWFraW5lbGVrdHJpa2NpLmNvbVwvd3AtY29udGVudFwvdXBsb2Fkc1wvMjAyMlwvMDNcL3Blb3BsZS1yZW5vdmF0aW5nLWhvdXNlLWNvbmNlcHQtc2NhbGVkLmpwZyIsInNsaWRlc2hvdyI6IjdkOWExMWIifQ%3D%3D\" href='https:\/\/ankaraenyakinelektrikci.com\/wp-content\/uploads\/2022\/03\/people-renovating-house-concept-scaled.jpg'><img loading=\"lazy\" decoding=\"async\" width=\"150\" height=\"150\" src=\"https:\/\/ankaraenyakinelektrikci.com\/wp-content\/uploads\/2022\/03\/people-renovating-house-concept-150x150.jpg\" class=\"attachment-thumbnail size-thumbnail\" alt=\"\" title=\"\"><\/a>\n\t\t\t<\/div><\/figure><figure class='gallery-item'>\n\t\t\t<div class='gallery-icon landscape'>\n\t\t\t\t<a data-elementor-open-lightbox=\"yes\" data-elementor-lightbox-slideshow=\"7d9a11b\" data-e-action-hash=\"#elementor-action%3Aaction%3Dlightbox%26settings%3DeyJpZCI6MjU2MCwidXJsIjoiaHR0cHM6XC9cL2Fua2FyYWVueWFraW5lbGVrdHJpa2NpLmNvbVwvd3AtY29udGVudFwvdXBsb2Fkc1wvMjAyMlwvMDNcL3Blb3BsZS1yZW5vdmF0aW5nLWhvdXNlLWNvbmNlcHQtMS1zY2FsZWQuanBnIiwic2xpZGVzaG93IjoiN2Q5YTExYiJ9\" href='https:\/\/ankaraenyakinelektrikci.com\/wp-content\/uploads\/2022\/03\/people-renovating-house-concept-1-scaled.jpg'><img loading=\"lazy\" decoding=\"async\" width=\"150\" height=\"150\" src=\"https:\/\/ankaraenyakinelektrikci.com\/wp-content\/uploads\/2022\/03\/people-renovating-house-concept-1-150x150.jpg\" class=\"attachment-thumbnail size-thumbnail\" alt=\"\" title=\"\"><\/a>\n\t\t\t<\/div><\/figure>\n\t\t<\/div>\n\t\t<\/div>\n\t\t\t\t<\/div>\n\t\t\t\t<\/div>\n\t\t\t\t\t<\/div>\n\t\t<\/div>\n\t\t\t\t\t\t\t<\/div>\n\t\t<\/section>\n\t\t\t\t\t\t\t<\/div>\n\t\t","protected":false},"excerpt":{"rendered":"<p>Tadilat, Dekorasyon Ankara&#8217;da ev, villa, ofis, daire, fabrika gibi mekanlar\u0131n her t\u00fcrl\u00fc\u00a0dekorasyon\u00a0ve\u00a0tadilat\u00a0i\u015fleri i\u00e7in bizden teklif almay\u0131 unutmay\u0131n\u0131z. Ya\u015fam alanlar\u0131n\u0131n daha \u015f\u0131k ve kullan\u0131\u015fl\u0131 olmas\u0131 i\u00e7in son derece titiz ve hassas davran\u0131yoruz.\u00a0Ankara tadilat\u00a0ve\u00a0dekorasyon firmalar\u0131\u00a0aras\u0131nda bilinilirli\u011fi ve g\u00fcvenilirli\u011fi en y\u00fcksek olan\u00a0dekorasyon ve tadilat\u00a0firmas\u0131 olman\u0131n sorumlulu\u011funu biliyoruz. Ankara tadilat ve dekorasyon\u00a0firmas\u0131 olarak t\u00fcm ya\u015fam alanlar\u0131nda\u00a0anahtar teslim tadilat\u00a0ve dekorasyon [&hellip;]<\/p>\n","protected":false},"author":1,"featured_media":0,"parent":0,"menu_order":0,"comment_status":"closed","ping_status":"closed","template":"","meta":{"footnotes":""},"_links":{"self":[{"href":"https:\/\/ankaraenyakinelektrikci.com\/index.php?rest_route=\/wp\/v2\/pages\/2272"}],"collection":[{"href":"https:\/\/ankaraenyakinelektrikci.com\/index.php?rest_route=\/wp\/v2\/pages"}],"about":[{"href":"https:\/\/ankaraenyakinelektrikci.com\/index.php?rest_route=\/wp\/v2\/types\/page"}],"author":[{"embeddable":true,"href":"https:\/\/ankaraenyakinelektrikci.com\/index.php?rest_route=\/wp\/v2\/users\/1"}],"replies":[{"embeddable":true,"href":"https:\/\/ankaraenyakinelektrikci.com\/index.php?rest_route=%2Fwp%2Fv2%2Fcomments&post=2272"}],"version-history":[{"count":6,"href":"https:\/\/ankaraenyakinelektrikci.com\/index.php?rest_route=\/wp\/v2\/pages\/2272\/revisions"}],"predecessor-version":[{"id":2753,"href":"https:\/\/ankaraenyakinelektrikci.com\/index.php?rest_route=\/wp\/v2\/pages\/2272\/revisions\/2753"}],"wp:attachment":[{"href":"https:\/\/ankaraenyakinelektrikci.com\/index.php?rest_route=%2Fwp%2Fv2%2Fmedia&parent=2272"}],"curies":[{"name":"wp","href":"https:\/\/api.w.org\/{rel}","templated":true}]}}