{"id":2281,"date":"2022-03-02T10:56:19","date_gmt":"2022-03-02T07:56:19","guid":{"rendered":"https:\/\/ankaraenyakinelektrikci.com\/?page_id=2281"},"modified":"2022-03-08T16:13:40","modified_gmt":"2022-03-08T13:13:40","slug":"pvc-kapi-pencere-sistemleri-pvc-tamirat","status":"publish","type":"page","link":"https:\/\/ankaraenyakinelektrikci.com\/?page_id=2281","title":{"rendered":"PVC Kap\u0131, Pencere Sistemleri, PVC Tamirat"},"content":{"rendered":"\t\t<div data-elementor-type=\"wp-page\" data-elementor-id=\"2281\" class=\"elementor elementor-2281\">\n\t\t\t\t\t\t\t\t\t<section class=\"elementor-section elementor-top-section elementor-element elementor-element-66ade1a elementor-section-boxed elementor-section-height-default elementor-section-height-default\" data-id=\"66ade1a\" data-element_type=\"section\">\n\t\t\t\t\t\t<div class=\"elementor-container elementor-column-gap-default\">\n\t\t\t\t\t<div class=\"elementor-column elementor-col-100 elementor-top-column elementor-element elementor-element-d7bfbf5\" data-id=\"d7bfbf5\" data-element_type=\"column\">\n\t\t\t<div class=\"elementor-widget-wrap elementor-element-populated\">\n\t\t\t\t\t\t\t\t<div class=\"elementor-element elementor-element-71c2eb6 elementor-widget elementor-widget-heading\" data-id=\"71c2eb6\" data-element_type=\"widget\" data-widget_type=\"heading.default\">\n\t\t\t\t<div class=\"elementor-widget-container\">\n\t\t\t<h5 class=\"elementor-heading-title elementor-size-default\">PVC Kap\u0131, Pencere Sistemleri, PVC Tamirat\n<\/h5>\t\t<\/div>\n\t\t\t\t<\/div>\n\t\t\t\t<div class=\"elementor-element elementor-element-1379f54 elementor-widget elementor-widget-text-editor\" data-id=\"1379f54\" data-element_type=\"widget\" data-widget_type=\"text-editor.default\">\n\t\t\t\t<div class=\"elementor-widget-container\">\n\t\t\t\t\t\t\t<p>Pvc do\u011framalar zamanla y\u0131pran\u0131r ve ilk g\u00fcnlerdeki performanslar\u0131n\u0131 g\u00f6stermezler bunun en b\u00fcy\u00fcn nedenlerinden biri plastik do\u011framan\u0131n esnek bir malzeme olmas\u0131d\u0131r. G\u00fcn ge\u00e7tikce bak\u0131m\u0131 yap\u0131lmayan pencere ve kap\u0131lar \u00e7al\u0131\u015fmayacakt\u0131r. Pencerenizi her bozuldu\u011funda de\u011fi\u015ftiremeyece\u011finiz ger\u00e7e\u011fini d\u00fc\u015f\u00fcn\u00fcrsek y\u0131ll\u0131k bak\u0131mlarla \u00f6mr\u00fcn\u00fc \u00e7ok daha uzatm\u0131\u015f olacaks\u0131n\u0131z.<\/p><p>Biz pentamiri ekibi olarak sizlere\u00a0<strong>pimapen tamiri<\/strong>\u00a0pvc tamiri\u00a0<em>her marka pencere kap\u0131 tamiri hizmeti<\/em>\u00a0vererek camlar\u0131n\u0131zdaki sorunlar\u0131 \u00e7\u00f6z\u00fcyoruz. Uzman ekiplerimizle \u00e7ok k\u0131sa s\u00fcrede geri d\u00f6n\u00fc\u015f yaparak camlar\u0131n\u0131zdaki b\u00fct\u00fcn s\u0131k\u0131nt\u0131lardan sizi kurtar\u0131yoruz. S\u00f6z verdi\u011fimiz zamanda ke\u015fif ve i\u015f teslimi yaparak di\u011fer firmalarla aram\u0131zdaki fark\u0131 g\u00fcn ge\u00e7tik\u00e7e daha fazla a\u00e7\u0131yoruz. Bize dan\u0131\u015fmadan usta \u00e7a\u011f\u0131rmay\u0131n.<\/p><p>PVC kap\u0131 &#8211; pencere tadilat ve tamirat i\u015fleriniz i\u00e7in size \u00e7ok yak\u0131n\u0131z.\u00a0<a title=\"istanbul pvc servis b\u00f6lgeleri\" href=\"https:\/\/www.pentamiri.com\/servis-bolgeleri\/istanbul-pvc-pencere-servis-bolgeleri\" target=\"_blank\" rel=\"noopener\">\u0130stanbul&#8217;da t\u00fcm semtlere<\/a>\u00a0\u00fccretsiz olarak tadilat yap\u0131lacak yeri inceliyor ve en uygun fiyat\u0131 veriyoruz. G\u00fcler y\u00fczl\u00fc \u00e7al\u0131\u015fma ekibimizle kap\u0131, pencere ve cam kap\u0131 tadilatlar\u0131n\u0131z\u0131 biz yapal\u0131m. Kafan\u0131z rahat etsin. T\u00fcm T\u00fcrkiye&#8217;de sertifikal\u0131 ustalar\u0131m\u0131zla her t\u00fcr problemlerinize an\u0131nda \u00e7\u00f6z\u00fcm \u00fcretiyoruz<\/p><p>Pencere tadilat i\u015fi zahmetli bir i\u015ftir, Ustal\u0131k ve dikkat gerektirir. Deneyimi olmayan ve sadece tadilat i\u015fi alma hevesi olan acemi ustalarla onlarca tadilat\u0131n m\u00fc\u015fterileri ma\u011fdur etti\u011fine \u015fahit olduk. Bu i\u015fte daha \u00e7ok organize olmu\u015f, y\u0131llarca sekt\u00f6rde pi\u015fmi\u015f usta PVC ustalar\u0131 tercih edilmelidir.<\/p>\t\t\t\t\t\t<\/div>\n\t\t\t\t<\/div>\n\t\t\t\t\t<\/div>\n\t\t<\/div>\n\t\t\t\t\t\t\t<\/div>\n\t\t<\/section>\n\t\t\t\t<section class=\"elementor-section elementor-top-section elementor-element elementor-element-4dc7a17 elementor-section-boxed elementor-section-height-default elementor-section-height-default\" data-id=\"4dc7a17\" data-element_type=\"section\">\n\t\t\t\t\t\t<div class=\"elementor-container elementor-column-gap-default\">\n\t\t\t\t\t<div class=\"elementor-column elementor-col-100 elementor-top-column elementor-element elementor-element-d942aeb\" data-id=\"d942aeb\" data-element_type=\"column\">\n\t\t\t<div class=\"elementor-widget-wrap elementor-element-populated\">\n\t\t\t\t\t\t\t\t<div class=\"elementor-element elementor-element-019fab2 elementor-widget elementor-widget-image-gallery\" data-id=\"019fab2\" data-element_type=\"widget\" data-widget_type=\"image-gallery.default\">\n\t\t\t\t<div class=\"elementor-widget-container\">\n\t\t\t\t\t<div class=\"elementor-image-gallery\">\n\t\t\t<div id='gallery-1' class='gallery galleryid-2281 gallery-columns-4 gallery-size-thumbnail'><figure class='gallery-item'>\n\t\t\t<div class='gallery-icon landscape'>\n\t\t\t\t<a data-elementor-open-lightbox=\"yes\" data-elementor-lightbox-slideshow=\"019fab2\" data-elementor-lightbox-title=\"pvc door\" data-e-action-hash=\"#elementor-action%3Aaction%3Dlightbox%26settings%3DeyJpZCI6MjU2NCwidXJsIjoiaHR0cHM6XC9cL2Fua2FyYWVueWFraW5lbGVrdHJpa2NpLmNvbVwvd3AtY29udGVudFwvdXBsb2Fkc1wvMjAyMlwvMDNcL3B2Yy1kb29yLmpwZyIsInNsaWRlc2hvdyI6IjAxOWZhYjIifQ%3D%3D\" href=\"https:\/\/ankaraenyakinelektrikci.com\/wp-content\/uploads\/2022\/03\/pvc-door.jpg\"><img loading=\"lazy\" decoding=\"async\" width=\"150\" height=\"150\" src=\"https:\/\/ankaraenyakinelektrikci.com\/wp-content\/uploads\/2022\/03\/pvc-door-150x150.jpg\" class=\"attachment-thumbnail size-thumbnail\" alt=\"\" title=\"\"><\/a>\n\t\t\t<\/div><\/figure><figure class='gallery-item'>\n\t\t\t<div class='gallery-icon landscape'>\n\t\t\t\t<a data-elementor-open-lightbox=\"yes\" data-elementor-lightbox-slideshow=\"019fab2\" data-elementor-lightbox-title=\"Pencere Sistemleri\" data-e-action-hash=\"#elementor-action%3Aaction%3Dlightbox%26settings%3DeyJpZCI6MjU2NSwidXJsIjoiaHR0cHM6XC9cL2Fua2FyYWVueWFraW5lbGVrdHJpa2NpLmNvbVwvd3AtY29udGVudFwvdXBsb2Fkc1wvMjAyMlwvMDNcL1BlbmNlcmUtU2lzdGVtbGVyaS5qcGciLCJzbGlkZXNob3ciOiIwMTlmYWIyIn0%3D\" href=\"https:\/\/ankaraenyakinelektrikci.com\/wp-content\/uploads\/2022\/03\/Pencere-Sistemleri.jpg\"><img loading=\"lazy\" decoding=\"async\" width=\"150\" height=\"150\" src=\"https:\/\/ankaraenyakinelektrikci.com\/wp-content\/uploads\/2022\/03\/Pencere-Sistemleri-150x150.jpg\" class=\"attachment-thumbnail size-thumbnail\" alt=\"\" title=\"\"><\/a>\n\t\t\t<\/div><\/figure>\n\t\t<\/div>\n\t\t<\/div>\n\t\t\t\t<\/div>\n\t\t\t\t<\/div>\n\t\t\t\t\t<\/div>\n\t\t<\/div>\n\t\t\t\t\t\t\t<\/div>\n\t\t<\/section>\n\t\t\t\t\t\t\t<\/div>\n\t\t","protected":false},"excerpt":{"rendered":"<p>PVC Kap\u0131, Pencere Sistemleri, PVC Tamirat Pvc do\u011framalar zamanla y\u0131pran\u0131r ve ilk g\u00fcnlerdeki performanslar\u0131n\u0131 g\u00f6stermezler bunun en b\u00fcy\u00fcn nedenlerinden biri plastik do\u011framan\u0131n esnek bir malzeme olmas\u0131d\u0131r. G\u00fcn ge\u00e7tikce bak\u0131m\u0131 yap\u0131lmayan pencere ve kap\u0131lar \u00e7al\u0131\u015fmayacakt\u0131r. Pencerenizi her bozuldu\u011funda de\u011fi\u015ftiremeyece\u011finiz ger\u00e7e\u011fini d\u00fc\u015f\u00fcn\u00fcrsek y\u0131ll\u0131k bak\u0131mlarla \u00f6mr\u00fcn\u00fc \u00e7ok daha uzatm\u0131\u015f olacaks\u0131n\u0131z. Biz pentamiri ekibi olarak sizlere\u00a0pimapen tamiri\u00a0pvc tamiri\u00a0her marka [&hellip;]<\/p>\n","protected":false},"author":1,"featured_media":0,"parent":0,"menu_order":0,"comment_status":"closed","ping_status":"closed","template":"","meta":{"footnotes":""},"_links":{"self":[{"href":"https:\/\/ankaraenyakinelektrikci.com\/index.php?rest_route=\/wp\/v2\/pages\/2281"}],"collection":[{"href":"https:\/\/ankaraenyakinelektrikci.com\/index.php?rest_route=\/wp\/v2\/pages"}],"about":[{"href":"https:\/\/ankaraenyakinelektrikci.com\/index.php?rest_route=\/wp\/v2\/types\/page"}],"author":[{"embeddable":true,"href":"https:\/\/ankaraenyakinelektrikci.com\/index.php?rest_route=\/wp\/v2\/users\/1"}],"replies":[{"embeddable":true,"href":"https:\/\/ankaraenyakinelektrikci.com\/index.php?rest_route=%2Fwp%2Fv2%2Fcomments&post=2281"}],"version-history":[{"count":10,"href":"https:\/\/ankaraenyakinelektrikci.com\/index.php?rest_route=\/wp\/v2\/pages\/2281\/revisions"}],"predecessor-version":[{"id":2575,"href":"https:\/\/ankaraenyakinelektrikci.com\/index.php?rest_route=\/wp\/v2\/pages\/2281\/revisions\/2575"}],"wp:attachment":[{"href":"https:\/\/ankaraenyakinelektrikci.com\/index.php?rest_route=%2Fwp%2Fv2%2Fmedia&parent=2281"}],"curies":[{"name":"wp","href":"https:\/\/api.w.org\/{rel}","templated":true}]}}