{"id":2294,"date":"2022-03-02T11:00:30","date_gmt":"2022-03-02T08:00:30","guid":{"rendered":"https:\/\/ankaraenyakinelektrikci.com\/?page_id=2294"},"modified":"2022-03-08T16:16:27","modified_gmt":"2022-03-08T13:16:27","slug":"sineklik-cesitleri","status":"publish","type":"page","link":"https:\/\/ankaraenyakinelektrikci.com\/?page_id=2294","title":{"rendered":"Sineklik \u00c7e\u015fitleri"},"content":{"rendered":"\t\t<div data-elementor-type=\"wp-page\" data-elementor-id=\"2294\" class=\"elementor elementor-2294\">\n\t\t\t\t\t\t\t\t\t<section class=\"elementor-section elementor-top-section elementor-element elementor-element-a314cea elementor-section-boxed elementor-section-height-default elementor-section-height-default\" data-id=\"a314cea\" data-element_type=\"section\">\n\t\t\t\t\t\t<div class=\"elementor-container elementor-column-gap-default\">\n\t\t\t\t\t<div class=\"elementor-column elementor-col-100 elementor-top-column elementor-element elementor-element-7f76bb7\" data-id=\"7f76bb7\" data-element_type=\"column\">\n\t\t\t<div class=\"elementor-widget-wrap elementor-element-populated\">\n\t\t\t\t\t\t\t\t<div class=\"elementor-element elementor-element-2afa694 elementor-widget elementor-widget-heading\" data-id=\"2afa694\" data-element_type=\"widget\" data-widget_type=\"heading.default\">\n\t\t\t\t<div class=\"elementor-widget-container\">\n\t\t\t<h5 class=\"elementor-heading-title elementor-size-default\">Sineklik \u00c7e\u015fitleri<\/h5>\t\t<\/div>\n\t\t\t\t<\/div>\n\t\t\t\t<div class=\"elementor-element elementor-element-eb88c46 elementor-widget elementor-widget-text-editor\" data-id=\"eb88c46\" data-element_type=\"widget\" data-widget_type=\"text-editor.default\">\n\t\t\t\t<div class=\"elementor-widget-container\">\n\t\t\t\t\t\t\t<p>\u00d6zellikle yaz mevsiminde balkonda oturmak, yemek yemek, kahve i\u00e7mek ve balkonda \u00e7e\u015fitli kutu oyunlar\u0131 oynayarak sevdiklerinizle vakit ge\u00e7irmek yaz\u0131 yaz yapan \u015feylerden biridir. A\u015f\u0131r\u0131 s\u0131cak havalardan bunald\u0131\u011f\u0131n\u0131zda pencereleri a\u00e7arak i\u00e7eri esen r\u00fczg\u00e2r\u0131n ferahlatmas\u0131 en rahatlat\u0131c\u0131 olaylardan biridir. Tabi t\u00fcm bu keyifli i\u015fler sizi ne\u015felendirse de kara sinekler ve sivrisinekler her an sizi rahats\u0131z etmek i\u00e7in tetikte olacaklar\u0131n\u0131 bilmek, kap\u0131dan ve pencereden i\u00e7eri giren sineklerin gece boyunca kula\u011f\u0131n\u0131z\u0131n dibinde v\u0131z\u0131ldayarak sizi uykunuzdan etti\u011fi yetmezcesine bir de sabaha kadar pek \u00e7ok yerinizde sinek \u0131s\u0131r\u0131klar\u0131na yol a\u00e7arak ka\u015f\u0131nman\u0131za sebep olmalar\u0131, yaz\u0131 katlanmaz k\u0131lan \u00e7ileler aras\u0131ndad\u0131r. Sinek girmesin diye pencere a\u00e7may\u0131nca s\u0131caktan fenala\u015fmak ya da sineklerin i\u00e7eri girmesine raz\u0131 olarak pencere a\u00e7mak yaz aylar\u0131nda en b\u00fcy\u00fck ikilemdir. B\u00fct\u00fcn sinek muhabbetinden kurtularak yaz\u0131n tamamen tad\u0131n\u0131 \u00e7\u0131karmak ise \u00e7ok eskiden beri kullan\u0131lan olduk\u00e7a b\u00fct\u00e7e dostu\u00a0<strong>sineklik<\/strong>\u00a0sayesinde yaz aylar\u0131 tamamen bir e\u011flenceye d\u00f6n\u00fc\u015f\u00fcyor. Siz de\u00a0nalburiye ve h\u0131rdavat sayfam\u0131zdan t\u00fcm \u00e7e\u015fitlere g\u00f6z atabilirsiniz.<\/p><div class=\"desc\"><div class=\"descRow\"><div class=\"descCell\"><h3 class=\"innerTitle\">Sineklerden Korunman\u0131n En Do\u011fru Y\u00f6ntemi Sineklikler<\/h3><p>\u00c7ok eski zamanlarda bebekleri \u00e7e\u015fitli ha\u015ferelerle ta\u015f\u0131nan sar\u0131humma, s\u0131tma gibi hastal\u0131klardan korumak i\u00e7in yataklar\u0131n kenarlar\u0131na \u00e7ad\u0131r gibi gerdirilen olduk\u00e7a etkili ve cep yakmayan fiyatlar\u0131yla her ebeveynin tercih etti\u011fi cibinlik, zamanla geli\u015fen teknolojiyle beraber geli\u015ferek \u00e7e\u015fitli boyutlarda \u00fcretilmi\u015f, modern hale getirilmi\u015f ve sineklik ad\u0131n\u0131 alm\u0131\u015ft\u0131r. \u015eekilleri itibariyle de evinize \u015f\u0131kl\u0131k katan kaliteli sineklikler avantajl\u0131 fiyatlar\u0131yla bu yaz\u0131 sinek ve ha\u015ferelerden uzak ge\u00e7irebilirsiniz. \u00d6zellikle sineklerden korunmak i\u00e7in \u00e7o\u011funlukla tercih ediliyor gibi g\u00f6z\u00fckse de sineklikler d\u0131\u015far\u0131dan evinize girebilecek olan u\u00e7an, y\u00fcr\u00fcyen pek \u00e7ok ha\u015fereye kar\u015f\u0131 bir kalkan g\u00f6revi g\u00f6r\u00fcr. Pek \u00e7ok mikrobun ta\u015f\u0131y\u0131c\u0131s\u0131 olan kara sineklerin evinize girmesinin engellenmesi a\u00e7\u0131s\u0131ndan b\u00fcy\u00fck \u00f6nem ta\u015f\u0131r. \u00d6zellikle k\u00fc\u00e7\u00fck \u00e7ocu\u011fu olanlar i\u00e7in b\u00fcy\u00fck \u00f6nem ta\u015f\u0131yan sineklikler, \u00e7e\u015fitli ha\u015ferelere kar\u015f\u0131 alerjisi olanlar veya ha\u015fereleri uzak tutmak i\u00e7in kimyasal yollara ba\u015fvurmak istemeyenler i\u00e7in en iyi ve en ekonomik se\u00e7im olacakt\u0131r. Kendinizi ve ailenizi koruman\u0131n en do\u011fru adresi olan sinekliklerin size sundu\u011fu konforu bir daha asla kaybetmek istemeyeceksiniz. \u00dcstelik farkl\u0131 modelleri, ev dekorunuza uyabilecek renk se\u00e7enekleri, daha pratik yap\u0131\u015fkanl\u0131 se\u00e7enekleriyle her mek\u00e2na uygun sineklikler bulunmaktad\u0131r. Kaliteli ve ergonomik sinekliklere sayfam\u0131zdan ula\u015fabilirsiniz.<\/p><\/div><\/div><\/div>\t\t\t\t\t\t<\/div>\n\t\t\t\t<\/div>\n\t\t\t\t\t<\/div>\n\t\t<\/div>\n\t\t\t\t\t\t\t<\/div>\n\t\t<\/section>\n\t\t\t\t<section class=\"elementor-section elementor-top-section elementor-element elementor-element-9450987 elementor-section-boxed elementor-section-height-default elementor-section-height-default\" data-id=\"9450987\" data-element_type=\"section\">\n\t\t\t\t\t\t<div class=\"elementor-container elementor-column-gap-default\">\n\t\t\t\t\t<div class=\"elementor-column elementor-col-100 elementor-top-column elementor-element elementor-element-06c56a1\" data-id=\"06c56a1\" data-element_type=\"column\">\n\t\t\t<div class=\"elementor-widget-wrap elementor-element-populated\">\n\t\t\t\t\t\t\t\t<div class=\"elementor-element elementor-element-41f2c3a elementor-widget elementor-widget-image-gallery\" data-id=\"41f2c3a\" data-element_type=\"widget\" data-widget_type=\"image-gallery.default\">\n\t\t\t\t<div class=\"elementor-widget-container\">\n\t\t\t\t\t<div class=\"elementor-image-gallery\">\n\t\t\t<div id='gallery-1' class='gallery galleryid-2294 gallery-columns-4 gallery-size-thumbnail'><figure class='gallery-item'>\n\t\t\t<div class='gallery-icon landscape'>\n\t\t\t\t<a data-elementor-open-lightbox=\"yes\" data-elementor-lightbox-slideshow=\"41f2c3a\" data-e-action-hash=\"#elementor-action%3Aaction%3Dlightbox%26settings%3DeyJpZCI6MjU3OCwidXJsIjoiaHR0cHM6XC9cL2Fua2FyYWVueWFraW5lbGVrdHJpa2NpLmNvbVwvd3AtY29udGVudFwvdXBsb2Fkc1wvMjAyMlwvMDNcL2dlYnplLXNpbmVrbGlrLTQuanBnIiwic2xpZGVzaG93IjoiNDFmMmMzYSJ9\" href='https:\/\/ankaraenyakinelektrikci.com\/wp-content\/uploads\/2022\/03\/gebze-sineklik-4.jpg'><img loading=\"lazy\" decoding=\"async\" width=\"150\" height=\"150\" src=\"https:\/\/ankaraenyakinelektrikci.com\/wp-content\/uploads\/2022\/03\/gebze-sineklik-4-150x150.jpg\" class=\"attachment-thumbnail size-thumbnail\" alt=\"\" title=\"\"><\/a>\n\t\t\t<\/div><\/figure><figure class='gallery-item'>\n\t\t\t<div class='gallery-icon landscape'>\n\t\t\t\t<a data-elementor-open-lightbox=\"yes\" data-elementor-lightbox-slideshow=\"41f2c3a\" data-e-action-hash=\"#elementor-action%3Aaction%3Dlightbox%26settings%3DeyJpZCI6MjU3OSwidXJsIjoiaHR0cHM6XC9cL2Fua2FyYWVueWFraW5lbGVrdHJpa2NpLmNvbVwvd3AtY29udGVudFwvdXBsb2Fkc1wvMjAyMlwvMDNcL21pcmFfc2luZWtsaWtfMi5qcGciLCJzbGlkZXNob3ciOiI0MWYyYzNhIn0%3D\" href='https:\/\/ankaraenyakinelektrikci.com\/wp-content\/uploads\/2022\/03\/mira_sineklik_2.jpg'><img loading=\"lazy\" decoding=\"async\" width=\"150\" height=\"150\" src=\"https:\/\/ankaraenyakinelektrikci.com\/wp-content\/uploads\/2022\/03\/mira_sineklik_2-150x150.jpg\" class=\"attachment-thumbnail size-thumbnail\" alt=\"\" title=\"\"><\/a>\n\t\t\t<\/div><\/figure>\n\t\t<\/div>\n\t\t<\/div>\n\t\t\t\t<\/div>\n\t\t\t\t<\/div>\n\t\t\t\t\t<\/div>\n\t\t<\/div>\n\t\t\t\t\t\t\t<\/div>\n\t\t<\/section>\n\t\t\t\t\t\t\t<\/div>\n\t\t","protected":false},"excerpt":{"rendered":"<p>Sineklik \u00c7e\u015fitleri \u00d6zellikle yaz mevsiminde balkonda oturmak, yemek yemek, kahve i\u00e7mek ve balkonda \u00e7e\u015fitli kutu oyunlar\u0131 oynayarak sevdiklerinizle vakit ge\u00e7irmek yaz\u0131 yaz yapan \u015feylerden biridir. A\u015f\u0131r\u0131 s\u0131cak havalardan bunald\u0131\u011f\u0131n\u0131zda pencereleri a\u00e7arak i\u00e7eri esen r\u00fczg\u00e2r\u0131n ferahlatmas\u0131 en rahatlat\u0131c\u0131 olaylardan biridir. Tabi t\u00fcm bu keyifli i\u015fler sizi ne\u015felendirse de kara sinekler ve sivrisinekler her an sizi rahats\u0131z [&hellip;]<\/p>\n","protected":false},"author":1,"featured_media":0,"parent":0,"menu_order":0,"comment_status":"closed","ping_status":"closed","template":"","meta":{"footnotes":""},"_links":{"self":[{"href":"https:\/\/ankaraenyakinelektrikci.com\/index.php?rest_route=\/wp\/v2\/pages\/2294"}],"collection":[{"href":"https:\/\/ankaraenyakinelektrikci.com\/index.php?rest_route=\/wp\/v2\/pages"}],"about":[{"href":"https:\/\/ankaraenyakinelektrikci.com\/index.php?rest_route=\/wp\/v2\/types\/page"}],"author":[{"embeddable":true,"href":"https:\/\/ankaraenyakinelektrikci.com\/index.php?rest_route=\/wp\/v2\/users\/1"}],"replies":[{"embeddable":true,"href":"https:\/\/ankaraenyakinelektrikci.com\/index.php?rest_route=%2Fwp%2Fv2%2Fcomments&post=2294"}],"version-history":[{"count":10,"href":"https:\/\/ankaraenyakinelektrikci.com\/index.php?rest_route=\/wp\/v2\/pages\/2294\/revisions"}],"predecessor-version":[{"id":2588,"href":"https:\/\/ankaraenyakinelektrikci.com\/index.php?rest_route=\/wp\/v2\/pages\/2294\/revisions\/2588"}],"wp:attachment":[{"href":"https:\/\/ankaraenyakinelektrikci.com\/index.php?rest_route=%2Fwp%2Fv2%2Fmedia&parent=2294"}],"curies":[{"name":"wp","href":"https:\/\/api.w.org\/{rel}","templated":true}]}}