{"id":2310,"date":"2022-03-02T11:18:55","date_gmt":"2022-03-02T08:18:55","guid":{"rendered":"https:\/\/ankaraenyakinelektrikci.com\/?page_id=2310"},"modified":"2022-03-08T16:41:17","modified_gmt":"2022-03-08T13:41:17","slug":"karot-beton-delme-kesme","status":"publish","type":"page","link":"https:\/\/ankaraenyakinelektrikci.com\/?page_id=2310","title":{"rendered":"Karot Beton Delme Kesme"},"content":{"rendered":"\t\t<div data-elementor-type=\"wp-page\" data-elementor-id=\"2310\" class=\"elementor elementor-2310\">\n\t\t\t\t\t\t\t\t\t<section class=\"elementor-section elementor-top-section elementor-element elementor-element-d1fe7b1 elementor-section-boxed elementor-section-height-default elementor-section-height-default\" data-id=\"d1fe7b1\" data-element_type=\"section\">\n\t\t\t\t\t\t<div class=\"elementor-container elementor-column-gap-default\">\n\t\t\t\t\t<div class=\"elementor-column elementor-col-100 elementor-top-column elementor-element elementor-element-3ddbe20\" data-id=\"3ddbe20\" data-element_type=\"column\">\n\t\t\t<div class=\"elementor-widget-wrap elementor-element-populated\">\n\t\t\t\t\t\t\t\t<div class=\"elementor-element elementor-element-52aaedf elementor-widget elementor-widget-heading\" data-id=\"52aaedf\" data-element_type=\"widget\" data-widget_type=\"heading.default\">\n\t\t\t\t<div class=\"elementor-widget-container\">\n\t\t\t<h5 class=\"elementor-heading-title elementor-size-default\">Karot Beton Delme Kesme<\/h5>\t\t<\/div>\n\t\t\t\t<\/div>\n\t\t\t\t<div class=\"elementor-element elementor-element-7f80a92 elementor-widget elementor-widget-text-editor\" data-id=\"7f80a92\" data-element_type=\"widget\" data-widget_type=\"text-editor.default\">\n\t\t\t\t<div class=\"elementor-widget-container\">\n\t\t\t\t\t\t\t<p>Karot, in\u015faat sekt\u00f6r\u00fcnde kullan\u0131lan bir terimdir ve beton delme i\u015fleminin di\u011fer bir ad\u0131d\u0131r. Beton delme i\u015flemini yapabilmek i\u00e7in karot makinesine ihtiya\u00e7 vard\u0131r. Bu makinenin \u00e7al\u0131\u015fabilmesi i\u00e7in delme sehpas\u0131 ve elmas soketli karot ucu da olmas\u0131 gerekir. Her t\u00fcrl\u00fc betonda, uygun avadanl\u0131klarla delme i\u015flemi yap\u0131labilir.<\/p><p>Beton k\u0131rma uygulamas\u0131 yap\u0131lmas\u0131 gerektiren zamanlarda elektrikli,hidrolik,haval\u0131, mini i\u015f makineleri ve a\u011f\u0131r i\u015f makineleri ilk akla gelenlerdendir. \u0130\u015f makineleri<\/p><p>Betonun onar\u0131lmas\u0131, depreme y\u00f6nelik bina y\u00fck\u00fc azalt\u0131lmas\u0131,tadilat ve revizyon \u00e7al\u0131\u015fmalar\u0131nda, k\u00fctlelerin kald\u0131r\u0131lmas\u0131 vb alanlarda k\u0131r\u0131m yap\u0131lmaktad\u0131r.<\/p>\t\t\t\t\t\t<\/div>\n\t\t\t\t<\/div>\n\t\t\t\t\t<\/div>\n\t\t<\/div>\n\t\t\t\t\t\t\t<\/div>\n\t\t<\/section>\n\t\t\t\t<section class=\"elementor-section elementor-top-section elementor-element elementor-element-d8cb15c elementor-section-boxed elementor-section-height-default elementor-section-height-default\" data-id=\"d8cb15c\" data-element_type=\"section\">\n\t\t\t\t\t\t<div class=\"elementor-container elementor-column-gap-default\">\n\t\t\t\t\t<div class=\"elementor-column elementor-col-100 elementor-top-column elementor-element elementor-element-c7c3245\" data-id=\"c7c3245\" data-element_type=\"column\">\n\t\t\t<div class=\"elementor-widget-wrap elementor-element-populated\">\n\t\t\t\t\t\t\t\t<div class=\"elementor-element elementor-element-4ec78ea elementor-widget elementor-widget-image-gallery\" data-id=\"4ec78ea\" data-element_type=\"widget\" data-widget_type=\"image-gallery.default\">\n\t\t\t\t<div class=\"elementor-widget-container\">\n\t\t\t\t\t<div class=\"elementor-image-gallery\">\n\t\t\t<div id='gallery-1' class='gallery galleryid-2310 gallery-columns-4 gallery-size-thumbnail'><figure class='gallery-item'>\n\t\t\t<div class='gallery-icon landscape'>\n\t\t\t\t<a data-elementor-open-lightbox=\"yes\" data-elementor-lightbox-slideshow=\"4ec78ea\" data-elementor-lightbox-title=\"Karot Beton Delme Kesme\" data-e-action-hash=\"#elementor-action%3Aaction%3Dlightbox%26settings%3DeyJpZCI6MjU5NiwidXJsIjoiaHR0cHM6XC9cL2Fua2FyYWVueWFraW5lbGVrdHJpa2NpLmNvbVwvd3AtY29udGVudFwvdXBsb2Fkc1wvMjAyMlwvMDNcL0thcm90LUJldG9uLURlbG1lLUtlc21lLmpwZyIsInNsaWRlc2hvdyI6IjRlYzc4ZWEifQ%3D%3D\" href='https:\/\/ankaraenyakinelektrikci.com\/wp-content\/uploads\/2022\/03\/Karot-Beton-Delme-Kesme.jpg'><img loading=\"lazy\" decoding=\"async\" width=\"150\" height=\"150\" src=\"https:\/\/ankaraenyakinelektrikci.com\/wp-content\/uploads\/2022\/03\/Karot-Beton-Delme-Kesme-150x150.jpg\" class=\"attachment-thumbnail size-thumbnail\" alt=\"\" srcset=\"https:\/\/ankaraenyakinelektrikci.com\/wp-content\/uploads\/2022\/03\/Karot-Beton-Delme-Kesme-150x150.jpg 150w, https:\/\/ankaraenyakinelektrikci.com\/wp-content\/uploads\/2022\/03\/Karot-Beton-Delme-Kesme-300x300.jpg 300w, https:\/\/ankaraenyakinelektrikci.com\/wp-content\/uploads\/2022\/03\/Karot-Beton-Delme-Kesme.jpg 721w\" sizes=\"(max-width: 150px) 100vw, 150px\" title=\"\"><\/a>\n\t\t\t<\/div><\/figure><figure class='gallery-item'>\n\t\t\t<div class='gallery-icon landscape'>\n\t\t\t\t<a data-elementor-open-lightbox=\"yes\" data-elementor-lightbox-slideshow=\"4ec78ea\" data-elementor-lightbox-title=\"Karot Beton Delme\" data-e-action-hash=\"#elementor-action%3Aaction%3Dlightbox%26settings%3DeyJpZCI6MjU5NywidXJsIjoiaHR0cHM6XC9cL2Fua2FyYWVueWFraW5lbGVrdHJpa2NpLmNvbVwvd3AtY29udGVudFwvdXBsb2Fkc1wvMjAyMlwvMDNcL0thcm90LUJldG9uLURlbG1lLmpwZyIsInNsaWRlc2hvdyI6IjRlYzc4ZWEifQ%3D%3D\" href='https:\/\/ankaraenyakinelektrikci.com\/wp-content\/uploads\/2022\/03\/Karot-Beton-Delme.jpg'><img loading=\"lazy\" decoding=\"async\" width=\"150\" height=\"150\" src=\"https:\/\/ankaraenyakinelektrikci.com\/wp-content\/uploads\/2022\/03\/Karot-Beton-Delme-150x150.jpg\" class=\"attachment-thumbnail size-thumbnail\" alt=\"\" title=\"\"><\/a>\n\t\t\t<\/div><\/figure>\n\t\t<\/div>\n\t\t<\/div>\n\t\t\t\t<\/div>\n\t\t\t\t<\/div>\n\t\t\t\t\t<\/div>\n\t\t<\/div>\n\t\t\t\t\t\t\t<\/div>\n\t\t<\/section>\n\t\t\t\t\t\t\t<\/div>\n\t\t","protected":false},"excerpt":{"rendered":"<p>Karot Beton Delme Kesme Karot, in\u015faat sekt\u00f6r\u00fcnde kullan\u0131lan bir terimdir ve beton delme i\u015fleminin di\u011fer bir ad\u0131d\u0131r. Beton delme i\u015flemini yapabilmek i\u00e7in karot makinesine ihtiya\u00e7 vard\u0131r. Bu makinenin \u00e7al\u0131\u015fabilmesi i\u00e7in delme sehpas\u0131 ve elmas soketli karot ucu da olmas\u0131 gerekir. Her t\u00fcrl\u00fc betonda, uygun avadanl\u0131klarla delme i\u015flemi yap\u0131labilir. Beton k\u0131rma uygulamas\u0131 yap\u0131lmas\u0131 gerektiren zamanlarda elektrikli,hidrolik,haval\u0131, [&hellip;]<\/p>\n","protected":false},"author":1,"featured_media":0,"parent":0,"menu_order":0,"comment_status":"closed","ping_status":"closed","template":"","meta":{"footnotes":""},"_links":{"self":[{"href":"https:\/\/ankaraenyakinelektrikci.com\/index.php?rest_route=\/wp\/v2\/pages\/2310"}],"collection":[{"href":"https:\/\/ankaraenyakinelektrikci.com\/index.php?rest_route=\/wp\/v2\/pages"}],"about":[{"href":"https:\/\/ankaraenyakinelektrikci.com\/index.php?rest_route=\/wp\/v2\/types\/page"}],"author":[{"embeddable":true,"href":"https:\/\/ankaraenyakinelektrikci.com\/index.php?rest_route=\/wp\/v2\/users\/1"}],"replies":[{"embeddable":true,"href":"https:\/\/ankaraenyakinelektrikci.com\/index.php?rest_route=%2Fwp%2Fv2%2Fcomments&post=2310"}],"version-history":[{"count":4,"href":"https:\/\/ankaraenyakinelektrikci.com\/index.php?rest_route=\/wp\/v2\/pages\/2310\/revisions"}],"predecessor-version":[{"id":2601,"href":"https:\/\/ankaraenyakinelektrikci.com\/index.php?rest_route=\/wp\/v2\/pages\/2310\/revisions\/2601"}],"wp:attachment":[{"href":"https:\/\/ankaraenyakinelektrikci.com\/index.php?rest_route=%2Fwp%2Fv2%2Fmedia&parent=2310"}],"curies":[{"name":"wp","href":"https:\/\/api.w.org\/{rel}","templated":true}]}}