{"id":2333,"date":"2022-03-02T11:47:13","date_gmt":"2022-03-02T08:47:13","guid":{"rendered":"https:\/\/ankaraenyakinelektrikci.com\/?page_id=2333"},"modified":"2022-03-11T17:24:37","modified_gmt":"2022-03-11T14:24:37","slug":"alcipan-bolme","status":"publish","type":"page","link":"https:\/\/ankaraenyakinelektrikci.com\/?page_id=2333","title":{"rendered":"Al\u00e7\u0131pan B\u00f6lme"},"content":{"rendered":"\t\t<div data-elementor-type=\"wp-page\" data-elementor-id=\"2333\" class=\"elementor elementor-2333\">\n\t\t\t\t\t\t\t\t\t<section class=\"elementor-section elementor-top-section elementor-element elementor-element-15b94a6 elementor-section-boxed elementor-section-height-default elementor-section-height-default\" data-id=\"15b94a6\" data-element_type=\"section\">\n\t\t\t\t\t\t<div class=\"elementor-container elementor-column-gap-default\">\n\t\t\t\t\t<div class=\"elementor-column elementor-col-100 elementor-top-column elementor-element elementor-element-0ae5fa3\" data-id=\"0ae5fa3\" data-element_type=\"column\">\n\t\t\t<div class=\"elementor-widget-wrap elementor-element-populated\">\n\t\t\t\t\t\t\t\t<div class=\"elementor-element elementor-element-3737e88 elementor-widget elementor-widget-heading\" data-id=\"3737e88\" data-element_type=\"widget\" data-widget_type=\"heading.default\">\n\t\t\t\t<div class=\"elementor-widget-container\">\n\t\t\t<h5 class=\"elementor-heading-title elementor-size-default\">Al\u00e7\u0131pan B\u00f6lme<\/h5>\t\t<\/div>\n\t\t\t\t<\/div>\n\t\t\t\t<div class=\"elementor-element elementor-element-9761611 elementor-widget elementor-widget-text-editor\" data-id=\"9761611\" data-element_type=\"widget\" data-widget_type=\"text-editor.default\">\n\t\t\t\t<div class=\"elementor-widget-container\">\n\t\t\t\t\t\t\t<p><strong>Al\u00e7\u0131pan b\u00f6lme duvarlar<\/strong>\u00a0bilindi\u011fi \u00fczere binalarda tasar\u0131m anlam\u0131nda s\u0131n\u0131r tan\u0131mayan bir \u00f6zg\u00fcrl\u00fck sa\u011flad\u0131\u011f\u0131 i\u00e7in dekorasyon sekt\u00f6r\u00fcnde ve in\u015faat sekt\u00f6r\u00fcnde \u00e7ok s\u0131k kullan\u0131lmaktad\u0131r. Al\u00e7\u0131 panel duvarlar di\u011fer b\u00f6lme duvarlara g\u00f6re \u00f6ncelikle daha ekonomiktir ayn\u0131 zamanda montaj kolayl\u0131\u011f\u0131 vard\u0131r ve istenirse demonte edilerek ba\u015fka bir alanda kullan\u0131labilir. Al\u00e7\u0131pan b\u00f6lme duvarlar ekonomik olmas\u0131na kar\u015f\u0131n\u00a0<strong>ses yal\u0131t\u0131m\u0131 ve \u0131s\u0131 yal\u0131t\u0131m\u0131<\/strong>\u00a0anlam\u0131nda \u00e7ok y\u00fcksek bir performans sa\u011flar. Deprem ve yang\u0131n gibi felaketlerede olduk\u00e7a dayan\u0131kl\u0131 bir yap\u0131ya sahiptir. Bunlar ve bunlarla ilgili bir \u00e7ok sebepten dolay\u0131 \u00e7ok s\u0131k kullan\u0131lan al\u00e7\u0131pan b\u00f6lme duvarlar\u0131n malzemesi kadar i\u015f\u00e7ili\u011fide \u00e7ok b\u00fcy\u00fck \u00f6nem ta\u015f\u0131maktad\u0131r. Firmam\u0131z\u00a0<strong>al\u00e7\u0131pan b\u00f6lme duvar<\/strong>\u0131 imalat\u0131n\u0131n yan\u0131 s\u0131ra uygulama konusunda da m\u00fc\u015fterilerine yard\u0131mc\u0131 olmaktad\u0131r.<\/p><p>Al\u00e7\u0131pan b\u00f6lme duvarlar \u00f6zel \u00fcretilen dekoratif \u00fcr\u00fcnler olduklar\u0131ndan dolay\u0131 ve boyutlar\u0131n\u0131n b\u00fcy\u00fck olmas\u0131 nedeniyle her ne kal\u0131nl\u0131kta \u00fcretilirse \u00fcretilsin itina ile ta\u015f\u0131nmas\u0131 gerekir. Aksi taktirde nakliye a\u015famas\u0131nda k\u0131r\u0131labilir. Ayn\u0131 zamanda al\u00e7\u0131pan b\u00f6lme duvarlar\u0131n alan\u0131nda profesyonel ki\u015filer taraf\u0131ndan uygulanmas\u0131nda fayda vard\u0131r. \u00d6zellikle ilk sipari\u015f a\u015famas\u0131nda do\u011fru \u00f6l\u00e7\u00fc verilmesi hayati \u00f6nem ta\u015f\u0131maktad\u0131r. M\u00fc\u015fterilerimizin verdi\u011fi \u00f6l\u00e7\u00fclere g\u00f6re \u00f6zel \u00fcretim yap\u0131ld\u0131\u011f\u0131ndan dolay\u0131 1 cm bile bazen b\u00fcy\u00fck sorunlar \u00e7\u0131kartabilir. Bu y\u00fczden m\u00fc\u015fterilerimize e\u011fer emin olam\u0131yorlarsa bizlerden yard\u0131m almalar\u0131n\u0131 \u00f6neriyoruz. Bu \u015fekilde gereksiz yere zaman ve para kayb\u0131 ya\u015famadan en do\u011fru \u00fcr\u00fcn\u00fc sipari\u015f verebilirsiniz. Uygulama konusuna tekrar d\u00f6necek olursak malzeme ne kadar kusursuz olursa olsun e\u011fer usta i\u015fine vak\u0131f de\u011filse yine yapt\u0131\u011f\u0131n\u0131z her \u015fey bo\u015fa gidecektir. Bu sebeple sizlere profesyonel uygulama hizmetide sunmaktay\u0131z.\u00a0<\/p>\t\t\t\t\t\t<\/div>\n\t\t\t\t<\/div>\n\t\t\t\t\t<\/div>\n\t\t<\/div>\n\t\t\t\t\t\t\t<\/div>\n\t\t<\/section>\n\t\t\t\t<section class=\"elementor-section elementor-top-section elementor-element elementor-element-e90428b elementor-section-boxed elementor-section-height-default elementor-section-height-default\" data-id=\"e90428b\" data-element_type=\"section\">\n\t\t\t\t\t\t<div class=\"elementor-container elementor-column-gap-default\">\n\t\t\t\t\t<div class=\"elementor-column elementor-col-100 elementor-top-column elementor-element elementor-element-bd0308e\" data-id=\"bd0308e\" data-element_type=\"column\">\n\t\t\t<div class=\"elementor-widget-wrap elementor-element-populated\">\n\t\t\t\t\t\t\t\t<div class=\"elementor-element elementor-element-db4bc51 elementor-widget elementor-widget-image-gallery\" data-id=\"db4bc51\" data-element_type=\"widget\" data-widget_type=\"image-gallery.default\">\n\t\t\t\t<div class=\"elementor-widget-container\">\n\t\t\t\t\t<div class=\"elementor-image-gallery\">\n\t\t\t<div id='gallery-1' class='gallery galleryid-2333 gallery-columns-4 gallery-size-thumbnail'><figure class='gallery-item'>\n\t\t\t<div class='gallery-icon landscape'>\n\t\t\t\t<a data-elementor-open-lightbox=\"yes\" data-elementor-lightbox-slideshow=\"db4bc51\" data-e-action-hash=\"#elementor-action%3Aaction%3Dlightbox%26settings%3DeyJpZCI6MjYyMSwidXJsIjoiaHR0cHM6XC9cL2Fua2FyYWVueWFraW5lbGVrdHJpa2NpLmNvbVwvd3AtY29udGVudFwvdXBsb2Fkc1wvMjAyMlwvMDNcL3BsYXN0ZXJlci1tYW4td29ya3MtcGxhc3RlcmluZy10d28tdHJvd2Vscy1wbGFzdGVyYm9hcmQtYmx1ZS11bmlmb3JtLXNjYWxlZC5qcGciLCJzbGlkZXNob3ciOiJkYjRiYzUxIn0%3D\" href='https:\/\/ankaraenyakinelektrikci.com\/wp-content\/uploads\/2022\/03\/plasterer-man-works-plastering-two-trowels-plasterboard-blue-uniform-scaled.jpg'><img loading=\"lazy\" decoding=\"async\" width=\"150\" height=\"150\" src=\"https:\/\/ankaraenyakinelektrikci.com\/wp-content\/uploads\/2022\/03\/plasterer-man-works-plastering-two-trowels-plasterboard-blue-uniform-150x150.jpg\" class=\"attachment-thumbnail size-thumbnail\" alt=\"\" title=\"\"><\/a>\n\t\t\t<\/div><\/figure>\n\t\t<\/div>\n\t\t<\/div>\n\t\t\t\t<\/div>\n\t\t\t\t<\/div>\n\t\t\t\t\t<\/div>\n\t\t<\/div>\n\t\t\t\t\t\t\t<\/div>\n\t\t<\/section>\n\t\t\t\t\t\t\t<\/div>\n\t\t","protected":false},"excerpt":{"rendered":"<p>Al\u00e7\u0131pan B\u00f6lme Al\u00e7\u0131pan b\u00f6lme duvarlar\u00a0bilindi\u011fi \u00fczere binalarda tasar\u0131m anlam\u0131nda s\u0131n\u0131r tan\u0131mayan bir \u00f6zg\u00fcrl\u00fck sa\u011flad\u0131\u011f\u0131 i\u00e7in dekorasyon sekt\u00f6r\u00fcnde ve in\u015faat sekt\u00f6r\u00fcnde \u00e7ok s\u0131k kullan\u0131lmaktad\u0131r. Al\u00e7\u0131 panel duvarlar di\u011fer b\u00f6lme duvarlara g\u00f6re \u00f6ncelikle daha ekonomiktir ayn\u0131 zamanda montaj kolayl\u0131\u011f\u0131 vard\u0131r ve istenirse demonte edilerek ba\u015fka bir alanda kullan\u0131labilir. Al\u00e7\u0131pan b\u00f6lme duvarlar ekonomik olmas\u0131na kar\u015f\u0131n\u00a0ses yal\u0131t\u0131m\u0131 ve \u0131s\u0131 [&hellip;]<\/p>\n","protected":false},"author":1,"featured_media":0,"parent":0,"menu_order":0,"comment_status":"closed","ping_status":"closed","template":"","meta":{"footnotes":""},"_links":{"self":[{"href":"https:\/\/ankaraenyakinelektrikci.com\/index.php?rest_route=\/wp\/v2\/pages\/2333"}],"collection":[{"href":"https:\/\/ankaraenyakinelektrikci.com\/index.php?rest_route=\/wp\/v2\/pages"}],"about":[{"href":"https:\/\/ankaraenyakinelektrikci.com\/index.php?rest_route=\/wp\/v2\/types\/page"}],"author":[{"embeddable":true,"href":"https:\/\/ankaraenyakinelektrikci.com\/index.php?rest_route=\/wp\/v2\/users\/1"}],"replies":[{"embeddable":true,"href":"https:\/\/ankaraenyakinelektrikci.com\/index.php?rest_route=%2Fwp%2Fv2%2Fcomments&post=2333"}],"version-history":[{"count":13,"href":"https:\/\/ankaraenyakinelektrikci.com\/index.php?rest_route=\/wp\/v2\/pages\/2333\/revisions"}],"predecessor-version":[{"id":2740,"href":"https:\/\/ankaraenyakinelektrikci.com\/index.php?rest_route=\/wp\/v2\/pages\/2333\/revisions\/2740"}],"wp:attachment":[{"href":"https:\/\/ankaraenyakinelektrikci.com\/index.php?rest_route=%2Fwp%2Fv2%2Fmedia&parent=2333"}],"curies":[{"name":"wp","href":"https:\/\/api.w.org\/{rel}","templated":true}]}}