{"id":2631,"date":"2022-03-08T17:37:32","date_gmt":"2022-03-08T14:37:32","guid":{"rendered":"https:\/\/ankaraenyakinelektrikci.com\/?page_id=2631"},"modified":"2022-03-09T10:51:00","modified_gmt":"2022-03-09T07:51:00","slug":"motor-surucusu","status":"publish","type":"page","link":"https:\/\/ankaraenyakinelektrikci.com\/?page_id=2631","title":{"rendered":"Motor S\u00fcr\u00fcc\u00fcs\u00fc"},"content":{"rendered":"\t\t<div data-elementor-type=\"wp-page\" data-elementor-id=\"2631\" class=\"elementor elementor-2631\">\n\t\t\t\t\t\t\t\t\t<section class=\"elementor-section elementor-top-section elementor-element elementor-element-2fea3bf6 elementor-section-boxed elementor-section-height-default elementor-section-height-default\" data-id=\"2fea3bf6\" data-element_type=\"section\">\n\t\t\t\t\t\t<div class=\"elementor-container elementor-column-gap-default\">\n\t\t\t\t\t<div class=\"elementor-column elementor-col-100 elementor-top-column elementor-element elementor-element-8b5d4a3\" data-id=\"8b5d4a3\" data-element_type=\"column\">\n\t\t\t<div class=\"elementor-widget-wrap elementor-element-populated\">\n\t\t\t\t\t\t\t\t<div class=\"elementor-element elementor-element-21bb77db elementor-widget elementor-widget-text-editor\" data-id=\"21bb77db\" data-element_type=\"widget\" data-widget_type=\"text-editor.default\">\n\t\t\t\t<div class=\"elementor-widget-container\">\n\t\t\t\t\t\t\t<strong>Motor s\u00fcr\u00fcc\u00fcs\u00fc asenkron motorlar\u0131n h\u0131z\u0131n\u0131, frekans\u0131 de\u011fi\u015ftirerek ayarlayan elektriksel ekipmand\u0131r. H\u0131z kontrol\u00fc yapmas\u0131n\u0131n yan\u0131nda \u00fcst\u00fcn koruma, kontrol ve haberle\u015fme \u00f6zellikleri ile donat\u0131lm\u0131\u015ft\u0131r.<\/strong>\r\n\r\nMotor s\u00fcr\u00fcc\u00fcs\u00fc elektrik-elektronik sekt\u00f6r\u00fcnde frekans konvert\u00f6r\u00fc, konvert\u00f6r, invert\u00f6r, h\u0131z kontrol cihaz\u0131, drive gibi farkl\u0131 isimlerle de adland\u0131r\u0131lmaktad\u0131r.\r\n<h2>Motor s\u00fcr\u00fcc\u00fcs\u00fc ne i\u015fe yarar?<\/h2>\r\nMotorun farkl\u0131 h\u0131zlarda \u00e7al\u0131\u015fmas\u0131 s\u00fcr\u00fcc\u00fcler taraf\u0131ndan ayarlanabilir. S\u00fcr\u00fcc\u00fcler h\u0131z\u0131 de\u011fi\u015ftirirken motorun torkunu, empedans\u0131n\u0131, manyetik ak\u0131s\u0131n\u0131 etkilemezler. Gerekli h\u0131z komutlar\u0131n\u0131n al\u0131nmas\u0131 ve parametre ayarlar\u0131n\u0131n yap\u0131labilmesi i\u00e7in \u00fczerlerinde ekranlar\u0131 bulunur. End\u00fcstride s\u0131kl\u0131kla kullan\u0131l\u0131rlar.\t\t\t\t\t\t<\/div>\n\t\t\t\t<\/div>\n\t\t\t\t\t<\/div>\n\t\t<\/div>\n\t\t\t\t\t\t\t<\/div>\n\t\t<\/section>\n\t\t\t\t\t\t\t<\/div>\n\t\t","protected":false},"excerpt":{"rendered":"<p>Motor s\u00fcr\u00fcc\u00fcs\u00fc asenkron motorlar\u0131n h\u0131z\u0131n\u0131, frekans\u0131 de\u011fi\u015ftirerek ayarlayan elektriksel ekipmand\u0131r. H\u0131z kontrol\u00fc yapmas\u0131n\u0131n yan\u0131nda \u00fcst\u00fcn koruma, kontrol ve haberle\u015fme \u00f6zellikleri ile donat\u0131lm\u0131\u015ft\u0131r. Motor s\u00fcr\u00fcc\u00fcs\u00fc elektrik-elektronik sekt\u00f6r\u00fcnde frekans konvert\u00f6r\u00fc, konvert\u00f6r, invert\u00f6r, h\u0131z kontrol cihaz\u0131, drive gibi farkl\u0131 isimlerle de adland\u0131r\u0131lmaktad\u0131r. Motor s\u00fcr\u00fcc\u00fcs\u00fc ne i\u015fe yarar? Motorun farkl\u0131 h\u0131zlarda \u00e7al\u0131\u015fmas\u0131 s\u00fcr\u00fcc\u00fcler taraf\u0131ndan ayarlanabilir. S\u00fcr\u00fcc\u00fcler h\u0131z\u0131 de\u011fi\u015ftirirken motorun [&hellip;]<\/p>\n","protected":false},"author":1,"featured_media":0,"parent":0,"menu_order":0,"comment_status":"closed","ping_status":"closed","template":"","meta":{"footnotes":""},"_links":{"self":[{"href":"https:\/\/ankaraenyakinelektrikci.com\/index.php?rest_route=\/wp\/v2\/pages\/2631"}],"collection":[{"href":"https:\/\/ankaraenyakinelektrikci.com\/index.php?rest_route=\/wp\/v2\/pages"}],"about":[{"href":"https:\/\/ankaraenyakinelektrikci.com\/index.php?rest_route=\/wp\/v2\/types\/page"}],"author":[{"embeddable":true,"href":"https:\/\/ankaraenyakinelektrikci.com\/index.php?rest_route=\/wp\/v2\/users\/1"}],"replies":[{"embeddable":true,"href":"https:\/\/ankaraenyakinelektrikci.com\/index.php?rest_route=%2Fwp%2Fv2%2Fcomments&post=2631"}],"version-history":[{"count":8,"href":"https:\/\/ankaraenyakinelektrikci.com\/index.php?rest_route=\/wp\/v2\/pages\/2631\/revisions"}],"predecessor-version":[{"id":2643,"href":"https:\/\/ankaraenyakinelektrikci.com\/index.php?rest_route=\/wp\/v2\/pages\/2631\/revisions\/2643"}],"wp:attachment":[{"href":"https:\/\/ankaraenyakinelektrikci.com\/index.php?rest_route=%2Fwp%2Fv2%2Fmedia&parent=2631"}],"curies":[{"name":"wp","href":"https:\/\/api.w.org\/{rel}","templated":true}]}}