{"id":2644,"date":"2022-03-09T11:17:10","date_gmt":"2022-03-09T08:17:10","guid":{"rendered":"https:\/\/ankaraenyakinelektrikci.com\/?page_id=2644"},"modified":"2022-03-09T11:18:08","modified_gmt":"2022-03-09T08:18:08","slug":"bobinaj","status":"publish","type":"page","link":"https:\/\/ankaraenyakinelektrikci.com\/?page_id=2644","title":{"rendered":"Bobinaj"},"content":{"rendered":"\t\t<div data-elementor-type=\"wp-page\" data-elementor-id=\"2644\" class=\"elementor elementor-2644\">\n\t\t\t\t\t\t\t\t\t<section class=\"elementor-section elementor-top-section elementor-element elementor-element-f06ffb8 elementor-section-boxed elementor-section-height-default elementor-section-height-default\" data-id=\"f06ffb8\" data-element_type=\"section\">\n\t\t\t\t\t\t<div class=\"elementor-container elementor-column-gap-default\">\n\t\t\t\t\t<div class=\"elementor-column elementor-col-100 elementor-top-column elementor-element elementor-element-abc6b2b\" data-id=\"abc6b2b\" data-element_type=\"column\">\n\t\t\t<div class=\"elementor-widget-wrap elementor-element-populated\">\n\t\t\t\t\t\t\t\t<div class=\"elementor-element elementor-element-e175c9a elementor-widget elementor-widget-heading\" data-id=\"e175c9a\" data-element_type=\"widget\" data-widget_type=\"heading.default\">\n\t\t\t\t<div class=\"elementor-widget-container\">\n\t\t\t<h5 class=\"elementor-heading-title elementor-size-default\">Bobinaj<\/h5>\t\t<\/div>\n\t\t\t\t<\/div>\n\t\t\t\t<div class=\"elementor-element elementor-element-26e450f elementor-widget elementor-widget-text-editor\" data-id=\"26e450f\" data-element_type=\"widget\" data-widget_type=\"text-editor.default\">\n\t\t\t\t<div class=\"elementor-widget-container\">\n\t\t\t\t\t\t\t<p><strong>Bobinaj<\/strong>, elektrik motorlar\u0131nda s\u0131kl\u0131kla kullan\u0131lan bir terimdir. Elektrik ile \u00e7al\u0131\u015fan motorlarda ak\u0131m\u0131n ta\u015f\u0131nmas\u0131n\u0131 sa\u011flayan, motor i\u00e7erisinde manyetik alan olu\u015fturan ve gerilim ortaya \u00e7\u0131karan iletken u\u00e7lar\u0131n\u0131n birbirine ba\u011flanmas\u0131n\u0131 sa\u011flayan par\u00e7aya bobinaj ismi verilir.<\/p><p>Elektrik ile \u00e7al\u0131\u015fan, i\u00e7inde bobinaj bulunan makinalara matkap, vidalama ve kaynak makinas\u0131 gibi aletler \u00f6rnek verilebilir. Pek \u00e7ok \u00e7e\u015fitte bobinaj vard\u0131r ve bu \u00e7e\u015fitler kullan\u0131ld\u0131\u011f\u0131 makinaya g\u00f6re farkl\u0131l\u0131k g\u00f6sterir. Hatta kullan\u0131lan elektrikli makinalardan daha \u00e7ok bobinaj sistemi vard\u0131r demek do\u011fru bir a\u00e7\u0131klama olacakt\u0131r.<\/p><p>Bobinaj par\u00e7as\u0131n\u0131n nas\u0131l sar\u0131ld\u0131\u011f\u0131 ve bak\u0131m\u0131n\u0131n nas\u0131l, ne \u015fekilde yap\u0131ld\u0131\u011f\u0131 \u00e7ok merak edilen konular aras\u0131nda yer al\u0131r. Ancak bobinaj sar\u0131m\u0131n\u0131n yap\u0131lmas\u0131 i\u00e7in baz\u0131 yedek par\u00e7alar kullan\u0131l\u0131r. \u00d6ncelikle bu par\u00e7alar\u0131n isimlerini ve ne i\u015fe yarad\u0131klar\u0131n\u0131 \u00f6\u011frenmek gerekir.<\/p><p><strong>Stat\u00f6r (End\u00fcvi):<\/strong>\u00a0Alternat\u00f6r makinalar\u0131n stat\u00f6r par\u00e7alar\u0131na end\u00fcvi ad\u0131 verilir. Bu alan gerilimin olu\u015ftu\u011fu aland\u0131r. End\u00fcvi sac par\u00e7alar\u0131ndan olu\u015fmu\u015ftur ve i\u00e7ine sarg\u0131lar\u0131n konulmas\u0131 i\u00e7in oluklar i\u00e7erir.<\/p><p><strong>Kutuplar (End\u00fckt\u00f6r):<\/strong>\u00a0Alternat\u00f6r makinalar\u0131n i\u00e7inde yer alan kutuplardan do\u011fru ak\u0131m dola\u015f\u0131r. Kutuplar i\u00e7inde yer alan sarg\u0131lara d\u0131\u015far\u0131dan bilezik ve f\u0131r\u00e7a yard\u0131m\u0131 ile do\u011fru gerilim aktar\u0131l\u0131r. Bobin sar\u0131m\u0131 da bu iki yedek par\u00e7a sayesinde yap\u0131l\u0131r.<\/p>\t\t\t\t\t\t<\/div>\n\t\t\t\t<\/div>\n\t\t\t\t\t<\/div>\n\t\t<\/div>\n\t\t\t\t\t\t\t<\/div>\n\t\t<\/section>\n\t\t\t\t<section class=\"elementor-section elementor-top-section elementor-element elementor-element-e0b801b elementor-section-boxed elementor-section-height-default elementor-section-height-default\" data-id=\"e0b801b\" data-element_type=\"section\">\n\t\t\t\t\t\t<div class=\"elementor-container elementor-column-gap-default\">\n\t\t\t\t\t<div class=\"elementor-column elementor-col-100 elementor-top-column elementor-element elementor-element-fa758a7\" data-id=\"fa758a7\" data-element_type=\"column\">\n\t\t\t<div class=\"elementor-widget-wrap elementor-element-populated\">\n\t\t\t\t\t\t\t\t<div class=\"elementor-element elementor-element-959d831 elementor-widget elementor-widget-image-gallery\" data-id=\"959d831\" data-element_type=\"widget\" data-widget_type=\"image-gallery.default\">\n\t\t\t\t<div class=\"elementor-widget-container\">\n\t\t\t\t\t<div class=\"elementor-image-gallery\">\n\t\t\t<div id='gallery-1' class='gallery galleryid-2644 gallery-columns-4 gallery-size-thumbnail'><figure class='gallery-item'>\n\t\t\t<div class='gallery-icon landscape'>\n\t\t\t\t<a data-elementor-open-lightbox=\"yes\" data-elementor-lightbox-slideshow=\"959d831\" data-elementor-lightbox-title=\"motor-sarimi-1\" data-e-action-hash=\"#elementor-action%3Aaction%3Dlightbox%26settings%3DeyJpZCI6MjY0OCwidXJsIjoiaHR0cHM6XC9cL2Fua2FyYWVueWFraW5lbGVrdHJpa2NpLmNvbVwvd3AtY29udGVudFwvdXBsb2Fkc1wvMjAyMlwvMDNcL21vdG9yLXNhcmltaS0xLmpwZyIsInNsaWRlc2hvdyI6Ijk1OWQ4MzEifQ%3D%3D\" href='https:\/\/ankaraenyakinelektrikci.com\/wp-content\/uploads\/2022\/03\/motor-sarimi-1.jpg'><img loading=\"lazy\" decoding=\"async\" width=\"150\" height=\"150\" src=\"https:\/\/ankaraenyakinelektrikci.com\/wp-content\/uploads\/2022\/03\/motor-sarimi-1-150x150.jpg\" class=\"attachment-thumbnail size-thumbnail\" alt=\"\" title=\"\"><\/a>\n\t\t\t<\/div><\/figure>\n\t\t<\/div>\n\t\t<\/div>\n\t\t\t\t<\/div>\n\t\t\t\t<\/div>\n\t\t\t\t\t<\/div>\n\t\t<\/div>\n\t\t\t\t\t\t\t<\/div>\n\t\t<\/section>\n\t\t\t\t\t\t\t<\/div>\n\t\t","protected":false},"excerpt":{"rendered":"<p>Bobinaj Bobinaj, elektrik motorlar\u0131nda s\u0131kl\u0131kla kullan\u0131lan bir terimdir. Elektrik ile \u00e7al\u0131\u015fan motorlarda ak\u0131m\u0131n ta\u015f\u0131nmas\u0131n\u0131 sa\u011flayan, motor i\u00e7erisinde manyetik alan olu\u015fturan ve gerilim ortaya \u00e7\u0131karan iletken u\u00e7lar\u0131n\u0131n birbirine ba\u011flanmas\u0131n\u0131 sa\u011flayan par\u00e7aya bobinaj ismi verilir. Elektrik ile \u00e7al\u0131\u015fan, i\u00e7inde bobinaj bulunan makinalara matkap, vidalama ve kaynak makinas\u0131 gibi aletler \u00f6rnek verilebilir. Pek \u00e7ok \u00e7e\u015fitte bobinaj vard\u0131r ve [&hellip;]<\/p>\n","protected":false},"author":1,"featured_media":0,"parent":0,"menu_order":0,"comment_status":"closed","ping_status":"closed","template":"","meta":{"footnotes":""},"_links":{"self":[{"href":"https:\/\/ankaraenyakinelektrikci.com\/index.php?rest_route=\/wp\/v2\/pages\/2644"}],"collection":[{"href":"https:\/\/ankaraenyakinelektrikci.com\/index.php?rest_route=\/wp\/v2\/pages"}],"about":[{"href":"https:\/\/ankaraenyakinelektrikci.com\/index.php?rest_route=\/wp\/v2\/types\/page"}],"author":[{"embeddable":true,"href":"https:\/\/ankaraenyakinelektrikci.com\/index.php?rest_route=\/wp\/v2\/users\/1"}],"replies":[{"embeddable":true,"href":"https:\/\/ankaraenyakinelektrikci.com\/index.php?rest_route=%2Fwp%2Fv2%2Fcomments&post=2644"}],"version-history":[{"count":6,"href":"https:\/\/ankaraenyakinelektrikci.com\/index.php?rest_route=\/wp\/v2\/pages\/2644\/revisions"}],"predecessor-version":[{"id":2654,"href":"https:\/\/ankaraenyakinelektrikci.com\/index.php?rest_route=\/wp\/v2\/pages\/2644\/revisions\/2654"}],"wp:attachment":[{"href":"https:\/\/ankaraenyakinelektrikci.com\/index.php?rest_route=%2Fwp%2Fv2%2Fmedia&parent=2644"}],"curies":[{"name":"wp","href":"https:\/\/api.w.org\/{rel}","templated":true}]}}