{"id":43,"date":"2019-01-11T06:14:08","date_gmt":"2019-01-11T03:14:08","guid":{"rendered":"http:\/\/localhost\/panel\/xpeedstudio\/wp\/automobil\/?page_id=43"},"modified":"2022-08-17T21:22:05","modified_gmt":"2022-08-17T18:22:05","slug":"hakkimizda","status":"publish","type":"page","link":"https:\/\/ankaraenyakinelektrikci.com\/?page_id=43","title":{"rendered":"Hakk\u0131m\u0131zda"},"content":{"rendered":"\t\t<div data-elementor-type=\"wp-post\" data-elementor-id=\"43\" class=\"elementor elementor-43\">\n\t\t\t\t\t\t\t\t\t<section class=\"elementor-section elementor-top-section elementor-element elementor-element-08a0e01 elementor-section-boxed elementor-section-height-default elementor-section-height-default\" data-id=\"08a0e01\" data-element_type=\"section\">\n\t\t\t\t\t\t<div class=\"elementor-container elementor-column-gap-default\">\n\t\t\t\t\t<div class=\"elementor-column elementor-col-100 elementor-top-column elementor-element elementor-element-16645af\" data-id=\"16645af\" data-element_type=\"column\" data-settings=\"{&quot;background_background&quot;:&quot;classic&quot;}\">\n\t\t\t<div class=\"elementor-widget-wrap elementor-element-populated\">\n\t\t\t\t\t\t\t\t<section class=\"elementor-section elementor-inner-section elementor-element elementor-element-49a71ab elementor-section-boxed elementor-section-height-default elementor-section-height-default\" data-id=\"49a71ab\" data-element_type=\"section\">\n\t\t\t\t\t\t<div class=\"elementor-container elementor-column-gap-default\">\n\t\t\t\t\t<div class=\"elementor-column elementor-col-50 elementor-inner-column elementor-element elementor-element-65c9d07 skew-shap\" data-id=\"65c9d07\" data-element_type=\"column\">\n\t\t\t<div class=\"elementor-widget-wrap elementor-element-populated\">\n\t\t\t\t\t\t\t\t<div class=\"elementor-element elementor-element-2cbb54d elementor-hidden-tablet elementor-hidden-phone elementor-widget elementor-widget-image\" data-id=\"2cbb54d\" data-element_type=\"widget\" data-widget_type=\"image.default\">\n\t\t\t\t<div class=\"elementor-widget-container\">\n\t\t\t\t\t\t\t\t\t\t\t\t\t\t\t<img loading=\"lazy\" decoding=\"async\" width=\"740\" height=\"494\" src=\"https:\/\/ankaraenyakinelektrikci.com\/wp-content\/uploads\/2022\/03\/ankaraenyakinelektrikci.jpg\" class=\"attachment-large size-large wp-image-2144\" alt=\"\" srcset=\"https:\/\/ankaraenyakinelektrikci.com\/wp-content\/uploads\/2022\/03\/ankaraenyakinelektrikci.jpg 740w, https:\/\/ankaraenyakinelektrikci.com\/wp-content\/uploads\/2022\/03\/ankaraenyakinelektrikci-300x200.jpg 300w\" sizes=\"(max-width: 740px) 100vw, 740px\" title=\"\">\t\t\t\t\t\t\t\t\t\t\t\t\t\t\t<\/div>\n\t\t\t\t<\/div>\n\t\t\t\t\t<\/div>\n\t\t<\/div>\n\t\t\t\t<div class=\"elementor-column elementor-col-50 elementor-inner-column elementor-element elementor-element-2275c61\" data-id=\"2275c61\" data-element_type=\"column\">\n\t\t\t<div class=\"elementor-widget-wrap elementor-element-populated\">\n\t\t\t\t\t\t\t\t<div class=\"elementor-element elementor-element-bd10e4d elementor-view-stacked elementor-shape-square elementor-widget elementor-widget-icon\" data-id=\"bd10e4d\" data-element_type=\"widget\" data-widget_type=\"icon.default\">\n\t\t\t\t<div class=\"elementor-widget-container\">\n\t\t\t\t\t<div class=\"elementor-icon-wrapper\">\n\t\t\t<div class=\"elementor-icon\">\n\t\t\t\t\t\t\t<i class=\"icon icon-repair\" aria-hidden=\"true\"><\/i>\n\t\t\t\t\t\t<\/div>\n\t\t<\/div>\n\t\t\t\t<\/div>\n\t\t\t\t<\/div>\n\t\t\t\t<div class=\"elementor-element elementor-element-34820fa elementor-widget elementor-widget-autrics-title\" data-id=\"34820fa\" data-element_type=\"widget\" data-widget_type=\"autrics-title.default\">\n\t\t\t\t<div class=\"elementor-widget-container\">\n\t\t\t               <div class=\"title-section-area title-border-none\">\n            <h3 class=\"section-title\"> \n               En Yak\u0131n Elektrik\u00e7i            <\/h3>\n         <\/div><!-- Section title -->\t\t\n     \n      \n    \t\t<\/div>\n\t\t\t\t<\/div>\n\t\t\t\t<div class=\"elementor-element elementor-element-b5c3d5e elementor-widget elementor-widget-text-editor\" data-id=\"b5c3d5e\" data-element_type=\"widget\" data-widget_type=\"text-editor.default\">\n\t\t\t\t<div class=\"elementor-widget-container\">\n\t\t\t\t\t\t\t<p>Kaliteli \u00e7al\u0131\u015fmay\u0131 ve m\u00fc\u015fteri memnuniyetini kendisine prensip edinmi\u015f, uzmanla\u015fm\u0131\u015f teknik ekibimiz ile hizmet vermekteyiz.\u00a0<br \/>\u00c7al\u0131\u015fma disiplinimizde m\u00fc\u015fterilerin kar\u015f\u0131la\u015ft\u0131\u011f\u0131 sorunlara an\u0131nda \u00e7\u00f6z\u00fcm \u00fcretmek birinci ilkemizdir. Evinizde ya da i\u015f yerinizde kar\u015f\u0131la\u015ft\u0131\u011f\u0131n\u0131z elektrik ar\u0131zas\u0131n\u0131 sonuca ula\u015ft\u0131rana kadar durmayan, i\u015fini bilen elektrik ustalar\u0131m\u0131z siz de\u011ferli m\u00fc\u015fterilerimize daha iyi bir hizmet verebilmek i\u00e7in her ge\u00e7en g\u00fcn kendilerini geli\u015ftirmektedir.<\/p>\t\t\t\t\t\t<\/div>\n\t\t\t\t<\/div>\n\t\t\t\t\t<\/div>\n\t\t<\/div>\n\t\t\t\t\t\t\t<\/div>\n\t\t<\/section>\n\t\t\t\t\t<\/div>\n\t\t<\/div>\n\t\t\t\t\t\t\t<\/div>\n\t\t<\/section>\n\t\t\t\t<section class=\"elementor-section elementor-top-section elementor-element elementor-element-28c98ce elementor-section-boxed elementor-section-height-default elementor-section-height-default\" data-id=\"28c98ce\" data-element_type=\"section\" data-settings=\"{&quot;background_background&quot;:&quot;classic&quot;}\">\n\t\t\t\t\t\t<div class=\"elementor-container elementor-column-gap-default\">\n\t\t\t\t\t<div class=\"elementor-column elementor-col-50 elementor-top-column elementor-element elementor-element-838d034\" data-id=\"838d034\" data-element_type=\"column\" data-settings=\"{&quot;background_background&quot;:&quot;classic&quot;}\">\n\t\t\t<div class=\"elementor-widget-wrap elementor-element-populated\">\n\t\t\t\t\t\t\t\t<div class=\"elementor-element elementor-element-9f10f27 elementor-widget elementor-widget-autrics-about-us-tab\" data-id=\"9f10f27\" data-element_type=\"widget\" data-widget_type=\"autrics-about-us-tab.default\">\n\t\t\t\t<div class=\"elementor-widget-container\">\n\t\t\t\n      <div class=\"row about-us\">\n         <div class=\"col-lg-4 col-md-4\">\n            <ul class=\"nav nav-tabs ts-tab\" id=\"myTab\" role=\"tablist\">\n                              <li class=\"nav-item\">\n                  <a class=\"nav-link active\"  data-toggle=\"tab\" href=\"#tab-item-0\" role=\"tab\"  aria-selected=\"true\">\n                  <i class=\"icon-history\"><\/i>Misyonumuz<\/a>\n               <\/li>\n                              <li class=\"nav-item\">\n                  <a class=\"nav-link \"  data-toggle=\"tab\" href=\"#tab-item-1\" role=\"tab\"  aria-selected=\"true\">\n                  <i class=\"icon-history\"><\/i>Visyonumuz<\/a>\n               <\/li>\n                           <\/ul><!-- ul end -->\n         <\/div><!-- Col end -->\n         <div class=\"col-lg-8 col-md-8 about-us\">\n            <div class=\"tab-content ts-tab-content\" id=\"myTabContent\">\n                           <div class=\"tab-pane fade show active\" id=\"tab-item-0\" role=\"tabpanel\">\n                  <h2 class=\"column-title-sm\">\n                                    En Yak\u0131n Elektrik\u00e7i                  <\/h2>\n                  <p>\n                  <p>En iyi \u015fekilde hizmet vererek kaliteli ve do\u011fru bir \u015fekilde \u00e7al\u0131\u015fmaya devam ediyoruz.<\/p>                  <\/p>\n               <\/div> <!-- tab pane end -->\n                              <div class=\"tab-pane fade show \" id=\"tab-item-1\" role=\"tabpanel\">\n                  <h2 class=\"column-title-sm\">\n                                    En Yak\u0131n Elektrik\u00e7i                  <\/h2>\n                  <p>\n                  <p>Kaliteden \u00f6d\u00fcn vermeden h\u0131z\u0131m\u0131z\u0131 kesmeden en uygun ve en iyi \u015fekilde hizmet verebilmek!<\/p>                  <\/p>\n               <\/div> <!-- tab pane end -->\n                           <\/div> <!-- tab content -->\n         <\/div> <!-- col end -->\n      <\/div><!-- Row end -->\n \n     \t\t<\/div>\n\t\t\t\t<\/div>\n\t\t\t\t\t<\/div>\n\t\t<\/div>\n\t\t\t\t<div class=\"elementor-column elementor-col-50 elementor-top-column elementor-element elementor-element-178506d\" data-id=\"178506d\" data-element_type=\"column\">\n\t\t\t<div class=\"elementor-widget-wrap elementor-element-populated\">\n\t\t\t\t\t\t\t\t<div class=\"elementor-element elementor-element-6cb1530 elementor-widget elementor-widget-image\" data-id=\"6cb1530\" data-element_type=\"widget\" data-widget_type=\"image.default\">\n\t\t\t\t<div class=\"elementor-widget-container\">\n\t\t\t\t\t\t\t\t\t\t\t\t\t\t\t<img loading=\"lazy\" decoding=\"async\" width=\"800\" height=\"478\" src=\"https:\/\/ankaraenyakinelektrikci.com\/wp-content\/uploads\/2022\/03\/elektrikci.jpg\" class=\"attachment-large size-large wp-image-2148\" alt=\"\" srcset=\"https:\/\/ankaraenyakinelektrikci.com\/wp-content\/uploads\/2022\/03\/elektrikci.jpg 826w, https:\/\/ankaraenyakinelektrikci.com\/wp-content\/uploads\/2022\/03\/elektrikci-300x179.jpg 300w, https:\/\/ankaraenyakinelektrikci.com\/wp-content\/uploads\/2022\/03\/elektrikci-768x459.jpg 768w\" sizes=\"(max-width: 800px) 100vw, 800px\" title=\"\">\t\t\t\t\t\t\t\t\t\t\t\t\t\t\t<\/div>\n\t\t\t\t<\/div>\n\t\t\t\t\t<\/div>\n\t\t<\/div>\n\t\t\t\t\t\t\t<\/div>\n\t\t<\/section>\n\t\t\t\t<section class=\"elementor-section elementor-top-section elementor-element elementor-element-f7f9a1d elementor-section-full_width elementor-section-height-default elementor-section-height-default\" data-id=\"f7f9a1d\" data-element_type=\"section\" data-settings=\"{&quot;background_background&quot;:&quot;classic&quot;}\">\n\t\t\t\t\t\t<div class=\"elementor-container elementor-column-gap-no\">\n\t\t\t\t\t<div class=\"elementor-column elementor-col-50 elementor-top-column elementor-element elementor-element-80fd263 content-width-left content-width1\" data-id=\"80fd263\" data-element_type=\"column\" data-settings=\"{&quot;background_background&quot;:&quot;classic&quot;}\">\n\t\t\t<div class=\"elementor-widget-wrap elementor-element-populated\">\n\t\t\t\t\t\t\t\t<div class=\"elementor-element elementor-element-0104865 elementor-widget elementor-widget-autrics-title\" data-id=\"0104865\" data-element_type=\"widget\" data-widget_type=\"autrics-title.default\">\n\t\t\t\t<div class=\"elementor-widget-container\">\n\t\t\t              <div class=\"title-section-area\">\n\t           <h2 class=\"section-title\">\n                  <span>En<\/span> Yak\u0131n Elektrik\u00e7i\t\t\t   <\/h2>\n      <\/div><!-- Section title -->\t\t\n       \n      \n    \t\t<\/div>\n\t\t\t\t<\/div>\n\t\t\t\t<div class=\"elementor-element elementor-element-1cd7fcd elementor-widget elementor-widget-text-editor\" data-id=\"1cd7fcd\" data-element_type=\"widget\" data-widget_type=\"text-editor.default\">\n\t\t\t\t<div class=\"elementor-widget-container\">\n\t\t\t\t\t\t\t<p class=\"fun-fact-info\">Kar\u015f\u0131la\u015ft\u0131\u011f\u0131n\u0131z problemleri \u00e7\u00f6zmek i\u00e7in gerekli olan elektrik, elektronik ekipmanlar\u0131m\u0131z her b\u00fct\u00e7eye uygun olacak \u015fekilde \u015firketimizde mevcuttur.\u00a0<\/p>\t\t\t\t\t\t<\/div>\n\t\t\t\t<\/div>\n\t\t\t\t<div class=\"elementor-element elementor-element-af929ee elementor-widget elementor-widget-spacer\" data-id=\"af929ee\" data-element_type=\"widget\" data-widget_type=\"spacer.default\">\n\t\t\t\t<div class=\"elementor-widget-container\">\n\t\t\t\t\t<div class=\"elementor-spacer\">\n\t\t\t<div class=\"elementor-spacer-inner\"><\/div>\n\t\t<\/div>\n\t\t\t\t<\/div>\n\t\t\t\t<\/div>\n\t\t\t\t<section class=\"elementor-section elementor-inner-section elementor-element elementor-element-792137c elementor-section-boxed elementor-section-height-default elementor-section-height-default\" data-id=\"792137c\" data-element_type=\"section\">\n\t\t\t\t\t\t<div class=\"elementor-container elementor-column-gap-default\">\n\t\t\t\t\t<div class=\"elementor-column elementor-col-33 elementor-inner-column elementor-element elementor-element-5844009\" data-id=\"5844009\" data-element_type=\"column\">\n\t\t\t<div class=\"elementor-widget-wrap elementor-element-populated\">\n\t\t\t\t\t\t\t\t<div class=\"elementor-element elementor-element-af50161 elementor-view-default elementor-widget elementor-widget-icon\" data-id=\"af50161\" data-element_type=\"widget\" data-widget_type=\"icon.default\">\n\t\t\t\t<div class=\"elementor-widget-container\">\n\t\t\t\t\t<div class=\"elementor-icon-wrapper\">\n\t\t\t<div class=\"elementor-icon\">\n\t\t\t\t\t\t\t<i class=\"icon icon-customer\" aria-hidden=\"true\"><\/i>\n\t\t\t\t\t\t<\/div>\n\t\t<\/div>\n\t\t\t\t<\/div>\n\t\t\t\t<\/div>\n\t\t\t\t<div class=\"elementor-element elementor-element-68787d8 elementor-widget elementor-widget-text-editor\" data-id=\"68787d8\" data-element_type=\"widget\" data-widget_type=\"text-editor.default\">\n\t\t\t\t<div class=\"elementor-widget-container\">\n\t\t\t\t\t\t\t<p class=\"funfact\">Mutlu M\u00fc\u015fteri<\/p>\t\t\t\t\t\t<\/div>\n\t\t\t\t<\/div>\n\t\t\t\t\t<\/div>\n\t\t<\/div>\n\t\t\t\t<div class=\"elementor-column elementor-col-33 elementor-inner-column elementor-element elementor-element-52cfcc7\" data-id=\"52cfcc7\" data-element_type=\"column\">\n\t\t\t<div class=\"elementor-widget-wrap elementor-element-populated\">\n\t\t\t\t\t\t\t\t<div class=\"elementor-element elementor-element-dd6201c elementor-view-default elementor-widget elementor-widget-icon\" data-id=\"dd6201c\" data-element_type=\"widget\" data-widget_type=\"icon.default\">\n\t\t\t\t<div class=\"elementor-widget-container\">\n\t\t\t\t\t<div class=\"elementor-icon-wrapper\">\n\t\t\t<div class=\"elementor-icon\">\n\t\t\t\t\t\t\t<i class=\"icon icon-customer\" aria-hidden=\"true\"><\/i>\n\t\t\t\t\t\t<\/div>\n\t\t<\/div>\n\t\t\t\t<\/div>\n\t\t\t\t<\/div>\n\t\t\t\t<div class=\"elementor-element elementor-element-8ceb3e4 elementor-widget elementor-widget-text-editor\" data-id=\"8ceb3e4\" data-element_type=\"widget\" data-widget_type=\"text-editor.default\">\n\t\t\t\t<div class=\"elementor-widget-container\">\n\t\t\t\t\t\t\t<p>M\u00fc\u015fteri Memnuniyeti<\/p>\t\t\t\t\t\t<\/div>\n\t\t\t\t<\/div>\n\t\t\t\t\t<\/div>\n\t\t<\/div>\n\t\t\t\t<div class=\"elementor-column elementor-col-33 elementor-inner-column elementor-element elementor-element-a25ceab\" data-id=\"a25ceab\" data-element_type=\"column\">\n\t\t\t<div class=\"elementor-widget-wrap elementor-element-populated\">\n\t\t\t\t\t\t\t\t<div class=\"elementor-element elementor-element-279bbe1 elementor-view-default elementor-widget elementor-widget-icon\" data-id=\"279bbe1\" data-element_type=\"widget\" data-widget_type=\"icon.default\">\n\t\t\t\t<div class=\"elementor-widget-container\">\n\t\t\t\t\t<div class=\"elementor-icon-wrapper\">\n\t\t\t<div class=\"elementor-icon\">\n\t\t\t\t\t\t\t<i class=\"icon icon-customer\" aria-hidden=\"true\"><\/i>\n\t\t\t\t\t\t<\/div>\n\t\t<\/div>\n\t\t\t\t<\/div>\n\t\t\t\t<\/div>\n\t\t\t\t<div class=\"elementor-element elementor-element-52a015f elementor-widget elementor-widget-text-editor\" data-id=\"52a015f\" data-element_type=\"widget\" data-widget_type=\"text-editor.default\">\n\t\t\t\t<div class=\"elementor-widget-container\">\n\t\t\t\t\t\t\t<p class=\"funfact\">Profesyonel Ekip<\/p>\t\t\t\t\t\t<\/div>\n\t\t\t\t<\/div>\n\t\t\t\t\t<\/div>\n\t\t<\/div>\n\t\t\t\t\t\t\t<\/div>\n\t\t<\/section>\n\t\t\t\t\t<\/div>\n\t\t<\/div>\n\t\t\t\t<div class=\"elementor-column elementor-col-50 elementor-top-column elementor-element elementor-element-1a80118 skew-shap-right content-width\" data-id=\"1a80118\" data-element_type=\"column\" data-settings=\"{&quot;background_background&quot;:&quot;classic&quot;}\">\n\t\t\t<div class=\"elementor-widget-wrap\">\n\t\t\t\t\t<div class=\"elementor-background-overlay\"><\/div>\n\t\t\t\t\t\t\t\t\t<\/div>\n\t\t<\/div>\n\t\t\t\t\t\t\t<\/div>\n\t\t<\/section>\n\t\t\t\t<section class=\"elementor-section elementor-top-section elementor-element elementor-element-769d610 elementor-section-boxed elementor-section-height-default elementor-section-height-default\" data-id=\"769d610\" data-element_type=\"section\">\n\t\t\t\t\t\t<div class=\"elementor-container elementor-column-gap-default\">\n\t\t\t\t\t<div class=\"elementor-column elementor-col-100 elementor-top-column elementor-element elementor-element-093ef14\" data-id=\"093ef14\" data-element_type=\"column\">\n\t\t\t<div class=\"elementor-widget-wrap\">\n\t\t\t\t\t\t\t\t\t<\/div>\n\t\t<\/div>\n\t\t\t\t\t\t\t<\/div>\n\t\t<\/section>\n\t\t\t\t<section class=\"elementor-section elementor-top-section elementor-element elementor-element-f7cc837 elementor-section-boxed elementor-section-height-default elementor-section-height-default\" data-id=\"f7cc837\" data-element_type=\"section\">\n\t\t\t\t\t\t<div class=\"elementor-container elementor-column-gap-default\">\n\t\t\t\t\t<div class=\"elementor-column elementor-col-100 elementor-top-column elementor-element elementor-element-a0f132a\" data-id=\"a0f132a\" data-element_type=\"column\">\n\t\t\t<div class=\"elementor-widget-wrap elementor-element-populated\">\n\t\t\t\t\t\t\t\t<div class=\"elementor-element elementor-element-4ee7623 elementor-widget elementor-widget-autrics-process\" data-id=\"4ee7623\" data-element_type=\"widget\" data-widget_type=\"autrics-process.default\">\n\t\t\t\t<div class=\"elementor-widget-container\">\n\t\t\t      \t    \t\n         \n\t\t<div class=\"row footer-top\">\n               <div class=\"col-md-4 footer-box\">\n                  <i class=\"icon icon-map-marker\"><\/i>\n                  <div class=\"footer-box-content\">\n                     <h3>Adres<\/h3>\n                     <p>S\u00f6\u011f\u00fct\u00f6z\u00fc Mah. Dumlup\u0131nar Bulvar\u0131 , Next level Avm, No:3\/A\/10<\/p>\n                  <\/div>\n\t\t\t\t  <span class=\"angle-shap\"><\/span>\n               <\/div><!-- Box 1 end-->\n\t\t\t   <div class=\"col-md-4 footer-box\">\n                  <i class=\"icon icon-phone1\"><\/i>\n                  <div class=\"footer-box-content\">\n                     <h3>Telefon<\/h3>\n                     <p>0535 298 76 46 - 0312 945 36 57<\/p>\n                  <\/div>\n\t\t\t\t  <span class=\"angle-shap\"><\/span>\n\t\t\t\n               <\/div><!-- Box 1 end-->\n\t\t\t   <div class=\"col-md-4 footer-box\">\n                  <i class=\"icon icon-envelope1\"><\/i>\n                  <div class=\"footer-box-content\">\n                     <h3>Mail<\/h3>\n                     <p>enyakinteknikservis@gmail.com<\/p>\n                  <\/div>\n               <\/div><!-- Box 1 end-->\n         <\/div><!-- Content row end--> \n\n\t          \n     \t\t<\/div>\n\t\t\t\t<\/div>\n\t\t\t\t\t<\/div>\n\t\t<\/div>\n\t\t\t\t\t\t\t<\/div>\n\t\t<\/section>\n\t\t\t\t\t\t\t<\/div>\n\t\t","protected":false},"excerpt":{"rendered":"<p>En Yak\u0131n Elektrik\u00e7i Kaliteli \u00e7al\u0131\u015fmay\u0131 ve m\u00fc\u015fteri memnuniyetini kendisine prensip edinmi\u015f, uzmanla\u015fm\u0131\u015f teknik ekibimiz ile hizmet vermekteyiz.\u00a0\u00c7al\u0131\u015fma disiplinimizde m\u00fc\u015fterilerin kar\u015f\u0131la\u015ft\u0131\u011f\u0131 sorunlara an\u0131nda \u00e7\u00f6z\u00fcm \u00fcretmek birinci ilkemizdir. Evinizde ya da i\u015f yerinizde kar\u015f\u0131la\u015ft\u0131\u011f\u0131n\u0131z elektrik ar\u0131zas\u0131n\u0131 sonuca ula\u015ft\u0131rana kadar durmayan, i\u015fini bilen elektrik ustalar\u0131m\u0131z siz de\u011ferli m\u00fc\u015fterilerimize daha iyi bir hizmet verebilmek i\u00e7in her ge\u00e7en g\u00fcn kendilerini [&hellip;]<\/p>\n","protected":false},"author":1,"featured_media":0,"parent":0,"menu_order":0,"comment_status":"closed","ping_status":"closed","template":"template\/full-width-template.php","meta":{"footnotes":""},"_links":{"self":[{"href":"https:\/\/ankaraenyakinelektrikci.com\/index.php?rest_route=\/wp\/v2\/pages\/43"}],"collection":[{"href":"https:\/\/ankaraenyakinelektrikci.com\/index.php?rest_route=\/wp\/v2\/pages"}],"about":[{"href":"https:\/\/ankaraenyakinelektrikci.com\/index.php?rest_route=\/wp\/v2\/types\/page"}],"author":[{"embeddable":true,"href":"https:\/\/ankaraenyakinelektrikci.com\/index.php?rest_route=\/wp\/v2\/users\/1"}],"replies":[{"embeddable":true,"href":"https:\/\/ankaraenyakinelektrikci.com\/index.php?rest_route=%2Fwp%2Fv2%2Fcomments&post=43"}],"version-history":[{"count":19,"href":"https:\/\/ankaraenyakinelektrikci.com\/index.php?rest_route=\/wp\/v2\/pages\/43\/revisions"}],"predecessor-version":[{"id":2940,"href":"https:\/\/ankaraenyakinelektrikci.com\/index.php?rest_route=\/wp\/v2\/pages\/43\/revisions\/2940"}],"wp:attachment":[{"href":"https:\/\/ankaraenyakinelektrikci.com\/index.php?rest_route=%2Fwp%2Fv2%2Fmedia&parent=43"}],"curies":[{"name":"wp","href":"https:\/\/api.w.org\/{rel}","templated":true}]}}