{"id":72,"date":"2019-01-11T06:23:12","date_gmt":"2019-01-11T03:23:12","guid":{"rendered":"http:\/\/localhost\/panel\/xpeedstudio\/wp\/automobil\/?page_id=72"},"modified":"2024-03-12T12:02:30","modified_gmt":"2024-03-12T09:02:30","slug":"iletisim","status":"publish","type":"page","link":"https:\/\/ankaraenyakinelektrikci.com\/?page_id=72","title":{"rendered":"\u0130leti\u015fim"},"content":{"rendered":"\t\t<div data-elementor-type=\"wp-post\" data-elementor-id=\"72\" class=\"elementor elementor-72\">\n\t\t\t\t\t\t\t\t\t<section class=\"elementor-section elementor-top-section elementor-element elementor-element-640ae6a elementor-section-boxed elementor-section-height-default elementor-section-height-default\" data-id=\"640ae6a\" data-element_type=\"section\">\n\t\t\t\t\t\t<div class=\"elementor-container elementor-column-gap-no\">\n\t\t\t\t\t<div class=\"elementor-column elementor-col-50 elementor-top-column elementor-element elementor-element-6b97078\" data-id=\"6b97078\" data-element_type=\"column\">\n\t\t\t<div class=\"elementor-widget-wrap elementor-element-populated\">\n\t\t\t\t\t\t\t\t<div class=\"elementor-element elementor-element-567154d elementor-widget elementor-widget-google_maps\" data-id=\"567154d\" data-element_type=\"widget\" data-widget_type=\"google_maps.default\">\n\t\t\t\t<div class=\"elementor-widget-container\">\n\t\t\t\t\t<div class=\"elementor-custom-embed\">\n\t\t\t<iframe loading=\"lazy\"\n\t\t\t\t\tsrc=\"https:\/\/maps.google.com\/maps?q=S%C3%B6%C4%9F%C3%BCt%C3%B6z%C3%BC%20Mah.%20Dumlup%C4%B1nar%20Bulvar%C4%B1%20%2C%20Next%20level%20Avm%2C%20No%3A3%2FA%2F10&#038;t=m&#038;z=10&#038;output=embed&#038;iwloc=near\"\n\t\t\t\t\ttitle=\"S\u00f6\u011f\u00fct\u00f6z\u00fc Mah. Dumlup\u0131nar Bulvar\u0131 , Next level Avm, No:3\/A\/10\"\n\t\t\t\t\taria-label=\"S\u00f6\u011f\u00fct\u00f6z\u00fc Mah. Dumlup\u0131nar Bulvar\u0131 , Next level Avm, No:3\/A\/10\"\n\t\t\t><\/iframe>\n\t\t<\/div>\n\t\t\t\t<\/div>\n\t\t\t\t<\/div>\n\t\t\t\t\t<\/div>\n\t\t<\/div>\n\t\t\t\t<div class=\"elementor-column elementor-col-50 elementor-top-column elementor-element elementor-element-5be7eb2\" data-id=\"5be7eb2\" data-element_type=\"column\" data-settings=\"{&quot;background_background&quot;:&quot;classic&quot;}\">\n\t\t\t<div class=\"elementor-widget-wrap elementor-element-populated\">\n\t\t\t\t\t\t\t\t<div class=\"elementor-element elementor-element-252281a elementor-widget elementor-widget-heading\" data-id=\"252281a\" data-element_type=\"widget\" data-widget_type=\"heading.default\">\n\t\t\t\t<div class=\"elementor-widget-container\">\n\t\t\t<h2 class=\"elementor-heading-title elementor-size-default\">\u0130leti\u015fim Bilgileri<\/h2>\t\t<\/div>\n\t\t\t\t<\/div>\n\t\t\t\t<div class=\"elementor-element elementor-element-4f9f0b5 elementor-widget elementor-widget-text-editor\" data-id=\"4f9f0b5\" data-element_type=\"widget\" data-widget_type=\"text-editor.default\">\n\t\t\t\t<div class=\"elementor-widget-container\">\n\t\t\t\t\t\t\t<div class=\"contact-info-item\"><h3 class=\"column-title no-border text-white\">Adres<\/h3><p>S\u00f6\u011f\u00fct\u00f6z\u00fc Mah. Dumlup\u0131nar Bulvar\u0131 , Next level Avm, No:3\/A\/10<\/p><\/div><div class=\"contact-info-item\"><h3 class=\"column-title no-border text-white\">Telefon:<\/h3><p>05352987646 &#8211; 0312 945 3657<\/p><\/div><div class=\"contact-info-item\"><h3 class=\"column-title no-border text-white\">Mail:\u00a0<\/h3><p>enyakinteknikservis@gmail.com<\/p><\/div>\t\t\t\t\t\t<\/div>\n\t\t\t\t<\/div>\n\t\t\t\t\t<\/div>\n\t\t<\/div>\n\t\t\t\t\t\t\t<\/div>\n\t\t<\/section>\n\t\t\t\t<section class=\"elementor-section elementor-top-section elementor-element elementor-element-10bcbb9 elementor-section-boxed elementor-section-height-default elementor-section-height-default\" data-id=\"10bcbb9\" data-element_type=\"section\">\n\t\t\t\t\t\t<div class=\"elementor-container elementor-column-gap-default\">\n\t\t\t\t\t<div class=\"elementor-column elementor-col-50 elementor-top-column elementor-element elementor-element-1c9211f\" data-id=\"1c9211f\" data-element_type=\"column\">\n\t\t\t<div class=\"elementor-widget-wrap elementor-element-populated\">\n\t\t\t\t\t\t\t\t<div class=\"elementor-element elementor-element-6f304a2 elementor-widget elementor-widget-autrics-title\" data-id=\"6f304a2\" data-element_type=\"widget\" data-widget_type=\"autrics-title.default\">\n\t\t\t\t<div class=\"elementor-widget-container\">\n\t\t\t              <div class=\"title-section-area\">\n\t           <h2 class=\"section-title\">\n                  \u0130leti\u015fim Formu\t\t\t   <\/h2>\n      <\/div><!-- Section title -->\t\t\n       \n      \n    \t\t<\/div>\n\t\t\t\t<\/div>\n\t\t\t\t<div class=\"elementor-element elementor-element-10616d6 elementor-widget elementor-widget-shortcode\" data-id=\"10616d6\" data-element_type=\"widget\" data-widget_type=\"shortcode.default\">\n\t\t\t\t<div class=\"elementor-widget-container\">\n\t\t\t\t\t<div class=\"elementor-shortcode\">\n<div class=\"wpcf7 no-js\" id=\"wpcf7-f1537-o1\" lang=\"en-US\" dir=\"ltr\">\n<div class=\"screen-reader-response\"><p role=\"status\" aria-live=\"polite\" aria-atomic=\"true\"><\/p> <ul><\/ul><\/div>\n<form action=\"\/index.php?rest_route=%2Fwp%2Fv2%2Fpages%2F72#wpcf7-f1537-o1\" method=\"post\" class=\"wpcf7-form init\" aria-label=\"Contact form\" novalidate=\"novalidate\" data-status=\"init\">\n<div style=\"display: none;\">\n<input type=\"hidden\" name=\"_wpcf7\" value=\"1537\" \/>\n<input type=\"hidden\" name=\"_wpcf7_version\" value=\"5.8\" \/>\n<input type=\"hidden\" name=\"_wpcf7_locale\" value=\"en_US\" \/>\n<input type=\"hidden\" name=\"_wpcf7_unit_tag\" value=\"wpcf7-f1537-o1\" \/>\n<input type=\"hidden\" name=\"_wpcf7_container_post\" value=\"0\" \/>\n<input type=\"hidden\" name=\"_wpcf7_posted_data_hash\" value=\"\" \/>\n<\/div>\n<div class=\"contact-us\">\n\t<div class=\"contactMe ts-main-form\">\n\t\t<div class=\"form-row\">\n\t\t\t<div class=\"col-lg-6\">\n\t\t\t\t<p><span class=\"wpcf7-form-control-wrap\" data-name=\"text-255\"><input size=\"40\" class=\"wpcf7-form-control wpcf7-text field\" aria-invalid=\"false\" placeholder=\"\u0130sim-Soyisim\" value=\"\" type=\"text\" name=\"text-255\" \/><\/span>\n\t\t\t\t<\/p>\n\t\t\t<\/div>\n\t\t\t<div class=\"col-lg-6\">\n\t\t\t\t<p><span class=\"wpcf7-form-control-wrap\" data-name=\"tel-348\"><input size=\"40\" class=\"wpcf7-form-control wpcf7-tel wpcf7-validates-as-required wpcf7-text wpcf7-validates-as-tel field\" aria-required=\"true\" aria-invalid=\"false\" placeholder=\"Telefon Numaras\u0131\" value=\"\" type=\"tel\" name=\"tel-348\" \/><\/span>\n\t\t\t\t<\/p>\n\t\t\t<\/div>\n\t\t<\/div>\n\t\t<div class=\"form-row\">\n\t\t\t<div class=\"col-md-6\">\n\t\t\t\t<p><span class=\"wpcf7-form-control-wrap\" data-name=\"email-540\"><input size=\"40\" class=\"wpcf7-form-control wpcf7-email wpcf7-validates-as-required wpcf7-text wpcf7-validates-as-email field\" aria-required=\"true\" aria-invalid=\"false\" placeholder=\"E-mail\" value=\"\" type=\"email\" name=\"email-540\" \/><\/span>\n\t\t\t\t<\/p>\n\t\t\t<\/div>\n\t\t\t<div class=\"col-md-6 select-item\">\n\t\t\t\t<p>[select menu-465 class:field \"Elektrik Tadilatlar\u0131\" and \"Tadilat Hizmetleri\"]\n\t\t\t\t<\/p>\n\t\t\t<\/div>\n\t\t<\/div>\n\t\t<div class=\"form-row\">\n\t\t\t<div class=\"col-md-12\">\n\t\t\t\t<p><span class=\"wpcf7-form-control-wrap\" data-name=\"textarea-406\"><textarea cols=\"40\" rows=\"10\" class=\"wpcf7-form-control wpcf7-textarea wpcf7-validates-as-required field\" aria-required=\"true\" aria-invalid=\"false\" placeholder=\"Mesaj\" name=\"textarea-406\"><\/textarea><\/span>\n\t\t\t\t<\/p>\n\t\t\t<\/div>\n\t\t<\/div>\n\t\t<div class=\"btn-after pull-right\">\n\t\t\t<p><input class=\"wpcf7-form-control wpcf7-submit has-spinner btn btn-primary\" type=\"submit\" value=\"G\u00f6nder\" \/>\n\t\t\t<\/p>\n\t\t<\/div>\n\t\t<div class=\"clearfix\">\n\t\t<\/div>\n\t<\/div>\n<\/div><div class=\"wpcf7-response-output\" aria-hidden=\"true\"><\/div>\n<\/form>\n<\/div>\n<\/div>\n\t\t\t\t<\/div>\n\t\t\t\t<\/div>\n\t\t\t\t\t<\/div>\n\t\t<\/div>\n\t\t\t\t<div class=\"elementor-column elementor-col-50 elementor-top-column elementor-element elementor-element-c172b3e\" data-id=\"c172b3e\" data-element_type=\"column\">\n\t\t\t<div class=\"elementor-widget-wrap elementor-element-populated\">\n\t\t\t\t\t\t\t\t<section class=\"elementor-section elementor-inner-section elementor-element elementor-element-1e63f36 elementor-section-boxed elementor-section-height-default elementor-section-height-default\" data-id=\"1e63f36\" data-element_type=\"section\">\n\t\t\t\t\t\t<div class=\"elementor-container elementor-column-gap-default\">\n\t\t\t\t\t<div class=\"elementor-column elementor-col-100 elementor-inner-column elementor-element elementor-element-c23a20c\" data-id=\"c23a20c\" data-element_type=\"column\">\n\t\t\t<div class=\"elementor-widget-wrap elementor-element-populated\">\n\t\t\t\t\t\t\t\t<div class=\"elementor-element elementor-element-408d853 elementor-widget elementor-widget-autrics-title\" data-id=\"408d853\" data-element_type=\"widget\" data-widget_type=\"autrics-title.default\">\n\t\t\t\t<div class=\"elementor-widget-container\">\n\t\t\t               <div class=\"title-section-area title-border-none\">\n            <h3 class=\"section-title\"> \n               \u00c7al\u0131\u015fma Saatleri            <\/h3>\n         <\/div><!-- Section title -->\t\t\n     \n      \n    \t\t<\/div>\n\t\t\t\t<\/div>\n\t\t\t\t<div class=\"elementor-element elementor-element-04f61f0 weeklay-schedule elementor-widget elementor-widget-autrics-intro-contact\" data-id=\"04f61f0\" data-element_type=\"widget\" data-widget_type=\"autrics-intro-contact.default\">\n\t\t\t\t<div class=\"elementor-widget-container\">\n\t\t\t      <div class=\"ts-intro-wrapper ts-intro-contact-list\">\n         <div class=\"intro-content\">\n               <ul>\n                                         <li>\n                        <span> Pazartesi <\/span>\n                        <p class=\"intro-info\"> 09:00 - 18:00<\/p>\n                     <\/li>\n                                     <li>\n                        <span> Sal\u0131 <\/span>\n                        <p class=\"intro-info\"> 09:00 - 18:00<\/p>\n                     <\/li>\n                                     <li>\n                        <span> \u00c7ar\u015famba <\/span>\n                        <p class=\"intro-info\"> 09:00 - 18:00<\/p>\n                     <\/li>\n                                     <li>\n                        <span> Per\u015fembe <\/span>\n                        <p class=\"intro-info\"> 09:00 - 18:00<\/p>\n                     <\/li>\n                                     <li>\n                        <span> Cuma <\/span>\n                        <p class=\"intro-info\"> 09:00 - 18:00<\/p>\n                     <\/li>\n                                     <li>\n                        <span> Cumartesi <\/span>\n                        <p class=\"intro-info\"> 09:00 - 18:00<\/p>\n                     <\/li>\n                               <\/ul><!-- Ul List -->\n         <\/div>\n                  <i class=\"icon icon-tie\"><\/i>\n               <\/div>\n \n   \t\t<\/div>\n\t\t\t\t<\/div>\n\t\t\t\t\t<\/div>\n\t\t<\/div>\n\t\t\t\t\t\t\t<\/div>\n\t\t<\/section>\n\t\t\t\t<section class=\"elementor-section elementor-inner-section elementor-element elementor-element-7359ec9 elementor-section-boxed elementor-section-height-default elementor-section-height-default\" data-id=\"7359ec9\" data-element_type=\"section\">\n\t\t\t\t\t\t<div class=\"elementor-container elementor-column-gap-default\">\n\t\t\t\t\t<div class=\"elementor-column elementor-col-100 elementor-inner-column elementor-element elementor-element-1376f54\" data-id=\"1376f54\" data-element_type=\"column\" data-settings=\"{&quot;background_background&quot;:&quot;classic&quot;}\">\n\t\t\t<div class=\"elementor-widget-wrap elementor-element-populated\">\n\t\t\t\t\t\t\t\t<div class=\"elementor-element elementor-element-d6b2661 elementor-widget elementor-widget-autrics-title\" data-id=\"d6b2661\" data-element_type=\"widget\" data-widget_type=\"autrics-title.default\">\n\t\t\t\t<div class=\"elementor-widget-container\">\n\t\t\t               <div class=\"title-section-area title-border-none\">\n            <h3 class=\"section-title\"> \n               Bizi Takip Edin!            <\/h3>\n         <\/div><!-- Section title -->\t\t\n     \n      \n    \t\t<\/div>\n\t\t\t\t<\/div>\n\t\t\t\t<div class=\"elementor-element elementor-element-13a0826 elementor-shape-circle e-grid-align-left elementor-grid-0 elementor-widget elementor-widget-social-icons\" data-id=\"13a0826\" data-element_type=\"widget\" data-widget_type=\"social-icons.default\">\n\t\t\t\t<div class=\"elementor-widget-container\">\n\t\t\t\t\t<div class=\"elementor-social-icons-wrapper elementor-grid\">\n\t\t\t\t\t\t\t<span class=\"elementor-grid-item\">\n\t\t\t\t\t<a class=\"elementor-icon elementor-social-icon elementor-social-icon-facebook elementor-repeater-item-32ff121\" target=\"_blank\">\n\t\t\t\t\t\t<span class=\"elementor-screen-only\">Facebook<\/span>\n\t\t\t\t\t\t\t\t\t\t\t\t\t<i class=\"fa fa-facebook\"><\/i>\n\t\t\t\t\t\t\t\t\t\t\t<\/a>\n\t\t\t\t<\/span>\n\t\t\t\t\t\t\t<span class=\"elementor-grid-item\">\n\t\t\t\t\t<a class=\"elementor-icon elementor-social-icon elementor-social-icon-twitter elementor-repeater-item-898c1d5\" target=\"_blank\">\n\t\t\t\t\t\t<span class=\"elementor-screen-only\">Twitter<\/span>\n\t\t\t\t\t\t\t\t\t\t\t\t\t<i class=\"fa fa-twitter\"><\/i>\n\t\t\t\t\t\t\t\t\t\t\t<\/a>\n\t\t\t\t<\/span>\n\t\t\t\t\t\t\t<span class=\"elementor-grid-item\">\n\t\t\t\t\t<a class=\"elementor-icon elementor-social-icon elementor-social-icon-google-plus elementor-repeater-item-1a1c0d4\" target=\"_blank\">\n\t\t\t\t\t\t<span class=\"elementor-screen-only\">Google-plus<\/span>\n\t\t\t\t\t\t\t\t\t\t\t\t\t<i class=\"fa fa-google-plus\"><\/i>\n\t\t\t\t\t\t\t\t\t\t\t<\/a>\n\t\t\t\t<\/span>\n\t\t\t\t\t\t\t<span class=\"elementor-grid-item\">\n\t\t\t\t\t<a class=\"elementor-icon elementor-social-icon elementor-social-icon-jsfiddle elementor-repeater-item-52a09da\" target=\"_blank\">\n\t\t\t\t\t\t<span class=\"elementor-screen-only\">Jsfiddle<\/span>\n\t\t\t\t\t\t\t\t\t\t\t\t\t<i class=\"fa fa-jsfiddle\"><\/i>\n\t\t\t\t\t\t\t\t\t\t\t<\/a>\n\t\t\t\t<\/span>\n\t\t\t\t\t\t\t<span class=\"elementor-grid-item\">\n\t\t\t\t\t<a class=\"elementor-icon elementor-social-icon elementor-social-icon-linkedin elementor-repeater-item-f864db7\" href=\"#\" target=\"_blank\">\n\t\t\t\t\t\t<span class=\"elementor-screen-only\">Linkedin<\/span>\n\t\t\t\t\t\t\t\t\t\t\t\t\t<i class=\"fa fa-linkedin\"><\/i>\n\t\t\t\t\t\t\t\t\t\t\t<\/a>\n\t\t\t\t<\/span>\n\t\t\t\t\t<\/div>\n\t\t\t\t<\/div>\n\t\t\t\t<\/div>\n\t\t\t\t\t<\/div>\n\t\t<\/div>\n\t\t\t\t\t\t\t<\/div>\n\t\t<\/section>\n\t\t\t\t\t<\/div>\n\t\t<\/div>\n\t\t\t\t\t\t\t<\/div>\n\t\t<\/section>\n\t\t\t\t<section class=\"elementor-section elementor-top-section elementor-element elementor-element-add3a81 elementor-section-boxed elementor-section-height-default elementor-section-height-default\" data-id=\"add3a81\" data-element_type=\"section\">\n\t\t\t\t\t\t<div class=\"elementor-container elementor-column-gap-default\">\n\t\t\t\t\t<div class=\"elementor-column elementor-col-100 elementor-top-column elementor-element elementor-element-98c4104\" data-id=\"98c4104\" data-element_type=\"column\">\n\t\t\t<div class=\"elementor-widget-wrap elementor-element-populated\">\n\t\t\t\t\t\t\t\t<div class=\"elementor-element elementor-element-99edabc elementor-widget elementor-widget-spacer\" data-id=\"99edabc\" data-element_type=\"widget\" data-widget_type=\"spacer.default\">\n\t\t\t\t<div class=\"elementor-widget-container\">\n\t\t\t\t\t<div class=\"elementor-spacer\">\n\t\t\t<div class=\"elementor-spacer-inner\"><\/div>\n\t\t<\/div>\n\t\t\t\t<\/div>\n\t\t\t\t<\/div>\n\t\t\t\t\t<\/div>\n\t\t<\/div>\n\t\t\t\t\t\t\t<\/div>\n\t\t<\/section>\n\t\t\t\t<section class=\"elementor-section elementor-top-section elementor-element elementor-element-584e392 elementor-section-boxed elementor-section-height-default elementor-section-height-default\" data-id=\"584e392\" data-element_type=\"section\">\n\t\t\t\t\t\t<div class=\"elementor-container elementor-column-gap-default\">\n\t\t\t\t\t<div class=\"elementor-column elementor-col-100 elementor-top-column elementor-element elementor-element-0899c81\" data-id=\"0899c81\" data-element_type=\"column\">\n\t\t\t<div class=\"elementor-widget-wrap elementor-element-populated\">\n\t\t\t\t\t\t\t\t<div class=\"elementor-element elementor-element-1675135 elementor-widget elementor-widget-autrics-process\" data-id=\"1675135\" data-element_type=\"widget\" data-widget_type=\"autrics-process.default\">\n\t\t\t\t<div class=\"elementor-widget-container\">\n\t\t\t      \t    \t\n         \n\t\t<div class=\"row footer-top\">\n               <div class=\"col-md-4 footer-box\">\n                  <i class=\"icon icon-map-marker\"><\/i>\n                  <div class=\"footer-box-content\">\n                     <h3>Adres<\/h3>\n                     <p>S\u00f6\u011f\u00fct\u00f6z\u00fc Mah. Dumlup\u0131nar Bulvar\u0131 , Next level Avm, No:3\/A\/10<\/p>\n                  <\/div>\n\t\t\t\t  <span class=\"angle-shap\"><\/span>\n               <\/div><!-- Box 1 end-->\n\t\t\t   <div class=\"col-md-4 footer-box\">\n                  <i class=\"icon icon-phone1\"><\/i>\n                  <div class=\"footer-box-content\">\n                     <h3>Telefon<\/h3>\n                     <p>05352987646 - 0312 945 36 57<\/p>\n                  <\/div>\n\t\t\t\t  <span class=\"angle-shap\"><\/span>\n\t\t\t\n               <\/div><!-- Box 1 end-->\n\t\t\t   <div class=\"col-md-4 footer-box\">\n                  <i class=\"icon icon-envelope1\"><\/i>\n                  <div class=\"footer-box-content\">\n                     <h3>Mail<\/h3>\n                     <p>enyakinteknikservis@gmail.com<\/p>\n                  <\/div>\n               <\/div><!-- Box 1 end-->\n         <\/div><!-- Content row end--> \n\n\t          \n     \t\t<\/div>\n\t\t\t\t<\/div>\n\t\t\t\t\t<\/div>\n\t\t<\/div>\n\t\t\t\t\t\t\t<\/div>\n\t\t<\/section>\n\t\t\t\t<section class=\"elementor-section elementor-top-section elementor-element elementor-element-50ac817 elementor-section-boxed elementor-section-height-default elementor-section-height-default\" data-id=\"50ac817\" data-element_type=\"section\">\n\t\t\t\t\t\t<div class=\"elementor-container elementor-column-gap-default\">\n\t\t\t\t\t<div class=\"elementor-column elementor-col-100 elementor-top-column elementor-element elementor-element-97be34b\" data-id=\"97be34b\" data-element_type=\"column\">\n\t\t\t<div class=\"elementor-widget-wrap\">\n\t\t\t\t\t\t\t\t\t<\/div>\n\t\t<\/div>\n\t\t\t\t\t\t\t<\/div>\n\t\t<\/section>\n\t\t\t\t<section class=\"elementor-section elementor-top-section elementor-element elementor-element-bbd7f0f elementor-section-boxed elementor-section-height-default elementor-section-height-default\" data-id=\"bbd7f0f\" data-element_type=\"section\">\n\t\t\t\t\t\t<div class=\"elementor-container elementor-column-gap-default\">\n\t\t\t\t\t<div class=\"elementor-column elementor-col-100 elementor-top-column elementor-element elementor-element-d1e827f\" data-id=\"d1e827f\" data-element_type=\"column\">\n\t\t\t<div class=\"elementor-widget-wrap elementor-element-populated\">\n\t\t\t\t\t\t\t\t<div class=\"elementor-element elementor-element-ca6976b elementor-widget elementor-widget-spacer\" data-id=\"ca6976b\" data-element_type=\"widget\" data-widget_type=\"spacer.default\">\n\t\t\t\t<div class=\"elementor-widget-container\">\n\t\t\t\t\t<div class=\"elementor-spacer\">\n\t\t\t<div class=\"elementor-spacer-inner\"><\/div>\n\t\t<\/div>\n\t\t\t\t<\/div>\n\t\t\t\t<\/div>\n\t\t\t\t\t<\/div>\n\t\t<\/div>\n\t\t\t\t\t\t\t<\/div>\n\t\t<\/section>\n\t\t\t\t\t\t\t<\/div>\n\t\t","protected":false},"excerpt":{"rendered":"<p>\u0130leti\u015fim Bilgileri Adres S\u00f6\u011f\u00fct\u00f6z\u00fc Mah. Dumlup\u0131nar Bulvar\u0131 , Next level Avm, No:3\/A\/10 Telefon: 05352987646 &#8211; 0312 945 3657 Mail:\u00a0 enyakinteknikservis@gmail.com \u0130leti\u015fim Formu \u00c7al\u0131\u015fma Saatleri Pazartesi 09:00 &#8211; 18:00 Sal\u0131 09:00 &#8211; 18:00 \u00c7ar\u015famba 09:00 &#8211; 18:00 Per\u015fembe 09:00 &#8211; 18:00 Cuma 09:00 &#8211; 18:00 Cumartesi 09:00 &#8211; 18:00 Bizi Takip Edin! Facebook Twitter Google-plus Jsfiddle [&hellip;]<\/p>\n","protected":false},"author":1,"featured_media":0,"parent":0,"menu_order":0,"comment_status":"closed","ping_status":"closed","template":"template\/full-width-template.php","meta":{"footnotes":""},"_links":{"self":[{"href":"https:\/\/ankaraenyakinelektrikci.com\/index.php?rest_route=\/wp\/v2\/pages\/72"}],"collection":[{"href":"https:\/\/ankaraenyakinelektrikci.com\/index.php?rest_route=\/wp\/v2\/pages"}],"about":[{"href":"https:\/\/ankaraenyakinelektrikci.com\/index.php?rest_route=\/wp\/v2\/types\/page"}],"author":[{"embeddable":true,"href":"https:\/\/ankaraenyakinelektrikci.com\/index.php?rest_route=\/wp\/v2\/users\/1"}],"replies":[{"embeddable":true,"href":"https:\/\/ankaraenyakinelektrikci.com\/index.php?rest_route=%2Fwp%2Fv2%2Fcomments&post=72"}],"version-history":[{"count":32,"href":"https:\/\/ankaraenyakinelektrikci.com\/index.php?rest_route=\/wp\/v2\/pages\/72\/revisions"}],"predecessor-version":[{"id":2988,"href":"https:\/\/ankaraenyakinelektrikci.com\/index.php?rest_route=\/wp\/v2\/pages\/72\/revisions\/2988"}],"wp:attachment":[{"href":"https:\/\/ankaraenyakinelektrikci.com\/index.php?rest_route=%2Fwp%2Fv2%2Fmedia&parent=72"}],"curies":[{"name":"wp","href":"https:\/\/api.w.org\/{rel}","templated":true}]}}